{"id":7428,"date":"2018-05-21T11:10:51","date_gmt":"2018-05-21T09:10:51","guid":{"rendered":"https:\/\/www.noclegowo.pl\/przewodnik\/?page_id=7428"},"modified":"2023-10-06T12:52:46","modified_gmt":"2023-10-06T10:52:46","slug":"patronat-medialny","status":"publish","type":"page","link":"https:\/\/www.noclegowo.pl\/przewodnik\/patronat-medialny\/","title":{"rendered":"Patronat medialny"},"content":{"rendered":"\n<h3 class=\"wp-block-heading\">Co daje patronat medialny?<\/h3>\n\n\n\n<p>Jeste\u015b organizatorem wydarzenia, a mo\u017ce w\u0142a\u015bcicielem atrakcji albo prowadzisz bloga lub ciekawy portal?<br>Wa\u017cne, \u017ce mo\u017cesz zainteresowa\u0107 u\u017cytkownik\u00f3w Noclegowo! Napisz do nas, a ustalimy szczeg\u00f3\u0142y naszej wsp\u00f3\u0142pracy.<\/p>\n\n\n\n<p>Nasi odbiorcy to przede wszystkim osoby planuj\u0105ce wypoczynek w Polsce. Nie tylko szukaj\u0105 noclegu, ale tak\u017ce okolicznych atrakcji, ciekawych wydarze\u0144, kt\u00f3re warto odwiedzi\u0107 podczas pobytu. Dzi\u0119ki temu mog\u0105 oni kompleksowo zaplanowa\u0107 swoj\u0105 podr\u00f3\u017c. Gdzie b\u0119dziemy promowa\u0107 Twoj\u0105 inicjatyw\u0119?<\/p>\n\n\n\n<p>B\u0119dziemy promowa\u0107 j\u0105 na stronie Noclegowo.pl, kt\u00f3r\u0105 odwiedza \u0142\u0105cznie ponad milion u\u017cytkownik\u00f3w miesi\u0119cznie oraz na prowadzonych przez nas kana\u0142ach social media &#8211; Facebooku oraz Instagramie.<\/p>\n\n\n\n<h3 class=\"wp-block-heading\">Wydarzenia<\/h3>\n\n\n\n<p>Wy\u015blij nam dok\u0142adny opis wydarzenia, na podstawie kt\u00f3rego b\u0119dziemy mogli stworzy\u0107 artyku\u0142, posty dla naszych u\u017cytkownik\u00f3w. Takie materia\u0142y b\u0119dziemy promowa\u0107 w ci\u0105gu ca\u0142ej naszej wsp\u00f3\u0142pracy. Dodamy r\u00f3wnie\u017c je na podstronie ciekawych wydarze\u0144 w portalu Noclegowo.<\/p>\n\n\n\n<h3 class=\"wp-block-heading\">Blogi i portale turystyczne<\/h3>\n\n\n\n<p>Napisz artyku\u0142, w kt\u00f3rym opiszesz np. swoje do\u015bwiadczenia zwi\u0105zane z turystyk\u0105 lub przydatne wskaz\u00f3wki, kt\u00f3re mog\u0105 przyda\u0107 si\u0119 u\u017cytkownikom Noclegowo. Za\u0142\u0105cz linki do swojego bloga\/ portalu a my umie\u015bcimy wpis na naszym przewodniku i wypromujemy go za pomoc\u0105 dost\u0119pnych kana\u0142\u00f3w.<\/p>\n\n\n\n<h3 class=\"wp-block-heading\">Atrakcje<\/h3>\n\n\n\n<p>Powiedz nam, czemu warto odwiedzi\u0107 to miejsce? Wypisz nam jego zalety, kr\u00f3tki opis. Du\u017ca liczba odwiedzin Noclegowo na frazy zwi\u0105zane z atrakcjami sprawi, \u017ce Twoje miejsce przyci\u0105gnie wi\u0119cej turyst\u00f3w. Poinformujemy o nim na naszym blogu, social mediach. Niech si\u0119 dowiedz\u0105!<\/p>\n\n\n\n<h3 class=\"wp-block-heading\">Zaufali nam:<\/h3>\n\n\n\n<figure class=\"wp-block-image size-large\"><img decoding=\"async\" loading=\"lazy\" width=\"1024\" height=\"581\" src=\"https:\/\/www.noclegowo.pl\/przewodnik\/wp-content\/uploads\/patronat2023v2-1024x581.png\" alt=\"\" class=\"wp-image-19550\" srcset=\"https:\/\/www.noclegowo.pl\/przewodnik\/wp-content\/uploads\/patronat2023v2-1024x581.png 1024w, https:\/\/www.noclegowo.pl\/przewodnik\/wp-content\/uploads\/patronat2023v2-300x170.png 300w, https:\/\/www.noclegowo.pl\/przewodnik\/wp-content\/uploads\/patronat2023v2-150x85.png 150w, https:\/\/www.noclegowo.pl\/przewodnik\/wp-content\/uploads\/patronat2023v2-768x435.png 768w, https:\/\/www.noclegowo.pl\/przewodnik\/wp-content\/uploads\/patronat2023v2-1536x871.png 1536w, https:\/\/www.noclegowo.pl\/przewodnik\/wp-content\/uploads\/patronat2023v2-600x340.png 600w, https:\/\/www.noclegowo.pl\/przewodnik\/wp-content\/uploads\/patronat2023v2.png 2018w\" sizes=\"(max-width: 1024px) 100vw, 1024px\" \/><\/figure>\n","protected":false},"excerpt":{"rendered":"<p>Co daje patronat medialny? Jeste\u015b organizatorem wydarzenia, a mo\u017ce w\u0142a\u015bcicielem atrakcji albo prowadzisz bloga lub ciekawy portal?Wa\u017cne, \u017ce mo\u017cesz zainteresowa\u0107 u\u017cytkownik\u00f3w Noclegowo! Napisz do nas, a ustalimy szczeg\u00f3\u0142y naszej wsp\u00f3\u0142pracy. Nasi odbiorcy to przede wszystkim osoby planuj\u0105ce wypoczynek w Polsce. Nie tylko szukaj\u0105 noclegu, ale tak\u017ce okolicznych atrakcji, ciekawych wydarze\u0144, kt\u00f3re warto odwiedzi\u0107 podczas pobytu&#8230;.<a class=\"excerpt-read-more\" href=\"https:\/\/www.noclegowo.pl\/przewodnik\/patronat-medialny\/\" title=\"Read Patronat medialny\">read more<\/a><\/p>\n","protected":false},"author":21,"featured_media":0,"parent":0,"menu_order":0,"comment_status":"closed","ping_status":"closed","template":"template-fullwidth.php","meta":[],"yoast_head":"<!-- This site is optimized with the Yoast SEO plugin v17.8 - https:\/\/yoast.com\/wordpress\/plugins\/seo\/ -->\n<title>Patronat medialny - Blog Noclegowo\u00ae<\/title>\n<meta name=\"robots\" content=\"index, follow, max-snippet:-1, max-image-preview:large, max-video-preview:-1\" \/>\n<link rel=\"canonical\" href=\"https:\/\/www.noclegowo.pl\/przewodnik\/patronat-medialny\/\" \/>\n<meta property=\"og:locale\" content=\"pl_PL\" \/>\n<meta property=\"og:type\" content=\"article\" \/>\n<meta property=\"og:title\" content=\"Patronat medialny - Blog Noclegowo\u00ae\" \/>\n<meta property=\"og:description\" content=\"Co daje patronat medialny? Jeste\u015b organizatorem wydarzenia, a mo\u017ce w\u0142a\u015bcicielem atrakcji albo prowadzisz bloga lub ciekawy portal?Wa\u017cne, \u017ce mo\u017cesz zainteresowa\u0107 u\u017cytkownik\u00f3w Noclegowo! Napisz do nas, a ustalimy szczeg\u00f3\u0142y naszej wsp\u00f3\u0142pracy. Nasi odbiorcy to przede wszystkim osoby planuj\u0105ce wypoczynek w Polsce. Nie tylko szukaj\u0105 noclegu, ale tak\u017ce okolicznych atrakcji, ciekawych wydarze\u0144, kt\u00f3re warto odwiedzi\u0107 podczas pobytu....read more\" \/>\n<meta property=\"og:url\" content=\"https:\/\/www.noclegowo.pl\/przewodnik\/patronat-medialny\/\" \/>\n<meta property=\"og:site_name\" content=\"Blog Noclegowo\u00ae\" \/>\n<meta property=\"article:publisher\" content=\"https:\/\/www.facebook.com\/Noclegowo\/\" \/>\n<meta property=\"article:modified_time\" content=\"2023-10-06T10:52:46+00:00\" \/>\n<meta property=\"og:image\" content=\"https:\/\/www.noclegowo.pl\/przewodnik\/wp-content\/uploads\/patronat2023v2-1024x581.png\" \/>\n<meta name=\"twitter:card\" content=\"summary_large_image\" \/>\n<meta name=\"twitter:label1\" content=\"Est. reading time\" \/>\n\t<meta name=\"twitter:data1\" content=\"2 minuty\" \/>\n<script type=\"application\/ld+json\" class=\"yoast-schema-graph\">{\"@context\":\"https:\/\/schema.org\",\"@graph\":[{\"@type\":\"Organization\",\"@id\":\"https:\/\/www.noclegowo.pl\/przewodnik\/#organization\",\"name\":\"Noclegowo\",\"url\":\"https:\/\/www.noclegowo.pl\/przewodnik\/\",\"sameAs\":[\"https:\/\/www.facebook.com\/Noclegowo\/\"],\"logo\":{\"@type\":\"ImageObject\",\"@id\":\"https:\/\/www.noclegowo.pl\/przewodnik\/#logo\",\"inLanguage\":\"pl-PL\",\"url\":\"https:\/\/www.noclegowo.pl\/przewodnik\/wp-content\/uploads\/2018\/05\/LOGO-GREEN.jpg\",\"contentUrl\":\"https:\/\/www.noclegowo.pl\/przewodnik\/wp-content\/uploads\/2018\/05\/LOGO-GREEN.jpg\",\"width\":1028,\"height\":320,\"caption\":\"Noclegowo\"},\"image\":{\"@id\":\"https:\/\/www.noclegowo.pl\/przewodnik\/#logo\"}},{\"@type\":\"WebSite\",\"@id\":\"https:\/\/www.noclegowo.pl\/przewodnik\/#website\",\"url\":\"https:\/\/www.noclegowo.pl\/przewodnik\/\",\"name\":\"Blog Noclegowo\\u00ae\",\"description\":\"Przewodniki turystyczne, porady dla wynajmuj\\u0105cych\",\"publisher\":{\"@id\":\"https:\/\/www.noclegowo.pl\/przewodnik\/#organization\"},\"potentialAction\":[{\"@type\":\"SearchAction\",\"target\":{\"@type\":\"EntryPoint\",\"urlTemplate\":\"https:\/\/www.noclegowo.pl\/przewodnik\/?s={search_term_string}\"},\"query-input\":\"required name=search_term_string\"}],\"inLanguage\":\"pl-PL\"},{\"@type\":\"ImageObject\",\"@id\":\"https:\/\/www.noclegowo.pl\/przewodnik\/patronat-medialny\/#primaryimage\",\"inLanguage\":\"pl-PL\",\"url\":\"https:\/\/www.noclegowo.pl\/przewodnik\/wp-content\/uploads\/patronat2023v2.png\",\"contentUrl\":\"https:\/\/www.noclegowo.pl\/przewodnik\/wp-content\/uploads\/patronat2023v2.png\",\"width\":2018,\"height\":1144},{\"@type\":\"WebPage\",\"@id\":\"https:\/\/www.noclegowo.pl\/przewodnik\/patronat-medialny\/#webpage\",\"url\":\"https:\/\/www.noclegowo.pl\/przewodnik\/patronat-medialny\/\",\"name\":\"Patronat medialny - Blog Noclegowo\\u00ae\",\"isPartOf\":{\"@id\":\"https:\/\/www.noclegowo.pl\/przewodnik\/#website\"},\"primaryImageOfPage\":{\"@id\":\"https:\/\/www.noclegowo.pl\/przewodnik\/patronat-medialny\/#primaryimage\"},\"datePublished\":\"2018-05-21T09:10:51+00:00\",\"dateModified\":\"2023-10-06T10:52:46+00:00\",\"breadcrumb\":{\"@id\":\"https:\/\/www.noclegowo.pl\/przewodnik\/patronat-medialny\/#breadcrumb\"},\"inLanguage\":\"pl-PL\",\"potentialAction\":[{\"@type\":\"ReadAction\",\"target\":[\"https:\/\/www.noclegowo.pl\/przewodnik\/patronat-medialny\/\"]}]},{\"@type\":\"BreadcrumbList\",\"@id\":\"https:\/\/www.noclegowo.pl\/przewodnik\/patronat-medialny\/#breadcrumb\",\"itemListElement\":[{\"@type\":\"ListItem\",\"position\":1,\"name\":\"Home\",\"item\":\"https:\/\/www.noclegowo.pl\/przewodnik\/\"},{\"@type\":\"ListItem\",\"position\":2,\"name\":\"Patronat medialny\"}]}]}<\/script>\n<!-- \/ Yoast SEO plugin. -->","yoast_head_json":{"title":"Patronat medialny - Blog Noclegowo\u00ae","robots":{"index":"index","follow":"follow","max-snippet":"max-snippet:-1","max-image-preview":"max-image-preview:large","max-video-preview":"max-video-preview:-1"},"canonical":"https:\/\/www.noclegowo.pl\/przewodnik\/patronat-medialny\/","og_locale":"pl_PL","og_type":"article","og_title":"Patronat medialny - Blog Noclegowo\u00ae","og_description":"Co daje patronat medialny? Jeste\u015b organizatorem wydarzenia, a mo\u017ce w\u0142a\u015bcicielem atrakcji albo prowadzisz bloga lub ciekawy portal?Wa\u017cne, \u017ce mo\u017cesz zainteresowa\u0107 u\u017cytkownik\u00f3w Noclegowo! Napisz do nas, a ustalimy szczeg\u00f3\u0142y naszej wsp\u00f3\u0142pracy. Nasi odbiorcy to przede wszystkim osoby planuj\u0105ce wypoczynek w Polsce. Nie tylko szukaj\u0105 noclegu, ale tak\u017ce okolicznych atrakcji, ciekawych wydarze\u0144, kt\u00f3re warto odwiedzi\u0107 podczas pobytu....read more","og_url":"https:\/\/www.noclegowo.pl\/przewodnik\/patronat-medialny\/","og_site_name":"Blog Noclegowo\u00ae","article_publisher":"https:\/\/www.facebook.com\/Noclegowo\/","article_modified_time":"2023-10-06T10:52:46+00:00","og_image":[{"url":"https:\/\/www.noclegowo.pl\/przewodnik\/wp-content\/uploads\/patronat2023v2-1024x581.png"}],"twitter_card":"summary_large_image","twitter_misc":{"Est. reading time":"2 minuty"},"schema":{"@context":"https:\/\/schema.org","@graph":[{"@type":"Organization","@id":"https:\/\/www.noclegowo.pl\/przewodnik\/#organization","name":"Noclegowo","url":"https:\/\/www.noclegowo.pl\/przewodnik\/","sameAs":["https:\/\/www.facebook.com\/Noclegowo\/"],"logo":{"@type":"ImageObject","@id":"https:\/\/www.noclegowo.pl\/przewodnik\/#logo","inLanguage":"pl-PL","url":"https:\/\/www.noclegowo.pl\/przewodnik\/wp-content\/uploads\/2018\/05\/LOGO-GREEN.jpg","contentUrl":"https:\/\/www.noclegowo.pl\/przewodnik\/wp-content\/uploads\/2018\/05\/LOGO-GREEN.jpg","width":1028,"height":320,"caption":"Noclegowo"},"image":{"@id":"https:\/\/www.noclegowo.pl\/przewodnik\/#logo"}},{"@type":"WebSite","@id":"https:\/\/www.noclegowo.pl\/przewodnik\/#website","url":"https:\/\/www.noclegowo.pl\/przewodnik\/","name":"Blog Noclegowo\u00ae","description":"Przewodniki turystyczne, porady dla wynajmuj\u0105cych","publisher":{"@id":"https:\/\/www.noclegowo.pl\/przewodnik\/#organization"},"potentialAction":[{"@type":"SearchAction","target":{"@type":"EntryPoint","urlTemplate":"https:\/\/www.noclegowo.pl\/przewodnik\/?s={search_term_string}"},"query-input":"required name=search_term_string"}],"inLanguage":"pl-PL"},{"@type":"ImageObject","@id":"https:\/\/www.noclegowo.pl\/przewodnik\/patronat-medialny\/#primaryimage","inLanguage":"pl-PL","url":"https:\/\/www.noclegowo.pl\/przewodnik\/wp-content\/uploads\/patronat2023v2.png","contentUrl":"https:\/\/www.noclegowo.pl\/przewodnik\/wp-content\/uploads\/patronat2023v2.png","width":2018,"height":1144},{"@type":"WebPage","@id":"https:\/\/www.noclegowo.pl\/przewodnik\/patronat-medialny\/#webpage","url":"https:\/\/www.noclegowo.pl\/przewodnik\/patronat-medialny\/","name":"Patronat medialny - Blog Noclegowo\u00ae","isPartOf":{"@id":"https:\/\/www.noclegowo.pl\/przewodnik\/#website"},"primaryImageOfPage":{"@id":"https:\/\/www.noclegowo.pl\/przewodnik\/patronat-medialny\/#primaryimage"},"datePublished":"2018-05-21T09:10:51+00:00","dateModified":"2023-10-06T10:52:46+00:00","breadcrumb":{"@id":"https:\/\/www.noclegowo.pl\/przewodnik\/patronat-medialny\/#breadcrumb"},"inLanguage":"pl-PL","potentialAction":[{"@type":"ReadAction","target":["https:\/\/www.noclegowo.pl\/przewodnik\/patronat-medialny\/"]}]},{"@type":"BreadcrumbList","@id":"https:\/\/www.noclegowo.pl\/przewodnik\/patronat-medialny\/#breadcrumb","itemListElement":[{"@type":"ListItem","position":1,"name":"Home","item":"https:\/\/www.noclegowo.pl\/przewodnik\/"},{"@type":"ListItem","position":2,"name":"Patronat medialny"}]}]}},"_links":{"self":[{"href":"https:\/\/www.noclegowo.pl\/przewodnik\/wp-json\/wp\/v2\/pages\/7428"}],"collection":[{"href":"https:\/\/www.noclegowo.pl\/przewodnik\/wp-json\/wp\/v2\/pages"}],"about":[{"href":"https:\/\/www.noclegowo.pl\/przewodnik\/wp-json\/wp\/v2\/types\/page"}],"author":[{"embeddable":true,"href":"https:\/\/www.noclegowo.pl\/przewodnik\/wp-json\/wp\/v2\/users\/21"}],"replies":[{"embeddable":true,"href":"https:\/\/www.noclegowo.pl\/przewodnik\/wp-json\/wp\/v2\/comments?post=7428"}],"version-history":[{"count":50,"href":"https:\/\/www.noclegowo.pl\/przewodnik\/wp-json\/wp\/v2\/pages\/7428\/revisions"}],"predecessor-version":[{"id":19551,"href":"https:\/\/www.noclegowo.pl\/przewodnik\/wp-json\/wp\/v2\/pages\/7428\/revisions\/19551"}],"wp:attachment":[{"href":"https:\/\/www.noclegowo.pl\/przewodnik\/wp-json\/wp\/v2\/media?parent=7428"}],"curies":[{"name":"wp","href":"https:\/\/api.w.org\/{rel}","templated":true}]}}