{"id":19012,"date":"2022-12-20T19:47:19","date_gmt":"2022-12-20T18:47:19","guid":{"rendered":"https:\/\/www.noclegowo.pl\/przewodnik\/?page_id=19012"},"modified":"2022-12-22T12:05:44","modified_gmt":"2022-12-22T11:05:44","slug":"infolinia","status":"publish","type":"page","link":"https:\/\/www.noclegowo.pl\/przewodnik\/infolinia\/","title":{"rendered":"Infolinia"},"content":{"rendered":"\n<figure class=\"wp-block-image size-large\"><img decoding=\"async\" loading=\"lazy\" width=\"1024\" height=\"549\" src=\"https:\/\/www.noclegowo.pl\/przewodnik\/wp-content\/uploads\/contact-phone-1024x549.png\" alt=\"\" class=\"wp-image-19027\" srcset=\"https:\/\/www.noclegowo.pl\/przewodnik\/wp-content\/uploads\/contact-phone-1024x549.png 1024w, https:\/\/www.noclegowo.pl\/przewodnik\/wp-content\/uploads\/contact-phone-300x161.png 300w, https:\/\/www.noclegowo.pl\/przewodnik\/wp-content\/uploads\/contact-phone-150x80.png 150w, https:\/\/www.noclegowo.pl\/przewodnik\/wp-content\/uploads\/contact-phone-768x412.png 768w, https:\/\/www.noclegowo.pl\/przewodnik\/wp-content\/uploads\/contact-phone-600x322.png 600w, https:\/\/www.noclegowo.pl\/przewodnik\/wp-content\/uploads\/contact-phone.png 1134w\" sizes=\"(max-width: 1024px) 100vw, 1024px\" \/><\/figure>\n\n\n\n<p class=\"has-text-align-center\">Nasz infolinia jest dost\u0119pna od poniedzia\u0142ku do piatku w godzinach 10-16.<br>Aby skontaktowa\u0107 si\u0119 z nami telefonicznie, kliknij w przycisk poni\u017cej.<\/p>\n\n\n\n<div class=\"wp-block-button\" style=\"text-align:center;\"><a href=\"#\" onclick=\"ZCallbackWidget.showCallback()\" class=\"wp-block-button__link\">Zadzwo\u0144 do nas<\/a><\/div>\n\n\n\n<script type=\"text\/javascript\">var ZCallbackWidgetLinkId  = '23fd0970838335fe567b96c96cdbaf56';var ZCallbackWidgetDomain  = 'my.zadarma.com';(function(){    var lt = document.createElement('script');    lt.type ='text\/javascript';    lt.charset = 'utf-8';    lt.async = true;    lt.src = 'https:\/\/' + ZCallbackWidgetDomain + '\/callbackWidget\/js\/main.min.js';    var sc = document.getElementsByTagName('script')[0];    if (sc) sc.parentNode.insertBefore(lt, sc);    else document.documentElement.firstChild.appendChild(lt);})();<\/script>\n","protected":false},"excerpt":{"rendered":"<p>Nasz infolinia jest dost\u0119pna od poniedzia\u0142ku do piatku w godzinach 10-16.Aby skontaktowa\u0107 si\u0119 z nami telefonicznie, kliknij w przycisk poni\u017cej. Zadzwo\u0144 do nas<\/p>\n","protected":false},"author":9,"featured_media":0,"parent":0,"menu_order":0,"comment_status":"closed","ping_status":"closed","template":"","meta":[],"yoast_head":"<!-- This site is optimized with the Yoast SEO plugin v17.8 - https:\/\/yoast.com\/wordpress\/plugins\/seo\/ -->\n<title>Infolinia - Blog Noclegowo\u00ae<\/title>\n<meta name=\"robots\" content=\"index, follow, max-snippet:-1, max-image-preview:large, max-video-preview:-1\" \/>\n<link rel=\"canonical\" href=\"https:\/\/www.noclegowo.pl\/przewodnik\/infolinia\/\" \/>\n<meta property=\"og:locale\" content=\"pl_PL\" \/>\n<meta property=\"og:type\" content=\"article\" \/>\n<meta property=\"og:title\" content=\"Infolinia - Blog Noclegowo\u00ae\" \/>\n<meta property=\"og:description\" content=\"Nasz infolinia jest dost\u0119pna od poniedzia\u0142ku do piatku w godzinach 10-16.Aby skontaktowa\u0107 si\u0119 z nami telefonicznie, kliknij w przycisk poni\u017cej. Zadzwo\u0144 do nas\" \/>\n<meta property=\"og:url\" content=\"https:\/\/www.noclegowo.pl\/przewodnik\/infolinia\/\" \/>\n<meta property=\"og:site_name\" content=\"Blog Noclegowo\u00ae\" \/>\n<meta property=\"article:publisher\" content=\"https:\/\/www.facebook.com\/Noclegowo\/\" \/>\n<meta property=\"article:modified_time\" content=\"2022-12-22T11:05:44+00:00\" \/>\n<meta property=\"og:image\" content=\"https:\/\/www.noclegowo.pl\/przewodnik\/wp-content\/uploads\/introbg.jpg\" \/>\n\t<meta property=\"og:image:width\" content=\"1920\" \/>\n\t<meta property=\"og:image:height\" content=\"869\" \/>\n<meta name=\"twitter:card\" content=\"summary_large_image\" \/>\n<meta name=\"twitter:label1\" content=\"Est. reading time\" \/>\n\t<meta name=\"twitter:data1\" content=\"1 minuta\" \/>\n<script type=\"application\/ld+json\" class=\"yoast-schema-graph\">{\"@context\":\"https:\/\/schema.org\",\"@graph\":[{\"@type\":\"Organization\",\"@id\":\"https:\/\/www.noclegowo.pl\/przewodnik\/#organization\",\"name\":\"Noclegowo\",\"url\":\"https:\/\/www.noclegowo.pl\/przewodnik\/\",\"sameAs\":[\"https:\/\/www.facebook.com\/Noclegowo\/\"],\"logo\":{\"@type\":\"ImageObject\",\"@id\":\"https:\/\/www.noclegowo.pl\/przewodnik\/#logo\",\"inLanguage\":\"pl-PL\",\"url\":\"https:\/\/www.noclegowo.pl\/przewodnik\/wp-content\/uploads\/2018\/05\/LOGO-GREEN.jpg\",\"contentUrl\":\"https:\/\/www.noclegowo.pl\/przewodnik\/wp-content\/uploads\/2018\/05\/LOGO-GREEN.jpg\",\"width\":1028,\"height\":320,\"caption\":\"Noclegowo\"},\"image\":{\"@id\":\"https:\/\/www.noclegowo.pl\/przewodnik\/#logo\"}},{\"@type\":\"WebSite\",\"@id\":\"https:\/\/www.noclegowo.pl\/przewodnik\/#website\",\"url\":\"https:\/\/www.noclegowo.pl\/przewodnik\/\",\"name\":\"Blog Noclegowo\\u00ae\",\"description\":\"Przewodniki turystyczne, porady dla wynajmuj\\u0105cych\",\"publisher\":{\"@id\":\"https:\/\/www.noclegowo.pl\/przewodnik\/#organization\"},\"potentialAction\":[{\"@type\":\"SearchAction\",\"target\":{\"@type\":\"EntryPoint\",\"urlTemplate\":\"https:\/\/www.noclegowo.pl\/przewodnik\/?s={search_term_string}\"},\"query-input\":\"required name=search_term_string\"}],\"inLanguage\":\"pl-PL\"},{\"@type\":\"ImageObject\",\"@id\":\"https:\/\/www.noclegowo.pl\/przewodnik\/infolinia\/#primaryimage\",\"inLanguage\":\"pl-PL\",\"url\":\"https:\/\/www.noclegowo.pl\/przewodnik\/wp-content\/uploads\/contact-phone.png\",\"contentUrl\":\"https:\/\/www.noclegowo.pl\/przewodnik\/wp-content\/uploads\/contact-phone.png\",\"width\":1134,\"height\":608},{\"@type\":\"WebPage\",\"@id\":\"https:\/\/www.noclegowo.pl\/przewodnik\/infolinia\/#webpage\",\"url\":\"https:\/\/www.noclegowo.pl\/przewodnik\/infolinia\/\",\"name\":\"Infolinia - Blog Noclegowo\\u00ae\",\"isPartOf\":{\"@id\":\"https:\/\/www.noclegowo.pl\/przewodnik\/#website\"},\"primaryImageOfPage\":{\"@id\":\"https:\/\/www.noclegowo.pl\/przewodnik\/infolinia\/#primaryimage\"},\"datePublished\":\"2022-12-20T18:47:19+00:00\",\"dateModified\":\"2022-12-22T11:05:44+00:00\",\"breadcrumb\":{\"@id\":\"https:\/\/www.noclegowo.pl\/przewodnik\/infolinia\/#breadcrumb\"},\"inLanguage\":\"pl-PL\",\"potentialAction\":[{\"@type\":\"ReadAction\",\"target\":[\"https:\/\/www.noclegowo.pl\/przewodnik\/infolinia\/\"]}]},{\"@type\":\"BreadcrumbList\",\"@id\":\"https:\/\/www.noclegowo.pl\/przewodnik\/infolinia\/#breadcrumb\",\"itemListElement\":[{\"@type\":\"ListItem\",\"position\":1,\"name\":\"Home\",\"item\":\"https:\/\/www.noclegowo.pl\/przewodnik\/\"},{\"@type\":\"ListItem\",\"position\":2,\"name\":\"Infolinia\"}]}]}<\/script>\n<!-- \/ Yoast SEO plugin. -->","yoast_head_json":{"title":"Infolinia - Blog Noclegowo\u00ae","robots":{"index":"index","follow":"follow","max-snippet":"max-snippet:-1","max-image-preview":"max-image-preview:large","max-video-preview":"max-video-preview:-1"},"canonical":"https:\/\/www.noclegowo.pl\/przewodnik\/infolinia\/","og_locale":"pl_PL","og_type":"article","og_title":"Infolinia - Blog Noclegowo\u00ae","og_description":"Nasz infolinia jest dost\u0119pna od poniedzia\u0142ku do piatku w godzinach 10-16.Aby skontaktowa\u0107 si\u0119 z nami telefonicznie, kliknij w przycisk poni\u017cej. Zadzwo\u0144 do nas","og_url":"https:\/\/www.noclegowo.pl\/przewodnik\/infolinia\/","og_site_name":"Blog Noclegowo\u00ae","article_publisher":"https:\/\/www.facebook.com\/Noclegowo\/","article_modified_time":"2022-12-22T11:05:44+00:00","og_image":[{"width":1920,"height":869,"url":"https:\/\/www.noclegowo.pl\/przewodnik\/wp-content\/uploads\/introbg.jpg","type":"image\/jpeg"}],"twitter_card":"summary_large_image","twitter_misc":{"Est. reading time":"1 minuta"},"schema":{"@context":"https:\/\/schema.org","@graph":[{"@type":"Organization","@id":"https:\/\/www.noclegowo.pl\/przewodnik\/#organization","name":"Noclegowo","url":"https:\/\/www.noclegowo.pl\/przewodnik\/","sameAs":["https:\/\/www.facebook.com\/Noclegowo\/"],"logo":{"@type":"ImageObject","@id":"https:\/\/www.noclegowo.pl\/przewodnik\/#logo","inLanguage":"pl-PL","url":"https:\/\/www.noclegowo.pl\/przewodnik\/wp-content\/uploads\/2018\/05\/LOGO-GREEN.jpg","contentUrl":"https:\/\/www.noclegowo.pl\/przewodnik\/wp-content\/uploads\/2018\/05\/LOGO-GREEN.jpg","width":1028,"height":320,"caption":"Noclegowo"},"image":{"@id":"https:\/\/www.noclegowo.pl\/przewodnik\/#logo"}},{"@type":"WebSite","@id":"https:\/\/www.noclegowo.pl\/przewodnik\/#website","url":"https:\/\/www.noclegowo.pl\/przewodnik\/","name":"Blog Noclegowo\u00ae","description":"Przewodniki turystyczne, porady dla wynajmuj\u0105cych","publisher":{"@id":"https:\/\/www.noclegowo.pl\/przewodnik\/#organization"},"potentialAction":[{"@type":"SearchAction","target":{"@type":"EntryPoint","urlTemplate":"https:\/\/www.noclegowo.pl\/przewodnik\/?s={search_term_string}"},"query-input":"required name=search_term_string"}],"inLanguage":"pl-PL"},{"@type":"ImageObject","@id":"https:\/\/www.noclegowo.pl\/przewodnik\/infolinia\/#primaryimage","inLanguage":"pl-PL","url":"https:\/\/www.noclegowo.pl\/przewodnik\/wp-content\/uploads\/contact-phone.png","contentUrl":"https:\/\/www.noclegowo.pl\/przewodnik\/wp-content\/uploads\/contact-phone.png","width":1134,"height":608},{"@type":"WebPage","@id":"https:\/\/www.noclegowo.pl\/przewodnik\/infolinia\/#webpage","url":"https:\/\/www.noclegowo.pl\/przewodnik\/infolinia\/","name":"Infolinia - Blog Noclegowo\u00ae","isPartOf":{"@id":"https:\/\/www.noclegowo.pl\/przewodnik\/#website"},"primaryImageOfPage":{"@id":"https:\/\/www.noclegowo.pl\/przewodnik\/infolinia\/#primaryimage"},"datePublished":"2022-12-20T18:47:19+00:00","dateModified":"2022-12-22T11:05:44+00:00","breadcrumb":{"@id":"https:\/\/www.noclegowo.pl\/przewodnik\/infolinia\/#breadcrumb"},"inLanguage":"pl-PL","potentialAction":[{"@type":"ReadAction","target":["https:\/\/www.noclegowo.pl\/przewodnik\/infolinia\/"]}]},{"@type":"BreadcrumbList","@id":"https:\/\/www.noclegowo.pl\/przewodnik\/infolinia\/#breadcrumb","itemListElement":[{"@type":"ListItem","position":1,"name":"Home","item":"https:\/\/www.noclegowo.pl\/przewodnik\/"},{"@type":"ListItem","position":2,"name":"Infolinia"}]}]}},"_links":{"self":[{"href":"https:\/\/www.noclegowo.pl\/przewodnik\/wp-json\/wp\/v2\/pages\/19012"}],"collection":[{"href":"https:\/\/www.noclegowo.pl\/przewodnik\/wp-json\/wp\/v2\/pages"}],"about":[{"href":"https:\/\/www.noclegowo.pl\/przewodnik\/wp-json\/wp\/v2\/types\/page"}],"author":[{"embeddable":true,"href":"https:\/\/www.noclegowo.pl\/przewodnik\/wp-json\/wp\/v2\/users\/9"}],"replies":[{"embeddable":true,"href":"https:\/\/www.noclegowo.pl\/przewodnik\/wp-json\/wp\/v2\/comments?post=19012"}],"version-history":[{"count":10,"href":"https:\/\/www.noclegowo.pl\/przewodnik\/wp-json\/wp\/v2\/pages\/19012\/revisions"}],"predecessor-version":[{"id":19029,"href":"https:\/\/www.noclegowo.pl\/przewodnik\/wp-json\/wp\/v2\/pages\/19012\/revisions\/19029"}],"wp:attachment":[{"href":"https:\/\/www.noclegowo.pl\/przewodnik\/wp-json\/wp\/v2\/media?parent=19012"}],"curies":[{"name":"wp","href":"https:\/\/api.w.org\/{rel}","templated":true}]}}