{"id":17090,"date":"2020-12-29T18:45:13","date_gmt":"2020-12-29T17:45:13","guid":{"rendered":"https:\/\/www.noclegowo.pl\/przewodnik\/?page_id=17090"},"modified":"2021-06-20T21:38:20","modified_gmt":"2021-06-20T19:38:20","slug":"o-nas","status":"publish","type":"page","link":"https:\/\/www.noclegowo.pl\/przewodnik\/o-nas\/","title":{"rendered":"O nas"},"content":{"rendered":"\n<h3 class=\"wp-block-heading\">Kr\u00f3tko o pocz\u0105tkach<\/h3>\n\n\n\n<p>Historia Noclegowo rozpocz\u0119\u0142a si\u0119 w 2006 roku, kiedy szukali\u015bmy noclegu na wakacyjny wyjazd. \u017baden istniej\u0105cy w\u00f3wczas portal nie sprosta\u0142 jednak naszym oczekiwaniom. Wtedy narodzi\u0142 si\u0119 pomys\u0142, by stworzy\u0107 serwis, na kt\u00f3rym b\u0119dzie mo\u017cna z \u0142atwo\u015bci\u0105 znale\u017a\u0107 nocleg w ca\u0142ej w Polsce. Tak powsta\u0142o Noclegowo. Po prostu z pasji do samodzielnego podr\u00f3\u017cowania.<\/p>\n\n\n\n<h3 class=\"wp-block-heading\">Kim jeste\u015bmy?<\/h3>\n\n\n\n<p>Zesp\u00f3\u0142 Noclegowo tworzy kilkana\u015bcie os\u00f3b. \u0141\u0105czy nas nie tylko praca, ale wsp\u00f3lne zainteresowania, dlatego taka zgrana z nas ekipa. Lubimy to, co robimy i jeste\u015bmy tu dla Was.<\/p>\n\n\n\n<h3 class=\"wp-block-heading\">Nasz cel<\/h3>\n\n\n\n<p>Najwa\u017cniejszym naszym celem jest u\u0142atwienie planowania wypoczynku w Polsce i nie tylko. Chcemy, aby rozwi\u0105zania na Noclegowo by\u0142y proste dla ka\u017cdego go\u015bcia i gospodarza, dzi\u0119ki czemu organizacja wyjazdu b\u0119dzie kojarzy\u0142a si\u0119 z rado\u015bci\u0105, a nie utrapieniem. Skoro ju\u017c tutaj jeste\u015b, <a href=\"https:\/\/www.noclegowo.pl\/\">zarezerwuj sw\u00f3j wypoczynek<\/a> &#8211; w ko\u0144cu nale\u017cy si\u0119 on ka\u017cdemu!<\/p>\n\n\n\n<div class=\"wp-block-columns is-layout-flex wp-container-2\">\n<div class=\"wp-block-column is-layout-flow\"><\/div>\n<\/div>\n\n\n\n<h3 class=\"wp-block-heading\">Chcesz nas bli\u017cej pozna\u0107?<\/h3>\n\n\n\n<p>Obserwuj nas na Instagramie. Tam zobaczysz nas z bardziej prywatnej strony :)<\/p>\n\n\n\n<div class=\"wp-block-columns is-layout-flex wp-container-5\">\n<div class=\"wp-block-column is-layout-flow\">\n<figure class=\"wp-block-image size-large\"><img decoding=\"async\" loading=\"lazy\" width=\"779\" height=\"1024\" src=\"https:\/\/www.noclegowo.pl\/przewodnik\/wp-content\/uploads\/Screenshot_20201229-182446-779x1024.png\" alt=\"\" class=\"wp-image-17091\" srcset=\"https:\/\/www.noclegowo.pl\/przewodnik\/wp-content\/uploads\/Screenshot_20201229-182446-779x1024.png 779w, https:\/\/www.noclegowo.pl\/przewodnik\/wp-content\/uploads\/Screenshot_20201229-182446-228x300.png 228w, https:\/\/www.noclegowo.pl\/przewodnik\/wp-content\/uploads\/Screenshot_20201229-182446-114x150.png 114w, https:\/\/www.noclegowo.pl\/przewodnik\/wp-content\/uploads\/Screenshot_20201229-182446-768x1009.png 768w, https:\/\/www.noclegowo.pl\/przewodnik\/wp-content\/uploads\/Screenshot_20201229-182446-1169x1536.png 1169w, https:\/\/www.noclegowo.pl\/przewodnik\/wp-content\/uploads\/Screenshot_20201229-182446-457x600.png 457w, https:\/\/www.noclegowo.pl\/przewodnik\/wp-content\/uploads\/Screenshot_20201229-182446.png 1434w\" sizes=\"(max-width: 779px) 100vw, 779px\" \/><\/figure>\n<\/div>\n\n\n\n<div class=\"wp-block-column is-layout-flow\">\n<figure class=\"wp-block-image size-large\"><img decoding=\"async\" loading=\"lazy\" width=\"731\" height=\"1024\" src=\"https:\/\/www.noclegowo.pl\/przewodnik\/wp-content\/uploads\/Screenshot_20201229-182504-1-731x1024.png\" alt=\"\" class=\"wp-image-17095\" srcset=\"https:\/\/www.noclegowo.pl\/przewodnik\/wp-content\/uploads\/Screenshot_20201229-182504-1-731x1024.png 731w, https:\/\/www.noclegowo.pl\/przewodnik\/wp-content\/uploads\/Screenshot_20201229-182504-1-214x300.png 214w, https:\/\/www.noclegowo.pl\/przewodnik\/wp-content\/uploads\/Screenshot_20201229-182504-1-107x150.png 107w, https:\/\/www.noclegowo.pl\/przewodnik\/wp-content\/uploads\/Screenshot_20201229-182504-1-768x1076.png 768w, https:\/\/www.noclegowo.pl\/przewodnik\/wp-content\/uploads\/Screenshot_20201229-182504-1-1097x1536.png 1097w, https:\/\/www.noclegowo.pl\/przewodnik\/wp-content\/uploads\/Screenshot_20201229-182504-1-428x600.png 428w, https:\/\/www.noclegowo.pl\/przewodnik\/wp-content\/uploads\/Screenshot_20201229-182504-1.png 1428w\" sizes=\"(max-width: 731px) 100vw, 731px\" \/><\/figure>\n<\/div>\n<\/div>\n\n\n\n<div class=\"wp-block-buttons aligncenter is-layout-flex\">\n<div class=\"wp-block-button\"><a class=\"wp-block-button__link has-white-color has-text-color has-background\" href=\"https:\/\/www.instagram.com\/noclegowo\/\" style=\"border-radius:41px;background-color:#2dcc70\">Zobacz nas na Instagramie<\/a><\/div>\n<\/div>\n\n\n\n<p><\/p>\n","protected":false},"excerpt":{"rendered":"<p>Kr\u00f3tko o pocz\u0105tkach Historia Noclegowo rozpocz\u0119\u0142a si\u0119 w 2006 roku, kiedy szukali\u015bmy noclegu na wakacyjny wyjazd. \u017baden istniej\u0105cy w\u00f3wczas portal nie sprosta\u0142 jednak naszym oczekiwaniom. Wtedy narodzi\u0142 si\u0119 pomys\u0142, by stworzy\u0107 serwis, na kt\u00f3rym b\u0119dzie mo\u017cna z \u0142atwo\u015bci\u0105 znale\u017a\u0107 nocleg w ca\u0142ej w Polsce. Tak powsta\u0142o Noclegowo. Po prostu z pasji do samodzielnego podr\u00f3\u017cowania. Kim&#8230;<a class=\"excerpt-read-more\" href=\"https:\/\/www.noclegowo.pl\/przewodnik\/o-nas\/\" title=\"Read O nas\">read more<\/a><\/p>\n","protected":false},"author":26,"featured_media":0,"parent":0,"menu_order":0,"comment_status":"closed","ping_status":"closed","template":"","meta":[],"yoast_head":"<!-- This site is optimized with the Yoast SEO plugin v17.8 - https:\/\/yoast.com\/wordpress\/plugins\/seo\/ -->\n<title>O nas - Blog Noclegowo\u00ae<\/title>\n<meta name=\"robots\" content=\"index, follow, max-snippet:-1, max-image-preview:large, max-video-preview:-1\" \/>\n<link rel=\"canonical\" href=\"https:\/\/www.noclegowo.pl\/przewodnik\/o-nas\/\" \/>\n<meta property=\"og:locale\" content=\"pl_PL\" \/>\n<meta property=\"og:type\" content=\"article\" \/>\n<meta property=\"og:title\" content=\"O nas - Blog Noclegowo\u00ae\" \/>\n<meta property=\"og:description\" content=\"Kr\u00f3tko o pocz\u0105tkach Historia Noclegowo rozpocz\u0119\u0142a si\u0119 w 2006 roku, kiedy szukali\u015bmy noclegu na wakacyjny wyjazd. \u017baden istniej\u0105cy w\u00f3wczas portal nie sprosta\u0142 jednak naszym oczekiwaniom. Wtedy narodzi\u0142 si\u0119 pomys\u0142, by stworzy\u0107 serwis, na kt\u00f3rym b\u0119dzie mo\u017cna z \u0142atwo\u015bci\u0105 znale\u017a\u0107 nocleg w ca\u0142ej w Polsce. Tak powsta\u0142o Noclegowo. Po prostu z pasji do samodzielnego podr\u00f3\u017cowania. Kim...read more\" \/>\n<meta property=\"og:url\" content=\"https:\/\/www.noclegowo.pl\/przewodnik\/o-nas\/\" \/>\n<meta property=\"og:site_name\" content=\"Blog Noclegowo\u00ae\" \/>\n<meta property=\"article:publisher\" content=\"https:\/\/www.facebook.com\/Noclegowo\/\" \/>\n<meta property=\"article:modified_time\" content=\"2021-06-20T19:38:20+00:00\" \/>\n<meta property=\"og:image\" content=\"https:\/\/www.noclegowo.pl\/przewodnik\/wp-content\/uploads\/Screenshot_20201229-182446-779x1024.png\" \/>\n<meta name=\"twitter:card\" content=\"summary_large_image\" \/>\n<meta name=\"twitter:label1\" content=\"Est. reading time\" \/>\n\t<meta name=\"twitter:data1\" content=\"2 minuty\" \/>\n<script type=\"application\/ld+json\" class=\"yoast-schema-graph\">{\"@context\":\"https:\/\/schema.org\",\"@graph\":[{\"@type\":\"Organization\",\"@id\":\"https:\/\/www.noclegowo.pl\/przewodnik\/#organization\",\"name\":\"Noclegowo\",\"url\":\"https:\/\/www.noclegowo.pl\/przewodnik\/\",\"sameAs\":[\"https:\/\/www.facebook.com\/Noclegowo\/\"],\"logo\":{\"@type\":\"ImageObject\",\"@id\":\"https:\/\/www.noclegowo.pl\/przewodnik\/#logo\",\"inLanguage\":\"pl-PL\",\"url\":\"https:\/\/www.noclegowo.pl\/przewodnik\/wp-content\/uploads\/2018\/05\/LOGO-GREEN.jpg\",\"contentUrl\":\"https:\/\/www.noclegowo.pl\/przewodnik\/wp-content\/uploads\/2018\/05\/LOGO-GREEN.jpg\",\"width\":1028,\"height\":320,\"caption\":\"Noclegowo\"},\"image\":{\"@id\":\"https:\/\/www.noclegowo.pl\/przewodnik\/#logo\"}},{\"@type\":\"WebSite\",\"@id\":\"https:\/\/www.noclegowo.pl\/przewodnik\/#website\",\"url\":\"https:\/\/www.noclegowo.pl\/przewodnik\/\",\"name\":\"Blog Noclegowo\\u00ae\",\"description\":\"Przewodniki turystyczne, porady dla wynajmuj\\u0105cych\",\"publisher\":{\"@id\":\"https:\/\/www.noclegowo.pl\/przewodnik\/#organization\"},\"potentialAction\":[{\"@type\":\"SearchAction\",\"target\":{\"@type\":\"EntryPoint\",\"urlTemplate\":\"https:\/\/www.noclegowo.pl\/przewodnik\/?s={search_term_string}\"},\"query-input\":\"required name=search_term_string\"}],\"inLanguage\":\"pl-PL\"},{\"@type\":\"ImageObject\",\"@id\":\"https:\/\/www.noclegowo.pl\/przewodnik\/o-nas\/#primaryimage\",\"inLanguage\":\"pl-PL\",\"url\":\"https:\/\/www.noclegowo.pl\/przewodnik\/wp-content\/uploads\/Screenshot_20201229-182446.png\",\"contentUrl\":\"https:\/\/www.noclegowo.pl\/przewodnik\/wp-content\/uploads\/Screenshot_20201229-182446.png\",\"width\":1434,\"height\":1884},{\"@type\":\"WebPage\",\"@id\":\"https:\/\/www.noclegowo.pl\/przewodnik\/o-nas\/#webpage\",\"url\":\"https:\/\/www.noclegowo.pl\/przewodnik\/o-nas\/\",\"name\":\"O nas - Blog Noclegowo\\u00ae\",\"isPartOf\":{\"@id\":\"https:\/\/www.noclegowo.pl\/przewodnik\/#website\"},\"primaryImageOfPage\":{\"@id\":\"https:\/\/www.noclegowo.pl\/przewodnik\/o-nas\/#primaryimage\"},\"datePublished\":\"2020-12-29T17:45:13+00:00\",\"dateModified\":\"2021-06-20T19:38:20+00:00\",\"breadcrumb\":{\"@id\":\"https:\/\/www.noclegowo.pl\/przewodnik\/o-nas\/#breadcrumb\"},\"inLanguage\":\"pl-PL\",\"potentialAction\":[{\"@type\":\"ReadAction\",\"target\":[\"https:\/\/www.noclegowo.pl\/przewodnik\/o-nas\/\"]}]},{\"@type\":\"BreadcrumbList\",\"@id\":\"https:\/\/www.noclegowo.pl\/przewodnik\/o-nas\/#breadcrumb\",\"itemListElement\":[{\"@type\":\"ListItem\",\"position\":1,\"name\":\"Home\",\"item\":\"https:\/\/www.noclegowo.pl\/przewodnik\/\"},{\"@type\":\"ListItem\",\"position\":2,\"name\":\"O nas\"}]}]}<\/script>\n<!-- \/ Yoast SEO plugin. -->","yoast_head_json":{"title":"O nas - Blog Noclegowo\u00ae","robots":{"index":"index","follow":"follow","max-snippet":"max-snippet:-1","max-image-preview":"max-image-preview:large","max-video-preview":"max-video-preview:-1"},"canonical":"https:\/\/www.noclegowo.pl\/przewodnik\/o-nas\/","og_locale":"pl_PL","og_type":"article","og_title":"O nas - Blog Noclegowo\u00ae","og_description":"Kr\u00f3tko o pocz\u0105tkach Historia Noclegowo rozpocz\u0119\u0142a si\u0119 w 2006 roku, kiedy szukali\u015bmy noclegu na wakacyjny wyjazd. \u017baden istniej\u0105cy w\u00f3wczas portal nie sprosta\u0142 jednak naszym oczekiwaniom. Wtedy narodzi\u0142 si\u0119 pomys\u0142, by stworzy\u0107 serwis, na kt\u00f3rym b\u0119dzie mo\u017cna z \u0142atwo\u015bci\u0105 znale\u017a\u0107 nocleg w ca\u0142ej w Polsce. Tak powsta\u0142o Noclegowo. Po prostu z pasji do samodzielnego podr\u00f3\u017cowania. Kim...read more","og_url":"https:\/\/www.noclegowo.pl\/przewodnik\/o-nas\/","og_site_name":"Blog Noclegowo\u00ae","article_publisher":"https:\/\/www.facebook.com\/Noclegowo\/","article_modified_time":"2021-06-20T19:38:20+00:00","og_image":[{"url":"https:\/\/www.noclegowo.pl\/przewodnik\/wp-content\/uploads\/Screenshot_20201229-182446-779x1024.png"}],"twitter_card":"summary_large_image","twitter_misc":{"Est. reading time":"2 minuty"},"schema":{"@context":"https:\/\/schema.org","@graph":[{"@type":"Organization","@id":"https:\/\/www.noclegowo.pl\/przewodnik\/#organization","name":"Noclegowo","url":"https:\/\/www.noclegowo.pl\/przewodnik\/","sameAs":["https:\/\/www.facebook.com\/Noclegowo\/"],"logo":{"@type":"ImageObject","@id":"https:\/\/www.noclegowo.pl\/przewodnik\/#logo","inLanguage":"pl-PL","url":"https:\/\/www.noclegowo.pl\/przewodnik\/wp-content\/uploads\/2018\/05\/LOGO-GREEN.jpg","contentUrl":"https:\/\/www.noclegowo.pl\/przewodnik\/wp-content\/uploads\/2018\/05\/LOGO-GREEN.jpg","width":1028,"height":320,"caption":"Noclegowo"},"image":{"@id":"https:\/\/www.noclegowo.pl\/przewodnik\/#logo"}},{"@type":"WebSite","@id":"https:\/\/www.noclegowo.pl\/przewodnik\/#website","url":"https:\/\/www.noclegowo.pl\/przewodnik\/","name":"Blog Noclegowo\u00ae","description":"Przewodniki turystyczne, porady dla wynajmuj\u0105cych","publisher":{"@id":"https:\/\/www.noclegowo.pl\/przewodnik\/#organization"},"potentialAction":[{"@type":"SearchAction","target":{"@type":"EntryPoint","urlTemplate":"https:\/\/www.noclegowo.pl\/przewodnik\/?s={search_term_string}"},"query-input":"required name=search_term_string"}],"inLanguage":"pl-PL"},{"@type":"ImageObject","@id":"https:\/\/www.noclegowo.pl\/przewodnik\/o-nas\/#primaryimage","inLanguage":"pl-PL","url":"https:\/\/www.noclegowo.pl\/przewodnik\/wp-content\/uploads\/Screenshot_20201229-182446.png","contentUrl":"https:\/\/www.noclegowo.pl\/przewodnik\/wp-content\/uploads\/Screenshot_20201229-182446.png","width":1434,"height":1884},{"@type":"WebPage","@id":"https:\/\/www.noclegowo.pl\/przewodnik\/o-nas\/#webpage","url":"https:\/\/www.noclegowo.pl\/przewodnik\/o-nas\/","name":"O nas - Blog Noclegowo\u00ae","isPartOf":{"@id":"https:\/\/www.noclegowo.pl\/przewodnik\/#website"},"primaryImageOfPage":{"@id":"https:\/\/www.noclegowo.pl\/przewodnik\/o-nas\/#primaryimage"},"datePublished":"2020-12-29T17:45:13+00:00","dateModified":"2021-06-20T19:38:20+00:00","breadcrumb":{"@id":"https:\/\/www.noclegowo.pl\/przewodnik\/o-nas\/#breadcrumb"},"inLanguage":"pl-PL","potentialAction":[{"@type":"ReadAction","target":["https:\/\/www.noclegowo.pl\/przewodnik\/o-nas\/"]}]},{"@type":"BreadcrumbList","@id":"https:\/\/www.noclegowo.pl\/przewodnik\/o-nas\/#breadcrumb","itemListElement":[{"@type":"ListItem","position":1,"name":"Home","item":"https:\/\/www.noclegowo.pl\/przewodnik\/"},{"@type":"ListItem","position":2,"name":"O nas"}]}]}},"_links":{"self":[{"href":"https:\/\/www.noclegowo.pl\/przewodnik\/wp-json\/wp\/v2\/pages\/17090"}],"collection":[{"href":"https:\/\/www.noclegowo.pl\/przewodnik\/wp-json\/wp\/v2\/pages"}],"about":[{"href":"https:\/\/www.noclegowo.pl\/przewodnik\/wp-json\/wp\/v2\/types\/page"}],"author":[{"embeddable":true,"href":"https:\/\/www.noclegowo.pl\/przewodnik\/wp-json\/wp\/v2\/users\/26"}],"replies":[{"embeddable":true,"href":"https:\/\/www.noclegowo.pl\/przewodnik\/wp-json\/wp\/v2\/comments?post=17090"}],"version-history":[{"count":4,"href":"https:\/\/www.noclegowo.pl\/przewodnik\/wp-json\/wp\/v2\/pages\/17090\/revisions"}],"predecessor-version":[{"id":17531,"href":"https:\/\/www.noclegowo.pl\/przewodnik\/wp-json\/wp\/v2\/pages\/17090\/revisions\/17531"}],"wp:attachment":[{"href":"https:\/\/www.noclegowo.pl\/przewodnik\/wp-json\/wp\/v2\/media?parent=17090"}],"curies":[{"name":"wp","href":"https:\/\/api.w.org\/{rel}","templated":true}]}}