{"id":17086,"date":"2020-12-29T17:59:41","date_gmt":"2020-12-29T16:59:41","guid":{"rendered":"https:\/\/www.noclegowo.pl\/przewodnik\/?page_id=17086"},"modified":"2020-12-29T17:59:42","modified_gmt":"2020-12-29T16:59:42","slug":"dlaczego-noclegowo","status":"publish","type":"page","link":"https:\/\/www.noclegowo.pl\/przewodnik\/dlaczego-noclegowo\/","title":{"rendered":"Dlaczego Noclegowo?"},"content":{"rendered":"\n<h3 class=\"wp-block-heading\">Szukaj wygodnie<\/h3>\n\n\n\n<p>Stawiamy na proste rozwi\u0105zania w wyszukiwaniu nocleg\u00f3w i wygod\u0119 w procesie rezerwacji. U\u017cyj praktycznych filtr\u00f3w, dzi\u0119ki kt\u00f3rym szybciej znajdziesz sw\u00f3j wymarzony nocleg z potrzebnymi Ci udogodnieniami i w dogodnej dla Ciebie lokalizacji. Mo\u017cesz tak\u017ce wybra\u0107 spos\u00f3b rezerwacji swojego noclegu on-line b\u0105d\u017a telefonicznie.<\/p>\n\n\n\n<h3 class=\"wp-block-heading\">Rezerwuj bezpiecznie<\/h3>\n\n\n\n<p>Obs\u0142uga instytucji p\u0142atniczej i ochrona transmisji certyfikatem SSL to gwarancja bezpiecze\u0144stwa transakcji. Mo\u017cesz przeczyta\u0107 tak\u017ce opinie go\u015bci, kt\u00f3re pomog\u0105 Ci w wyborze odpowiedniego noclegu. Twoje zadowolenie jest dla nas najwa\u017cniejsze.<\/p>\n\n\n\n<h3 class=\"wp-block-heading\">Oszcz\u0119dzaj pieni\u0105dze<\/h3>\n\n\n\n<p>W Noclegowo nie ma op\u0142at za obs\u0142ug\u0119 rezerwacji, nie musisz si\u0119 wi\u0119c ba\u0107 o dodatkowe koszty. Priorytetem s\u0105 dla nas przejrzyste ceny oraz jasno\u015b\u0107 wszystkich warunk\u00f3w. \u0141\u0105czymy komfortowy wypoczynek z przyst\u0119pnymi dla ka\u017cdego cenami.<\/p>\n\n\n\n<h3 class=\"wp-block-heading\">Rozwijamy si\u0119 dzi\u0119ki Tobie<\/h3>\n\n\n\n<p>Wiecie co jest dla nas najwi\u0119ksz\u0105 motywacj\u0105 do dzia\u0142ania? Wy. Nie jeste\u015bmy mi\u0119dzynarodow\u0105 korporacj\u0105, a grup\u0105 ludzi z pasj\u0105. Ka\u017cda Wasza rezerwacja to dla nas pow\u00f3d do u\u015bmiechu.<\/p>\n","protected":false},"excerpt":{"rendered":"<p>Szukaj wygodnie Stawiamy na proste rozwi\u0105zania w wyszukiwaniu nocleg\u00f3w i wygod\u0119 w procesie rezerwacji. U\u017cyj praktycznych filtr\u00f3w, dzi\u0119ki kt\u00f3rym szybciej znajdziesz sw\u00f3j wymarzony nocleg z potrzebnymi Ci udogodnieniami i w dogodnej dla Ciebie lokalizacji. Mo\u017cesz tak\u017ce wybra\u0107 spos\u00f3b rezerwacji swojego noclegu on-line b\u0105d\u017a telefonicznie. Rezerwuj bezpiecznie Obs\u0142uga instytucji p\u0142atniczej i ochrona transmisji certyfikatem SSL to&#8230;<a class=\"excerpt-read-more\" href=\"https:\/\/www.noclegowo.pl\/przewodnik\/dlaczego-noclegowo\/\" title=\"Read Dlaczego Noclegowo?\">read more<\/a><\/p>\n","protected":false},"author":26,"featured_media":0,"parent":0,"menu_order":0,"comment_status":"closed","ping_status":"closed","template":"","meta":[],"yoast_head":"<!-- This site is optimized with the Yoast SEO plugin v17.8 - https:\/\/yoast.com\/wordpress\/plugins\/seo\/ -->\n<title>Dlaczego Noclegowo? - Blog Noclegowo\u00ae<\/title>\n<meta name=\"robots\" content=\"index, follow, max-snippet:-1, max-image-preview:large, max-video-preview:-1\" \/>\n<link rel=\"canonical\" href=\"https:\/\/www.noclegowo.pl\/przewodnik\/dlaczego-noclegowo\/\" \/>\n<meta property=\"og:locale\" content=\"pl_PL\" \/>\n<meta property=\"og:type\" content=\"article\" \/>\n<meta property=\"og:title\" content=\"Dlaczego Noclegowo? - Blog Noclegowo\u00ae\" \/>\n<meta property=\"og:description\" content=\"Szukaj wygodnie Stawiamy na proste rozwi\u0105zania w wyszukiwaniu nocleg\u00f3w i wygod\u0119 w procesie rezerwacji. U\u017cyj praktycznych filtr\u00f3w, dzi\u0119ki kt\u00f3rym szybciej znajdziesz sw\u00f3j wymarzony nocleg z potrzebnymi Ci udogodnieniami i w dogodnej dla Ciebie lokalizacji. Mo\u017cesz tak\u017ce wybra\u0107 spos\u00f3b rezerwacji swojego noclegu on-line b\u0105d\u017a telefonicznie. Rezerwuj bezpiecznie Obs\u0142uga instytucji p\u0142atniczej i ochrona transmisji certyfikatem SSL to...read more\" \/>\n<meta property=\"og:url\" content=\"https:\/\/www.noclegowo.pl\/przewodnik\/dlaczego-noclegowo\/\" \/>\n<meta property=\"og:site_name\" content=\"Blog Noclegowo\u00ae\" \/>\n<meta property=\"article:publisher\" content=\"https:\/\/www.facebook.com\/Noclegowo\/\" \/>\n<meta property=\"article:modified_time\" content=\"2020-12-29T16:59:42+00:00\" \/>\n<meta name=\"twitter:card\" content=\"summary_large_image\" \/>\n<meta name=\"twitter:label1\" content=\"Est. reading time\" \/>\n\t<meta name=\"twitter:data1\" content=\"1 minuta\" \/>\n<script type=\"application\/ld+json\" class=\"yoast-schema-graph\">{\"@context\":\"https:\/\/schema.org\",\"@graph\":[{\"@type\":\"Organization\",\"@id\":\"https:\/\/www.noclegowo.pl\/przewodnik\/#organization\",\"name\":\"Noclegowo\",\"url\":\"https:\/\/www.noclegowo.pl\/przewodnik\/\",\"sameAs\":[\"https:\/\/www.facebook.com\/Noclegowo\/\"],\"logo\":{\"@type\":\"ImageObject\",\"@id\":\"https:\/\/www.noclegowo.pl\/przewodnik\/#logo\",\"inLanguage\":\"pl-PL\",\"url\":\"https:\/\/www.noclegowo.pl\/przewodnik\/wp-content\/uploads\/2018\/05\/LOGO-GREEN.jpg\",\"contentUrl\":\"https:\/\/www.noclegowo.pl\/przewodnik\/wp-content\/uploads\/2018\/05\/LOGO-GREEN.jpg\",\"width\":1028,\"height\":320,\"caption\":\"Noclegowo\"},\"image\":{\"@id\":\"https:\/\/www.noclegowo.pl\/przewodnik\/#logo\"}},{\"@type\":\"WebSite\",\"@id\":\"https:\/\/www.noclegowo.pl\/przewodnik\/#website\",\"url\":\"https:\/\/www.noclegowo.pl\/przewodnik\/\",\"name\":\"Blog Noclegowo\\u00ae\",\"description\":\"Przewodniki turystyczne, porady dla wynajmuj\\u0105cych\",\"publisher\":{\"@id\":\"https:\/\/www.noclegowo.pl\/przewodnik\/#organization\"},\"potentialAction\":[{\"@type\":\"SearchAction\",\"target\":{\"@type\":\"EntryPoint\",\"urlTemplate\":\"https:\/\/www.noclegowo.pl\/przewodnik\/?s={search_term_string}\"},\"query-input\":\"required name=search_term_string\"}],\"inLanguage\":\"pl-PL\"},{\"@type\":\"WebPage\",\"@id\":\"https:\/\/www.noclegowo.pl\/przewodnik\/dlaczego-noclegowo\/#webpage\",\"url\":\"https:\/\/www.noclegowo.pl\/przewodnik\/dlaczego-noclegowo\/\",\"name\":\"Dlaczego Noclegowo? - Blog Noclegowo\\u00ae\",\"isPartOf\":{\"@id\":\"https:\/\/www.noclegowo.pl\/przewodnik\/#website\"},\"datePublished\":\"2020-12-29T16:59:41+00:00\",\"dateModified\":\"2020-12-29T16:59:42+00:00\",\"breadcrumb\":{\"@id\":\"https:\/\/www.noclegowo.pl\/przewodnik\/dlaczego-noclegowo\/#breadcrumb\"},\"inLanguage\":\"pl-PL\",\"potentialAction\":[{\"@type\":\"ReadAction\",\"target\":[\"https:\/\/www.noclegowo.pl\/przewodnik\/dlaczego-noclegowo\/\"]}]},{\"@type\":\"BreadcrumbList\",\"@id\":\"https:\/\/www.noclegowo.pl\/przewodnik\/dlaczego-noclegowo\/#breadcrumb\",\"itemListElement\":[{\"@type\":\"ListItem\",\"position\":1,\"name\":\"Home\",\"item\":\"https:\/\/www.noclegowo.pl\/przewodnik\/\"},{\"@type\":\"ListItem\",\"position\":2,\"name\":\"Dlaczego Noclegowo?\"}]}]}<\/script>\n<!-- \/ Yoast SEO plugin. -->","yoast_head_json":{"title":"Dlaczego Noclegowo? - Blog Noclegowo\u00ae","robots":{"index":"index","follow":"follow","max-snippet":"max-snippet:-1","max-image-preview":"max-image-preview:large","max-video-preview":"max-video-preview:-1"},"canonical":"https:\/\/www.noclegowo.pl\/przewodnik\/dlaczego-noclegowo\/","og_locale":"pl_PL","og_type":"article","og_title":"Dlaczego Noclegowo? - Blog Noclegowo\u00ae","og_description":"Szukaj wygodnie Stawiamy na proste rozwi\u0105zania w wyszukiwaniu nocleg\u00f3w i wygod\u0119 w procesie rezerwacji. U\u017cyj praktycznych filtr\u00f3w, dzi\u0119ki kt\u00f3rym szybciej znajdziesz sw\u00f3j wymarzony nocleg z potrzebnymi Ci udogodnieniami i w dogodnej dla Ciebie lokalizacji. Mo\u017cesz tak\u017ce wybra\u0107 spos\u00f3b rezerwacji swojego noclegu on-line b\u0105d\u017a telefonicznie. Rezerwuj bezpiecznie Obs\u0142uga instytucji p\u0142atniczej i ochrona transmisji certyfikatem SSL to...read more","og_url":"https:\/\/www.noclegowo.pl\/przewodnik\/dlaczego-noclegowo\/","og_site_name":"Blog Noclegowo\u00ae","article_publisher":"https:\/\/www.facebook.com\/Noclegowo\/","article_modified_time":"2020-12-29T16:59:42+00:00","twitter_card":"summary_large_image","twitter_misc":{"Est. reading time":"1 minuta"},"schema":{"@context":"https:\/\/schema.org","@graph":[{"@type":"Organization","@id":"https:\/\/www.noclegowo.pl\/przewodnik\/#organization","name":"Noclegowo","url":"https:\/\/www.noclegowo.pl\/przewodnik\/","sameAs":["https:\/\/www.facebook.com\/Noclegowo\/"],"logo":{"@type":"ImageObject","@id":"https:\/\/www.noclegowo.pl\/przewodnik\/#logo","inLanguage":"pl-PL","url":"https:\/\/www.noclegowo.pl\/przewodnik\/wp-content\/uploads\/2018\/05\/LOGO-GREEN.jpg","contentUrl":"https:\/\/www.noclegowo.pl\/przewodnik\/wp-content\/uploads\/2018\/05\/LOGO-GREEN.jpg","width":1028,"height":320,"caption":"Noclegowo"},"image":{"@id":"https:\/\/www.noclegowo.pl\/przewodnik\/#logo"}},{"@type":"WebSite","@id":"https:\/\/www.noclegowo.pl\/przewodnik\/#website","url":"https:\/\/www.noclegowo.pl\/przewodnik\/","name":"Blog Noclegowo\u00ae","description":"Przewodniki turystyczne, porady dla wynajmuj\u0105cych","publisher":{"@id":"https:\/\/www.noclegowo.pl\/przewodnik\/#organization"},"potentialAction":[{"@type":"SearchAction","target":{"@type":"EntryPoint","urlTemplate":"https:\/\/www.noclegowo.pl\/przewodnik\/?s={search_term_string}"},"query-input":"required name=search_term_string"}],"inLanguage":"pl-PL"},{"@type":"WebPage","@id":"https:\/\/www.noclegowo.pl\/przewodnik\/dlaczego-noclegowo\/#webpage","url":"https:\/\/www.noclegowo.pl\/przewodnik\/dlaczego-noclegowo\/","name":"Dlaczego Noclegowo? - Blog Noclegowo\u00ae","isPartOf":{"@id":"https:\/\/www.noclegowo.pl\/przewodnik\/#website"},"datePublished":"2020-12-29T16:59:41+00:00","dateModified":"2020-12-29T16:59:42+00:00","breadcrumb":{"@id":"https:\/\/www.noclegowo.pl\/przewodnik\/dlaczego-noclegowo\/#breadcrumb"},"inLanguage":"pl-PL","potentialAction":[{"@type":"ReadAction","target":["https:\/\/www.noclegowo.pl\/przewodnik\/dlaczego-noclegowo\/"]}]},{"@type":"BreadcrumbList","@id":"https:\/\/www.noclegowo.pl\/przewodnik\/dlaczego-noclegowo\/#breadcrumb","itemListElement":[{"@type":"ListItem","position":1,"name":"Home","item":"https:\/\/www.noclegowo.pl\/przewodnik\/"},{"@type":"ListItem","position":2,"name":"Dlaczego Noclegowo?"}]}]}},"_links":{"self":[{"href":"https:\/\/www.noclegowo.pl\/przewodnik\/wp-json\/wp\/v2\/pages\/17086"}],"collection":[{"href":"https:\/\/www.noclegowo.pl\/przewodnik\/wp-json\/wp\/v2\/pages"}],"about":[{"href":"https:\/\/www.noclegowo.pl\/przewodnik\/wp-json\/wp\/v2\/types\/page"}],"author":[{"embeddable":true,"href":"https:\/\/www.noclegowo.pl\/przewodnik\/wp-json\/wp\/v2\/users\/26"}],"replies":[{"embeddable":true,"href":"https:\/\/www.noclegowo.pl\/przewodnik\/wp-json\/wp\/v2\/comments?post=17086"}],"version-history":[{"count":2,"href":"https:\/\/www.noclegowo.pl\/przewodnik\/wp-json\/wp\/v2\/pages\/17086\/revisions"}],"predecessor-version":[{"id":17088,"href":"https:\/\/www.noclegowo.pl\/przewodnik\/wp-json\/wp\/v2\/pages\/17086\/revisions\/17088"}],"wp:attachment":[{"href":"https:\/\/www.noclegowo.pl\/przewodnik\/wp-json\/wp\/v2\/media?parent=17086"}],"curies":[{"name":"wp","href":"https:\/\/api.w.org\/{rel}","templated":true}]}}