{"id":16993,"date":"2020-12-14T23:47:09","date_gmt":"2020-12-14T22:47:09","guid":{"rendered":"https:\/\/www.noclegowo.pl\/przewodnik\/?page_id=16993"},"modified":"2021-05-13T09:38:37","modified_gmt":"2021-05-13T07:38:37","slug":"polityka-prywatnosci","status":"publish","type":"page","link":"https:\/\/www.noclegowo.pl\/przewodnik\/polityka-prywatnosci\/","title":{"rendered":"Polityka prywatno\u015bci i plik\u00f3w cookies"},"content":{"rendered":"\n<p><strong>1. POSTANOWIENIA WST\u0118PNE<\/strong><\/p>\n\n\n\n<ul><li>1.1. Niniejsza Polityka prywatno\u015bci i plik\u00f3w cookies, zwana r\u00f3wnie\u017c \u201ePolityk\u0105\u201d, reguluje kwestie zwi\u0105zane z ochron\u0105 danych osobowych i plik\u00f3w cookies, stanowi\u0105c za\u0142\u0105cznik do Regulaminu serwisu Noclegowo.pl (dalej: Regulamin\u201d).<\/li><li>1.2. Definicje zastosowane w Regulaminie zachowuj\u0105 swoje znaczenie tak\u017ce w Polityce, chyba \u017ce stanowi ona inaczej:<\/li><\/ul>\n\n\n\n<p><strong>2. ADMINISTRATOR I NASZE ZOBOWI\u0104ZANIE<\/strong><\/p>\n\n\n\n<ul><li>2.1. Administratorem danych osobowych przetwarzanych w Serwisie jest Grupa iTur.pl Sp. z o.o., z siedzib\u0105 w Tomaszowie Mazowiecki ul. Kwarcowa 17 (97-200), zarejestrowana w S\u0105dzie Rejonowym dla \u0141odzi-\u015ar\u00f3dmie\u015bcia w \u0141odzi, XX Wydzia\u0142 Gospodarczy Krajowego Rejestru S\u0105dowego pod numerem KRS: 0000363945, NIP: 773-24-54-543, kapita\u0142 zak\u0142adowy sp\u00f3\u0142ki 6 000,00 z\u0142, zwana tak\u017ce \u201eAdministratorem\u201d.<\/li><li>2.2. Z Administratorem mo\u017cesz skontaktowa\u0107 si\u0119 pod adresem e-mail pomoc@itur.pl lub listownie: ul. Kwarcowa 17, 97-200 Tomasz\u00f3w Maz.<\/li><li>2.3. Dane osobowe przekazane w trakcie korzystania z Serwisu b\u0119d\u0105 przetwarzane w spos\u00f3b zgodny z wymogami okre\u015blonymi w przepisach prawa, a przede wszystkim rozporz\u0105dzenia Parlamentu Europejskiego i Rady (UE) 2016\/679 z dnia 27 kwietnia 2016 r. w sprawie ochrony os\u00f3b fizycznych w zwi\u0105zku z przetwarzaniem danych osobowych i w sprawie swobodnego przep\u0142ywu takich danych oraz uchylenia dyrektywy 95\/46\/WE, zwanego dalej \u201eRODO\u201d.<\/li><li>2.4. Administrator stosuje wymagane aktualnymi przepisami o ochronie danych osobowych \u015brodki techniczne zapobiegaj\u0105ce pozyskiwaniu i modyfikowaniu przez osoby nieuprawnione danych osobowych przesy\u0142anych drog\u0105 elektroniczn\u0105.<\/li><\/ul>\n\n\n\n<p><strong>3. KIEDY UZYSKUJEMY DOST\u0118P DO DANYCH I CZY ICH PRZEKAZANIE JEST OBOWI\u0104ZKOWE?<\/strong><\/p>\n\n\n\n<ul><li>3.1. Korzystanie z Serwisu wi\u0105\u017ce si\u0119 z udost\u0119pnianiem przez Ciebie danych osobowych. Cz\u0119\u015b\u0107 danych pozostawiasz uzupe\u0142niaj\u0105c formularze udost\u0119pniane w Serwisie, cz\u0119\u015b\u0107 pozostawiasz za\u015b poprzez sam fakt poruszania si\u0119 w ramach Serwisu i korzystania z jego us\u0142ug.<\/li><li>3.2. Przekazywanie danych osobowych jest dobrowolne, ale warunkuje ono mo\u017cliwo\u015b\u0107 korzystania z us\u0142ug Serwisu lub cz\u0119\u015bci jego funkcjonalno\u015bci.<\/li><\/ul>\n\n\n\n<p><strong>4. PO CO I NA JAKIEJ PODSTAWIE PRAWNEJ PRZETWARZAMY TWOJE DANE?<\/strong><\/p>\n\n\n\n<ul><li>4.1. Dla cel\u00f3w wykonywania um\u00f3w zawartych z Operatorem &#8211; za\u0142o\u017cenie konta czy wykupienie jednej z odp\u0142atnych us\u0142ug stanowi umow\u0119, jak\u0105 zawierasz z administratorem, zgodnie z odpowiednimi regulaminami Serwisu (cel okre\u015blony dalej jako: \u201eWykonywanie us\u0142ug\u201d). Podstaw\u0105 prawn\u0105 przetwarzania w tym wypadku jest art. 6 ust. 1 lit. b RODO, czyli niezb\u0119dno\u015b\u0107 do wykonania umowy.<\/li><li>4.2. Marketing dot. Operatora i jego us\u0142ug (cel okre\u015blony dalej jako: \u201eMarketingowy\u201d). Powy\u017csze uwzgl\u0119dnia r\u00f3wnie\u017c dzia\u0142alno\u015b\u0107 analityczn\u0105 i statystyczn\u0105 maj\u0105c\u0105 na celu optymalizowanie dzia\u0142alno\u015bci Serwisu oraz profilowanie preferencji i zachowa\u0144 U\u017cytkownik\u00f3w, co s\u0142u\u017cy usprawnieniu dzia\u0142ania Serwisu. Podstaw\u0105 prawn\u0105 przetwarzania w tym wypadku jest art. 6 ust. 1 lit. f RODO, czyli prawnie uzasadniony interes realizowany przez administratora. Je\u017celi wyrazisz dodatkow\u0105 zgod\u0119 na otrzymywanie od nas wiadomo\u015bci marketingowych na adres e-mail lub sms, podstaw\u0105 prawn\u0105 b\u0119dzie w\u00f3wczas art. 10 ustawy o \u015bwiadczeniu us\u0142ug drog\u0105 elektroniczn\u0105 oraz art. 172 ustawy Prawa telekomunikacyjnego.<\/li><li>4.3. Dla cel\u00f3w kontaktu z Tob\u0105, w tym udzielania odpowiedzi na Twoje zapytanie lub rozwi\u0105zanie przedstawionej przez Ciebie sprawy (cel okre\u015blany dalej jako \u201eKontaktowy\u201d). Podstaw\u0105 prawn\u0105 przetwarzania w tym wypadku jest art. 6 ust. 1 lit. f RODO, czyli prawnie uzasadniony interes realizowany przez administratora.<\/li><\/ul>\n\n\n\n<p><strong>5. CZAS PRZETWARZANIA DANYCH<\/strong><\/p>\n\n\n\n<ul><li>5.1. Dane przetwarzane w celu Wykonywania us\u0142ug, b\u0119dziemy przetwarza\u0107 dane do czasu ustania \u015bwiadczenia tych\u017ce us\u0142ug, ale przetwarzanie nie ustanie wcze\u015bniej, ni\u017c przed up\u0142ywem okresu przedawnienia roszcze\u0144 zwi\u0105zanych z wykonywan\u0105 umow\u0105 lub do czasu przedawnienia zobowi\u0105za\u0144 podatkowych zwi\u0105zanych z realizowanymi umowami.<\/li><li>5.2. Dane przetwarzane w celu Marketingowym b\u0119dziemy przetwarza\u0107 przez czas prowadzenia dzia\u0142a\u0144 marketingowych przez nas albo do czasu wyra\u017cenia przez Ciebie sprzeciwu wobec dalszego przetwarzania danych w celach marketingowych. W odniesieniu do wiadomo\u015bci marketingowych przekazywanych na adres e-mail lub telefon kom\u00f3rkowy, przetwarzanie w ww. celu ustanie z chwil\u0105 cofni\u0119cia zgody na jego wysy\u0142anie.<\/li><li>5.3. Dane przetwarzane w celu Kontaktowym b\u0119d\u0105 przetwarzane przez czas udzielenia odpowiedzi na zapytanie lub rozwi\u0105zanie zg\u0142oszonej sprawy. W niekt\u00f3rych wypadkach, czas ten mo\u017ce ulec przed\u0142u\u017ceniu do czasu przedawnienia roszcze\u0144 zwi\u0105zanych z za\u0142atwian\u0105 spraw\u0105 lub zapytaniem.<\/li><\/ul>\n\n\n\n<p><strong>6. TWOJE UPRAWNIENIA DOT. DANYCH OSOBOWYCH<\/strong><\/p>\n\n\n\n<ul><li>6.1. Masz prawo do:<ul><li>a) dost\u0119pu do Twoich danych;<\/li><li>b) ich poprawiania;<\/li><li>c) \u017c\u0105dania ich usuni\u0119cia;<\/li><li>d) ograniczenia przetwarzania;<\/li><li>e) wniesienia sprzeciwu co do przetwarzania Twoich danych osobowych;<\/li><\/ul><\/li><li>6.2. W odniesieniu do danych przetwarzanych w celu Wykonywania us\u0142ug, mo\u017cesz dodatkowo skorzysta\u0107 z poni\u017cszych prawa do przenoszenia danych osobowych, tj. do otrzymania od administratora Twoich danych osobowych.<\/li><li>6.3. Masz prawo do wycofania zgody w zakresie, w jakim s\u0105 przetwarzane na tej podstawie. Wycofanie zgody nie ma wp\u0142ywu na zgodno\u015b\u0107 z prawem przetwarzania, kt\u00f3rego dokonano na podstawie zgody przed jej wycofaniem.<\/li><li>6.4. W sytuacji, w kt\u00f3rej uwa\u017casz, \u017ce Twoje dane osobowe s\u0105 przetwarzane niezgodnie z prawem, mo\u017cesz wnie\u015b\u0107 skarg\u0119 do organu nadzorczego. W Polsce jest to Prezes Urz\u0119du Ochrony Danych Osobowych.<\/li><li>6.5. Prawo do sprzeciwu przetwarzania danych mo\u017cna zg\u0142osi\u0107 w dw\u00f3ch wypadkach:<ul><li>a) gdy przetwarzamy Twoje dane na potrzeby marketingu bezpo\u015bredniego \u2013 takiego sprzeciwu nie musisz uzasadnia\u0107;<\/li><li>b) na podstawie innych naszych prawnie uzasadnionych interes\u00f3w &#8211; taki sprzeciw wymaga uzasadnienia Twoj\u0105 szczeg\u00f3ln\u0105 sytuacj\u0105;<\/li><\/ul><\/li><\/ul>\n\n\n\n<p><strong>7. PODMIOTY, KT\u00d3RYM PRZEKAZYWANE S\u0104 TWOJE DANE<\/strong><\/p>\n\n\n\n<ul><li>7.1. Mo\u017cemy powierzy\u0107 przetwarzanie Twoich danych osobowych innemu podmiotowi na podstawie zawartej z nim umowy powierzenia przetwarzania danych osobowych.<\/li><li>7.2. W zwi\u0105zku z dzia\u0142alno\u015bci\u0105 Serwisu, Twoje dane b\u0119d\u0105 przekazywane do innych podmiot\u00f3w. B\u0119d\u0105 to: dostawcy narz\u0119dzi s\u0142u\u017c\u0105cych do analityki ruchu na stronie, prowadzenia marketingu, obs\u0142ugi newsletter\u00f3w i wysy\u0142ki e-maili oraz sms, podmioty zajmuj\u0105ce si\u0119 hostingiem danych, biura rachunkowe, agencje marketingowe, podmioty zajmuj\u0105ce si\u0119 bezpiecze\u0144stwem IT, podmioty zajmuj\u0105ce si\u0119 us\u0142ugami \u201ecallback\u201d, og\u0142oszeniodawcy do kt\u00f3rych skierujesz wiadomo\u015b\u0107 za po\u015brednictwem Serwisu, dostawcy oprogramowania s\u0142u\u017c\u0105cego do zarz\u0105dzania kontaktami z klientami (CRM).<\/li><li>7.3. Z uwagi m.in. na wsp\u00f3\u0142prac\u0119 z Google LLC oraz dostawc\u0105 oprogramowania do zarz\u0105dzania kontaktami z klientami (Zoho), Twoje dane b\u0119d\u0105 transferowane poza Europejski Obszar Gospodarczy do Stan\u00f3w Zjednoczonych. Masz prawo otrzymania kopii Twoich danych, kt\u00f3re zostan\u0105 tam przekazane. Podstaw\u0119 przekazania w tym wypadku stanowi Decyzja Wykonawcza Komisji Europejskiej z dnia 12.07.2016 r. wprowadzaj\u0105cej Tarcz\u0119 Prywatno\u015bci (tzw. Privacy Shield). Dane b\u0119d\u0105 przekazywane tylko do podmiot\u00f3w certyfikowanych w ramach tej decyzji.<\/li><\/ul>\n\n\n\n<p><strong>8. PLIKI COOKIES<\/strong><\/p>\n\n\n\n<ul><li>8.1. Wykorzystujemy pliki cookies (ciasteczka), czyli niewielkie informacje tekstowe, przechowywane na Twoim urz\u0105dzeniu ko\u0144cowym (np. komputerze, tablecie, smartfonie). Uzyskujemy dost\u0119p do informacji w nich zawartych w celach:<ul><li>a) Marketingowym, polegaj\u0105cym na zbieraniu informacji o tym, jakie dzia\u0142ania U\u017cytkownik podejmowa\u0142 w Serwisie, czyli jakie linki by\u0142y przez niego klikane i jakie podstrony Serwisu odwiedza\u0142, dopasowywaniu tre\u015bci Serwisu do zainteresowa\u0144 i potrzeb U\u017cytkownika, w tym poprzez generowanie spersonalizowanych tre\u015bci ( z uwzgl\u0119dnieniem reklam);<\/li><li>b) Analitycznym i statystycznym;<\/li><li>c) Optymalizacji i zapewnienia funkcjonalno\u015bci Serwisu \u2013 w tym uwierzytelniania u\u017cytkownika, utrzymanie stanu sesji, zapisywanie ustawie\u0144 Serwisu, zapewnienie sprawno\u015bci proces\u00f3w witryny internetowej;<\/li><li>d) Wy\u015bwietlania reklam dopasowanych do Twoich preferencji (reklamowe cookies). Nasze pliki cookies oraz pliki cookies dostawc\u00f3w zewn\u0119trznych (np. Google Adwords) s\u0105 wykorzystywane w celu prowadzenia kampanii marketingowych oraz kampanii remarketingowych docieraj\u0105cych z naszymi komunikatami marketingowymi do Ciebie, je\u017celi odwiedza\u0142e\u015b wcze\u015bniej nasze serwisy. Te pliki cookies pami\u0119taj\u0105, \u017ce odwiedzi\u0142e\u015b nasze serwisy i jakie aktywno\u015bci wykona\u0142e\u015b w naszych serwisach. Zebrane w ten spos\u00f3b informacje s\u0105 przekazywane do dostawc\u00f3w zewn\u0119trznych. U\u017cywamy plik\u00f3w cookies dostawc\u00f3w zewn\u0119trznych w celu Twojej identyfikacji na potrzeby wysy\u0142ki powiadomie\u0144 web push;<\/li><\/ul><\/li><li>8.2. Mo\u017cesz skonfigurowa\u0107 przegl\u0105dark\u0119 internetow\u0105 w spos\u00f3b, kt\u00f3ry uniemo\u017cliwia przechowywanie plik\u00f3w cookies na Twoim urz\u0105dzeniu ko\u0144cowym.<\/li><li>8.3. Mo\u017cesz usun\u0105\u0107 pliki cookies poprzez odpowiednie funkcje przegl\u0105darki internetowej, programy s\u0142u\u017c\u0105ce w tym celu lub skorzystanie z odpowiednich narz\u0119dzi dost\u0119pnych w ramach systemu operacyjnego, z kt\u00f3rego korzystasz. Pod tymi linkami zamieszczone s\u0105 informacje o sposobach usuni\u0119cia cookies w najpopularniejszych przegl\u0105darkach internetowych:<ul><li>Firefox: http:\/\/support.mozilla.org\/pl\/kb\/usuwanie-ciasteczek;<\/li><li>Opera: http:\/\/help.opera.com\/Linux\/9.60\/pl\/cookies.html;<\/li><li>Chrome: http:\/\/support.google.com\/chrome\/bin\/answer.py?hl=pl&amp;answer=95647;<\/li><li>Safari: http:\/\/support.apple.com\/kb\/HT1677?viewlocale=pl_PL;<\/li><\/ul><\/li><li>8.4. Zmiana konfiguracji przegl\u0105darki internetowej, kt\u00f3ra uniemo\u017cliwia lub ogranicza przechowywanie plik\u00f3w cookies na urz\u0105dzeniu ko\u0144cowym U\u017cytkownika mo\u017ce spowodowa\u0107 ograniczenia funkcjonalno\u015bci \u015bwiadczonych us\u0142ug. Do podobnych skutk\u00f3w mo\u017ce prowadzi\u0107 wykasowanie plik\u00f3w cookies w trakcie \u015bwiadczenia us\u0142ugi. Mo\u017ce to powodowa\u0107 brak mo\u017cliwo\u015bci zalogowania si\u0119 do Serwisu lub przerwanie sesji po zalogowaniu.<\/li><\/ul>\n","protected":false},"excerpt":{"rendered":"<p>1. POSTANOWIENIA WST\u0118PNE 1.1. Niniejsza Polityka prywatno\u015bci i plik\u00f3w cookies, zwana r\u00f3wnie\u017c \u201ePolityk\u0105\u201d, reguluje kwestie zwi\u0105zane z ochron\u0105 danych osobowych i plik\u00f3w cookies, stanowi\u0105c za\u0142\u0105cznik do Regulaminu serwisu Noclegowo.pl (dalej: Regulamin\u201d). 1.2. Definicje zastosowane w Regulaminie zachowuj\u0105 swoje znaczenie tak\u017ce w Polityce, chyba \u017ce stanowi ona inaczej: 2. ADMINISTRATOR I NASZE ZOBOWI\u0104ZANIE 2.1. Administratorem danych&#8230;<a class=\"excerpt-read-more\" href=\"https:\/\/www.noclegowo.pl\/przewodnik\/polityka-prywatnosci\/\" title=\"Read Polityka prywatno\u015bci i plik\u00f3w cookies\">read more<\/a><\/p>\n","protected":false},"author":9,"featured_media":0,"parent":0,"menu_order":0,"comment_status":"closed","ping_status":"closed","template":"template-fullwidth.php","meta":[],"yoast_head":"<!-- This site is optimized with the Yoast SEO plugin v17.8 - https:\/\/yoast.com\/wordpress\/plugins\/seo\/ -->\n<title>Polityka prywatno\u015bci i plik\u00f3w cookies - Blog Noclegowo\u00ae<\/title>\n<meta name=\"robots\" content=\"noindex, nofollow\" \/>\n<meta property=\"og:locale\" content=\"pl_PL\" \/>\n<meta property=\"og:type\" content=\"article\" \/>\n<meta property=\"og:title\" content=\"Polityka prywatno\u015bci i plik\u00f3w cookies - Blog Noclegowo\u00ae\" \/>\n<meta property=\"og:description\" content=\"1. POSTANOWIENIA WST\u0118PNE 1.1. Niniejsza Polityka prywatno\u015bci i plik\u00f3w cookies, zwana r\u00f3wnie\u017c \u201ePolityk\u0105\u201d, reguluje kwestie zwi\u0105zane z ochron\u0105 danych osobowych i plik\u00f3w cookies, stanowi\u0105c za\u0142\u0105cznik do Regulaminu serwisu Noclegowo.pl (dalej: Regulamin\u201d). 1.2. Definicje zastosowane w Regulaminie zachowuj\u0105 swoje znaczenie tak\u017ce w Polityce, chyba \u017ce stanowi ona inaczej: 2. ADMINISTRATOR I NASZE ZOBOWI\u0104ZANIE 2.1. Administratorem danych...read more\" \/>\n<meta property=\"og:url\" content=\"https:\/\/www.noclegowo.pl\/przewodnik\/polityka-prywatnosci\/\" \/>\n<meta property=\"og:site_name\" content=\"Blog Noclegowo\u00ae\" \/>\n<meta property=\"article:publisher\" content=\"https:\/\/www.facebook.com\/Noclegowo\/\" \/>\n<meta property=\"article:modified_time\" content=\"2021-05-13T07:38:37+00:00\" \/>\n<meta name=\"twitter:card\" content=\"summary_large_image\" \/>\n<meta name=\"twitter:label1\" content=\"Est. reading time\" \/>\n\t<meta name=\"twitter:data1\" content=\"7 minut\" \/>\n<script type=\"application\/ld+json\" class=\"yoast-schema-graph\">{\"@context\":\"https:\/\/schema.org\",\"@graph\":[{\"@type\":\"Organization\",\"@id\":\"https:\/\/www.noclegowo.pl\/przewodnik\/#organization\",\"name\":\"Noclegowo\",\"url\":\"https:\/\/www.noclegowo.pl\/przewodnik\/\",\"sameAs\":[\"https:\/\/www.facebook.com\/Noclegowo\/\"],\"logo\":{\"@type\":\"ImageObject\",\"@id\":\"https:\/\/www.noclegowo.pl\/przewodnik\/#logo\",\"inLanguage\":\"pl-PL\",\"url\":\"https:\/\/www.noclegowo.pl\/przewodnik\/wp-content\/uploads\/2018\/05\/LOGO-GREEN.jpg\",\"contentUrl\":\"https:\/\/www.noclegowo.pl\/przewodnik\/wp-content\/uploads\/2018\/05\/LOGO-GREEN.jpg\",\"width\":1028,\"height\":320,\"caption\":\"Noclegowo\"},\"image\":{\"@id\":\"https:\/\/www.noclegowo.pl\/przewodnik\/#logo\"}},{\"@type\":\"WebSite\",\"@id\":\"https:\/\/www.noclegowo.pl\/przewodnik\/#website\",\"url\":\"https:\/\/www.noclegowo.pl\/przewodnik\/\",\"name\":\"Blog Noclegowo\\u00ae\",\"description\":\"Przewodniki turystyczne, porady dla wynajmuj\\u0105cych\",\"publisher\":{\"@id\":\"https:\/\/www.noclegowo.pl\/przewodnik\/#organization\"},\"potentialAction\":[{\"@type\":\"SearchAction\",\"target\":{\"@type\":\"EntryPoint\",\"urlTemplate\":\"https:\/\/www.noclegowo.pl\/przewodnik\/?s={search_term_string}\"},\"query-input\":\"required name=search_term_string\"}],\"inLanguage\":\"pl-PL\"},{\"@type\":\"WebPage\",\"@id\":\"https:\/\/www.noclegowo.pl\/przewodnik\/polityka-prywatnosci\/#webpage\",\"url\":\"https:\/\/www.noclegowo.pl\/przewodnik\/polityka-prywatnosci\/\",\"name\":\"Polityka prywatno\\u015bci i plik\\u00f3w cookies - Blog Noclegowo\\u00ae\",\"isPartOf\":{\"@id\":\"https:\/\/www.noclegowo.pl\/przewodnik\/#website\"},\"datePublished\":\"2020-12-14T22:47:09+00:00\",\"dateModified\":\"2021-05-13T07:38:37+00:00\",\"breadcrumb\":{\"@id\":\"https:\/\/www.noclegowo.pl\/przewodnik\/polityka-prywatnosci\/#breadcrumb\"},\"inLanguage\":\"pl-PL\",\"potentialAction\":[{\"@type\":\"ReadAction\",\"target\":[\"https:\/\/www.noclegowo.pl\/przewodnik\/polityka-prywatnosci\/\"]}]},{\"@type\":\"BreadcrumbList\",\"@id\":\"https:\/\/www.noclegowo.pl\/przewodnik\/polityka-prywatnosci\/#breadcrumb\",\"itemListElement\":[{\"@type\":\"ListItem\",\"position\":1,\"name\":\"Home\",\"item\":\"https:\/\/www.noclegowo.pl\/przewodnik\/\"},{\"@type\":\"ListItem\",\"position\":2,\"name\":\"Polityka prywatno\\u015bci i plik\\u00f3w cookies\"}]}]}<\/script>\n<!-- \/ Yoast SEO plugin. -->","yoast_head_json":{"title":"Polityka prywatno\u015bci i plik\u00f3w cookies - Blog Noclegowo\u00ae","robots":{"index":"noindex","follow":"nofollow"},"og_locale":"pl_PL","og_type":"article","og_title":"Polityka prywatno\u015bci i plik\u00f3w cookies - Blog Noclegowo\u00ae","og_description":"1. POSTANOWIENIA WST\u0118PNE 1.1. Niniejsza Polityka prywatno\u015bci i plik\u00f3w cookies, zwana r\u00f3wnie\u017c \u201ePolityk\u0105\u201d, reguluje kwestie zwi\u0105zane z ochron\u0105 danych osobowych i plik\u00f3w cookies, stanowi\u0105c za\u0142\u0105cznik do Regulaminu serwisu Noclegowo.pl (dalej: Regulamin\u201d). 1.2. Definicje zastosowane w Regulaminie zachowuj\u0105 swoje znaczenie tak\u017ce w Polityce, chyba \u017ce stanowi ona inaczej: 2. ADMINISTRATOR I NASZE ZOBOWI\u0104ZANIE 2.1. Administratorem danych...read more","og_url":"https:\/\/www.noclegowo.pl\/przewodnik\/polityka-prywatnosci\/","og_site_name":"Blog Noclegowo\u00ae","article_publisher":"https:\/\/www.facebook.com\/Noclegowo\/","article_modified_time":"2021-05-13T07:38:37+00:00","twitter_card":"summary_large_image","twitter_misc":{"Est. reading time":"7 minut"},"schema":{"@context":"https:\/\/schema.org","@graph":[{"@type":"Organization","@id":"https:\/\/www.noclegowo.pl\/przewodnik\/#organization","name":"Noclegowo","url":"https:\/\/www.noclegowo.pl\/przewodnik\/","sameAs":["https:\/\/www.facebook.com\/Noclegowo\/"],"logo":{"@type":"ImageObject","@id":"https:\/\/www.noclegowo.pl\/przewodnik\/#logo","inLanguage":"pl-PL","url":"https:\/\/www.noclegowo.pl\/przewodnik\/wp-content\/uploads\/2018\/05\/LOGO-GREEN.jpg","contentUrl":"https:\/\/www.noclegowo.pl\/przewodnik\/wp-content\/uploads\/2018\/05\/LOGO-GREEN.jpg","width":1028,"height":320,"caption":"Noclegowo"},"image":{"@id":"https:\/\/www.noclegowo.pl\/przewodnik\/#logo"}},{"@type":"WebSite","@id":"https:\/\/www.noclegowo.pl\/przewodnik\/#website","url":"https:\/\/www.noclegowo.pl\/przewodnik\/","name":"Blog Noclegowo\u00ae","description":"Przewodniki turystyczne, porady dla wynajmuj\u0105cych","publisher":{"@id":"https:\/\/www.noclegowo.pl\/przewodnik\/#organization"},"potentialAction":[{"@type":"SearchAction","target":{"@type":"EntryPoint","urlTemplate":"https:\/\/www.noclegowo.pl\/przewodnik\/?s={search_term_string}"},"query-input":"required name=search_term_string"}],"inLanguage":"pl-PL"},{"@type":"WebPage","@id":"https:\/\/www.noclegowo.pl\/przewodnik\/polityka-prywatnosci\/#webpage","url":"https:\/\/www.noclegowo.pl\/przewodnik\/polityka-prywatnosci\/","name":"Polityka prywatno\u015bci i plik\u00f3w cookies - Blog Noclegowo\u00ae","isPartOf":{"@id":"https:\/\/www.noclegowo.pl\/przewodnik\/#website"},"datePublished":"2020-12-14T22:47:09+00:00","dateModified":"2021-05-13T07:38:37+00:00","breadcrumb":{"@id":"https:\/\/www.noclegowo.pl\/przewodnik\/polityka-prywatnosci\/#breadcrumb"},"inLanguage":"pl-PL","potentialAction":[{"@type":"ReadAction","target":["https:\/\/www.noclegowo.pl\/przewodnik\/polityka-prywatnosci\/"]}]},{"@type":"BreadcrumbList","@id":"https:\/\/www.noclegowo.pl\/przewodnik\/polityka-prywatnosci\/#breadcrumb","itemListElement":[{"@type":"ListItem","position":1,"name":"Home","item":"https:\/\/www.noclegowo.pl\/przewodnik\/"},{"@type":"ListItem","position":2,"name":"Polityka prywatno\u015bci i plik\u00f3w cookies"}]}]}},"_links":{"self":[{"href":"https:\/\/www.noclegowo.pl\/przewodnik\/wp-json\/wp\/v2\/pages\/16993"}],"collection":[{"href":"https:\/\/www.noclegowo.pl\/przewodnik\/wp-json\/wp\/v2\/pages"}],"about":[{"href":"https:\/\/www.noclegowo.pl\/przewodnik\/wp-json\/wp\/v2\/types\/page"}],"author":[{"embeddable":true,"href":"https:\/\/www.noclegowo.pl\/przewodnik\/wp-json\/wp\/v2\/users\/9"}],"replies":[{"embeddable":true,"href":"https:\/\/www.noclegowo.pl\/przewodnik\/wp-json\/wp\/v2\/comments?post=16993"}],"version-history":[{"count":1,"href":"https:\/\/www.noclegowo.pl\/przewodnik\/wp-json\/wp\/v2\/pages\/16993\/revisions"}],"predecessor-version":[{"id":16994,"href":"https:\/\/www.noclegowo.pl\/przewodnik\/wp-json\/wp\/v2\/pages\/16993\/revisions\/16994"}],"wp:attachment":[{"href":"https:\/\/www.noclegowo.pl\/przewodnik\/wp-json\/wp\/v2\/media?parent=16993"}],"curies":[{"name":"wp","href":"https:\/\/api.w.org\/{rel}","templated":true}]}}