{"id":16990,"date":"2020-12-14T23:44:52","date_gmt":"2020-12-14T22:44:52","guid":{"rendered":"https:\/\/www.noclegowo.pl\/przewodnik\/?page_id=16990"},"modified":"2023-12-21T16:34:56","modified_gmt":"2023-12-21T15:34:56","slug":"regulamin","status":"publish","type":"page","link":"https:\/\/www.noclegowo.pl\/przewodnik\/regulamin\/","title":{"rendered":"Regulamin Serwisu"},"content":{"rendered":"\n<h4 class=\"wp-block-heading\">DEFINICJE<\/h4>\n\n\n\n<p><strong>Agent rozliczeniowy<\/strong> &#8211; zewn\u0119trzna instytucja p\u0142atnicza, niezale\u017cna od Operatora, \u015bwiadcz\u0105ca us\u0142ugi p\u0142atno\u015bci online;<\/p>\n\n\n\n<p><strong>Konsument <\/strong>&#8211; osoba zdefiniowana w przepisie art. 22 ze zn. 1 Kodeksu cywilnego.<\/p>\n\n\n\n<p><strong>Obiekt<\/strong> &#8211; obiekt s\u0142u\u017c\u0105cy do \u015bwiadczenia us\u0142ug i zaspokajania potrzeb zwi\u0105zanych z turystyk\u0105, rekreacj\u0105 i wypoczynkiem;<\/p>\n\n\n\n<p><strong>Partner<\/strong> &#8211; U\u017cytkownik, kt\u00f3ry zamieszcza na \u0142amach Serwisu prezentacj\u0119 Obiektu w oparciu o postanowienia Regulaminu Partnera;<\/p>\n\n\n\n<p><strong>Operator<\/strong> &#8211; Grupa iTur sp. z o.o. zarejestrowana w S\u0105dzie Rejonowym dla \u0141odzi-\u015ar\u00f3dmie\u015bcia w \u0141odzi, XX Wydzia\u0142 Gospodarczy Krajowego Rejestru S\u0105dowego, pod numerem KRS: 0000363945;<\/p>\n\n\n\n<p><strong>Regulamin<\/strong> &#8211; niniejszy dokument, stanowi\u0105cy \u017ar\u00f3d\u0142o praw i obowi\u0105zk\u00f3w zwi\u0105zanych z korzystaniem z Serwisu;<\/p>\n\n\n\n<p><strong>Serwis<\/strong> (zwany tak\u017ce Noclegowo) &#8211; strony internetowe znajduj\u0105ce si\u0119 w domenie noclegowo.pl wraz z ich integralnymi cz\u0119\u015bciami;<\/p>\n\n\n\n<p><strong>Tre\u015bci<\/strong> &#8211; tekst, grafika, zdj\u0119cia, obrazy, materia\u0142y multimedialne (audio i video) oraz odno\u015bniki zewn\u0119trzne do powy\u017cszych, publikowane w Serwisie przez U\u017cytkownika;<\/p>\n\n\n\n<p><strong>U\u017cytkownik<\/strong> &#8211; ka\u017cda osoba, kt\u00f3ra korzysta z serwisu Noclegowo;<\/p>\n\n\n\n<p><strong>Za\u0142\u0105cznik<\/strong> &#8211; integralna cz\u0119\u015b\u0107 Regulaminu, kompleksowo reguluj\u0105ca dane zagadnienie.<\/p>\n\n\n\n<p>1. POSTANOWIENIA OG\u00d3LNE<\/p>\n\n\n\n<p>1.1. Noclegowo \u015bwiadczy U\u017cytkownikom swoje us\u0142ugi w oparciu o niniejszy Regulamin<\/p>\n\n\n\n<p>1.2. Serwis zastrzega sobie mo\u017cliwo\u015b\u0107 zmian postanowie\u0144 niniejszego Regulaminu z jednej z nast\u0119puj\u0105cych przyczyn: zmiana w zakresie us\u0142ug \u015bwiadczonych w ramach Serwisu; zmiana przepis\u00f3w prawa rzutuj\u0105ca na us\u0142ugi \u015bwiadczone przez Serwis.<\/p>\n\n\n\n<p>1.3. W przypadku zmiany Regulaminu, o powy\u017cszym fakcie U\u017cytkownicy zostan\u0105 poinformowani z 14-dniowym wyprzedzeniem na przekazane Operatorowi adresy e-mail. Je\u017celi zmiany nie zostan\u0105 zaakceptowane przez U\u017cytkownika, jedynym wyj\u015bciem b\u0119dzie zaprzestanie korzystania z Serwisu i wypowiedzenie umowy z Operatorem.<\/p>\n\n\n\n<p>1.4. Do korzystania z serwisu niezb\u0119dny jest komputer lub inne urz\u0105dzenie z dost\u0119pem do Internetu, wyposa\u017cone w przegl\u0105dark\u0119 internetow\u0105. Do prawid\u0142owego funkcjonowania serwisu po stronie U\u017cytkownika konieczne mo\u017ce by\u0107 r\u00f3wnie\u017c w\u0142\u0105czenie obs\u0142ugi JavaScript, jak r\u00f3wnie\u017c uaktywnienie obs\u0142ugi plik\u00f3w &#8222;cookies&#8221;.<\/p>\n\n\n\n<p>2. DZIA\u0141ALNO\u015a\u0106 SERWISU<\/p>\n\n\n\n<p>2.1. Noclegowo zapewnia platform\u0119 internetow\u0105 umo\u017cliwiaj\u0105ca wyszukiwanie miejsc noclegowych i dokonywanie rezerwacji.<\/p>\n\n\n\n<p>2.2. Noclegowo nie zamieszcza prezentacji Obiekt\u00f3w we w\u0142asnym imieniu, jak r\u00f3wnie\u017c nie uczestniczy jako strona w zawieraniu ewentualnych um\u00f3w pomi\u0119dzy U\u017cytkownikami.<\/p>\n\n\n\n<p>2.3. Tre\u015bci, w tym prezentacje Obiekt\u00f3w, zamieszczane przez U\u017cytkownik\u00f3w na stronie internetowej nie s\u0105 uprzednio weryfikowane przez Noclegowo pod wzgl\u0119dem ich legalno\u015bci, poprawno\u015bci oraz kompletno\u015bci i nie przedstawiaj\u0105 pogl\u0105d\u00f3w Noclegowo. Serwis nie ponosi odpowiedzialno\u015bci za Tre\u015bci publikowane przez osoby trzecie oraz nie odpowiada za tre\u015b\u0107 komunikat\u00f3w przesy\u0142anych pomi\u0119dzy U\u017cytkownikami.<\/p>\n\n\n\n<p>2.4. Noclegowo zastrzega sobie prawo do usuni\u0119cia Tre\u015bci, kt\u00f3re narusza\u0142yby przepisy prawa lub sta\u0142yby w sprzeczno\u015bci z dobrymi obyczajami. W szczeg\u00f3lno\u015bci, Serwis mo\u017ce dokona\u0107 usuni\u0119cia Tre\u015bci, kt\u00f3re nosz\u0105 znamiona czynu nieuczciwej konkurencji, naruszaj\u0105 prawa autorskie lub dobra osobiste. Za wyj\u0105tkiem w pe\u0142ni klarownych przypadk\u00f3w narusze\u0144, Tre\u015bci mog\u0105 zosta\u0107 usuni\u0119te z Serwisu moc\u0105 zobowi\u0105zania przed\u0142o\u017conego przez stosowny organ w\u0142adzy publicznej (S\u0105d, organ \u015bcigania, organ administracji pa\u0144stwowej), w konsekwencji przeprowadzonego post\u0119powania przygotowawczego, s\u0105dowego lub administracyjnego. Niezale\u017cnie jednak od powy\u017cszego, Serwis zastrzega sobie uprawnienie do usuni\u0119cia w ka\u017cdym czasie Tre\u015bci, w kt\u00f3rych znajduj\u0105 si\u0119 odniesienia do dzia\u0142alno\u015bci konkurencyjnej dla Serwisu lub kt\u00f3re maj\u0105 na celu promowanie tego rodzaju dzia\u0142alno\u015bci konkurencyjnej.<\/p>\n\n\n\n<p>2.5. Noclegowo do\u0142o\u017cy wszelkich stara\u0144, by zapewni\u0107 nieprzerwane funkcjonowanie serwisu. Operator zastrzega mo\u017cliwo\u015b\u0107 wyst\u0105pienia czasowych przerw i ogranicze\u0144 w tym zakresie, w wyniku prac konserwacyjnych lub modernizacji.<\/p>\n\n\n\n<p>3. REJESTRACJA W SERWISIE<\/p>\n\n\n\n<p>3.1. W celu uzyskania dost\u0119pu do niekt\u00f3rych funkcji Serwisu konieczna jest rejestracja. Proces rejestracji mo\u017cliwy jest poprzez odpowiednie formularze w serwisie lub po\u0142\u0105czenie za po\u015brednictwem swojego konta zewn\u0119trznego np. Facebook. Dzi\u0119ki zarejestrowaniu si\u0119 w Serwisie, U\u017cytkownik otrzymuje m.in. dost\u0119p do funkcjonalno\u015bci w postaci: mo\u017cliwo\u015bci korzystania z danych w uprzednio wype\u0142nianych formularzach, zapisywania wybranych Obiekt\u00f3w do p\u00f3\u017aniejszego wykorzystania, wgl\u0105du w histori\u0119 swojej dotychczasowej aktywno\u015bci w Serwisie.<\/p>\n\n\n\n<p>3.2. Substytutem rejestracji umo\u017cliwiaj\u0105cym korzystanie z zasob\u00f3w Noclegowo jest r\u00f3wnie\u017c klikni\u0119cie przez U\u017cytkownika w stosowny odno\u015bnik prowadz\u0105cy do zasob\u00f3w Serwisu, przes\u0142any na wskazany adres e-mail. W takim wypadku, a\u017c do czasu wylogowania, status U\u017cytkownika korzystaj\u0105cego z Serwisu b\u0119dzie pokrywa\u0142 si\u0119 ze statusem U\u017cytkownika zarejestrowanego. W uzupe\u0142nieniu powy\u017cszego, U\u017cytkownik mo\u017ce w ka\u017cdej chwili wyst\u0105pi\u0107 o nadanie has\u0142a, co b\u0119dzie skutkowa\u0142o formaln\u0105 rejestracj\u0105 w Serwisie.<\/p>\n\n\n\n<p>3.3. Nazwa profilu U\u017cytkownika nie mo\u017ce by\u0107 szkodliwa dla innych nazw, znak\u00f3w towarowych, czy te\u017c praw innych os\u00f3b, jak r\u00f3wnie\u017c nie mo\u017ce narusza\u0107 dobrych obyczaj\u00f3w.<\/p>\n\n\n\n<p>4. OBOWI\u0104ZKI U\u017bYTKOWNIKA<\/p>\n\n\n\n<p>4.1. U\u017cytkownik dla swojego bezpiecze\u0144stwa powinien podj\u0105\u0107 \u015brodki ostro\u017cno\u015bci maj\u0105ce na celu uniemo\u017cliwienie dost\u0119pu do swojego konta osobom trzecim, w szczeg\u00f3lno\u015bci poprzez nieujawnianie has\u0142a do konta osobom nieuprawnionym.<\/p>\n\n\n\n<p>4.2. U\u017cytkownicy zobowi\u0105zani s\u0105 do nie wywierania wp\u0142ywu na bezpiecze\u0144stwo, integralno\u015b\u0107 i dost\u0119pno\u015b\u0107 Serwisu. U\u017cytkownicy nie mog\u0105 blokowa\u0107 generowanych tre\u015bci, przepisywa\u0107, modyfikowa\u0107 lub w jakikolwiek inny spos\u00f3b zak\u0142\u00f3ca\u0107 us\u0142ug Noclegowo.<\/p>\n\n\n\n<p>4.3. U\u017cytkownik nie mo\u017ce prowadzi\u0107 dzia\u0142a\u0144 polegaj\u0105cych na wysy\u0142aniu innym U\u017cytkownikom za po\u015brednictwem Serwisu niezam\u00f3wionych informacji handlowych.<\/p>\n\n\n\n<p>5. PUBLIKACJA TRE\u015aCI<\/p>\n\n\n\n<p>5.1. Zabronione jest zamieszczanie Tre\u015bci, kt\u00f3re \u0142ami\u0105 przepisy prawa bezwzgl\u0119dnie obowi\u0105zuj\u0105cego, naruszaj\u0105 prawa os\u00f3b trzecich lub dobre obyczaje. Obowi\u0105zkiem U\u017cytkownika jest publikowanie Tre\u015bci w Serwisie w zgodzie z obowi\u0105zuj\u0105cymi przepisami prawa i zasadami wsp\u00f3\u0142\u017cycia spo\u0142ecznego.<\/p>\n\n\n\n<p>5.2. Dostarczaj\u0105c Tre\u015bci, U\u017cytkownik udziela Operatorowi nieograniczonej, nieodp\u0142atnej, niewy\u0142\u0105cznej, nieograniczonej czasowo i terytorialnie licencji z prawem sublicencjonowania na wykorzystanie praw w\u0142asno\u015bci intelektualnej. Uprawnienie to obejmuje przetwarzanie, archiwizowanie, reprodukcj\u0119, rozpowszechnianie w ca\u0142o\u015bci lub cz\u0119\u015bciowo, tak\u017ce w celu wykorzystania w urz\u0105dzeniach mobilnych lub mediach tradycyjnych, za po\u015brednictwem sieci Internet. U\u017cytkownik mo\u017ce w ka\u017cdej chwili \u017c\u0105da\u0107 usuni\u0119cia dostarczonej Tre\u015bci z serwisu Noclegowo, co b\u0119dzie warunkowa\u0142o r\u00f3wnie\u017c mo\u017cliwo\u015b\u0107 usuni\u0119cia Tre\u015bci z odpowiedniego serwisu partnerskiego lub wsp\u00f3\u0142pracuj\u0105cego.<\/p>\n\n\n\n<p>5.3. Operator zastrzega, \u017ce dane kontaktowe udost\u0119pnione publicznie na \u0142amach Serwisu przez U\u017cytkownik\u00f3w, s\u0105 widoczne dla wszystkich u\u017cytkownik\u00f3w Internetu. W zwi\u0105zku z powy\u017cszym, Operator nie odpowiada za ich niew\u0142a\u015bciwe wykorzystanie przez osoby trzecie.<\/p>\n\n\n\n<p>5.4. Adresy e-mail, numery telefon\u00f3w, odno\u015bniki do stron www oraz pozosta\u0142e dane kontaktowe mog\u0105 by\u0107 zamieszczane wy\u0142\u0105cznie we wskazanych polach formularzy. Operator zastrzega sobie prawo do usuni\u0119cia takich danych, je\u017celi b\u0119d\u0105 publikowane niezgodnie z przeznaczeniem.<\/p>\n\n\n\n<p>6. US\u0141UGA REZERWACYJNA<\/p>\n\n\n\n<p>6.1. U\u017cytkownik mo\u017ce w odniesieniu do odpowiednio oznaczonych Serwisie Obiekt\u00f3w skorzysta\u0107 z us\u0142ugi polegaj\u0105cej na dokonywaniu rezerwacji pobytu (dalej: \u201cus\u0142uga rezerwacyjna\u201d).<\/p>\n\n\n\n<p>6.2. U\u017cytkownik chc\u0105cy skorzysta\u0107 z us\u0142ugi rezerwacyjnej, w drodze wype\u0142nienia stosownego formularza winien wskaza\u0107 w szczeg\u00f3lno\u015bci odpowiadaj\u0105cy mu termin pobytu oraz liczb\u0119 os\u00f3b. W terminie 24 godzin od czasu przekazania zapytania o dost\u0119pno\u015b\u0107, Partner b\u0119d\u0105cy jego adresatem jest zobowi\u0105zany do ewentualnego potwierdzenia dost\u0119pno\u015bci i ceny pobytu w Obiekcie. W razie braku potwierdzenia w ww. terminie, rezerwacja jest uznawana za anulowan\u0105.<\/p>\n\n\n\n<p>6.3. Po przekazaniu potwierdzenia przez Partnera b\u0119d\u0105cego adresatem zapytania, U\u017cytkownikowi zostaje wskazana wysoko\u015b\u0107 i termin wniesienia zadatku w zwi\u0105zku z zawieran\u0105 umow\u0105 rezerwacyjn\u0105. Na adres e-mail U\u017cytkownika zostanie wys\u0142any link do dokonania p\u0142atno\u015bci. Wniesienie zadatku jest poczytywane jako moment zawarcia umowy rezerwacyjnej mi\u0119dzy Partner, a U\u017cytkownikiem.<\/p>\n\n\n\n<p>6.4. W przypadku braku dost\u0119pno\u015bci terminu wskazanego przez U\u017cytkownika w zapytaniu, Partner mo\u017ce zaoferowa\u0107 inny termin lub zakwaterowanie, przekazuj\u0105c now\u0105 ofert\u0119 za po\u015brednictwem Serwisu. W przypadku ch\u0119ci skorzystania z nowej oferty, U\u017cytkownik mo\u017ce przes\u0142a\u0107 swoje o\u015bwiadczenie poprzez Serwis.<\/p>\n\n\n\n<p>6.5. W ramach Us\u0142ugi rezerwacyjnej, udost\u0119pnione zostaj\u0105 nast\u0119puj\u0105ce formy p\u0142atno\u015bci: karty p\u0142atnicze (Visa, Visa Electron, MasterCard, MasterCard Electronic, Maestro), p\u0142atno\u015bci on-line, BLIK.<\/p>\n\n\n\n<p>6.6. Agentem rozliczeniowym \u015bwiadcz\u0105cym obs\u0142ug\u0119 p\u0142atno\u015bci jest Autopay S.A. (wcze\u015bniej Blue Media S.A.), kt\u00f3ry dokonuje przekazania wniesionej przez U\u017cytkownika op\u0142aty na rachunek bankowy Partnerowi.<\/p>\n\n\n\n<p>6.7. W przypadku p\u0142atno\u015bci kart\u0105 p\u0142atnicz\u0105, termin realizacji liczy si\u0119 od momentu pozytywnej autoryzacji transakcji.<\/p>\n\n\n\n<p>6.8. W przypadku wyst\u0105pienia konieczno\u015b\u0107 zwrotu \u015brodk\u00f3w za transakcj\u0119 dokonan\u0105 przez kart\u0105 p\u0142atnicz\u0105, zwrot uiszczonej kwoty zostanie dokonany na rachunek bankowy przypisany do karty p\u0142atniczej U\u017cytkownika.<\/p>\n\n\n\n<p>6.9. Operator nie jest wykonawc\u0105, wsp\u00f3\u0142wykonawc\u0105 ani zlecaj\u0105cym wykonanie us\u0142ug oferowanych i \u015bwiadczonych przez Partner\u00f3w, a jedynie po\u015bredniczy w dokonywaniu rezerwacji U\u017cytkownik\u00f3w. Warunki realizacji us\u0142ug okre\u015bla ka\u017cdorazowo Partner. Za szkody powsta\u0142e na skutek \u015bwiadczenia us\u0142ug w Obiekcie, prowadzonym lub reprezentowanym przez Partnera, odpowiada ten podmiot.<\/p>\n\n\n\n<p>6.10. Co do zasady, wp\u0142acony zadatek, o kt\u00f3rym mowa w pkt. 6.3., nie podlega zwrotowi, o ile warunki rezerwacji wskazane przez Partnera nie stanowi\u0142y inaczej.<\/p>\n\n\n\n<p>6.11. W przypadku konieczno\u015bci anulowania rezerwacji, niezb\u0119dne jest zg\u0142oszenie tego faktu za pomoc\u0105 w\u0142a\u015bciwego formularza, udost\u0119pnionego U\u017cytkownikowi w Serwisie. Zwrot wp\u0142aconego zadatku mo\u017cliwy jest wy\u0142\u0105cznie z zastrze\u017ceniem pkt. 6.10.<\/p>\n\n\n\n<p>7. WY\u0141\u0104CZENIA ODPOWIEDZIALNO\u015aCI<\/p>\n\n\n\n<p>7.1. Noclegowo nie ponosi odpowiedzialno\u015bci za zachowania U\u017cytkownik\u00f3w.<\/p>\n\n\n\n<p>7.2. U\u017cytkownik jest odpowiedzialny za Tre\u015bci publikowane przez niego w Serwisie.<\/p>\n\n\n\n<p>7.3. U\u017cytkownik zwolni Noclegowo z odpowiedzialno\u015bci ponoszonej w zakresie uzasadnionych roszcze\u0144 os\u00f3b trzecich, kt\u00f3re s\u0105 formu\u0142owane przeciwko Operatorowi w zwi\u0105zku z naruszeniem postanowie\u0144 Regulaminu, za kt\u00f3re U\u017cytkownik jest odpowiedzialny.<\/p>\n\n\n\n<p>8. OBOWI\u0104ZYWANIE UMOWY I ODST\u0104PIENIE OD UMOWY<\/p>\n\n\n\n<p>8.1. Umowa U\u017cytkownika z Serwisem o za\u0142o\u017cenie i utrzymywanie konta obowi\u0105zuje na czas nieokre\u015blony. Do zawarcia umowy dochodzi z chwil\u0105 rejestracji w Serwisie.<\/p>\n\n\n\n<p>8.2. U\u017cytkownik mo\u017ce wypowiedzie\u0107 umow\u0119 o za\u0142o\u017cenie konta w Serwisie w dowolnej chwili. Powiadomienie o wypowiedzeniu umowy skierowane do Serwisu (np. w formie pisemnej lub w wiadomo\u015bci e-mail) jest wystarczaj\u0105ce.<\/p>\n\n\n\n<p>8.3. Operator mo\u017ce wypowiedzie\u0107 umow\u0119 z U\u017cytkownikiem jedynie w razie zaistnienia jednej z nast\u0119puj\u0105cych przyczyn: dzia\u0142alno\u015b\u0107 Serwisu zostanie zako\u0144czona; U\u017cytkownik uporczywie narusza postanowienia niniejszego Regulaminu, mimo upomnienia zawieraj\u0105cego wskazanie rodzaju uchybienia, wys\u0142anego na adres e-mail podany przez U\u017cytkownika; U\u017cytkownik zamie\u015bci\u0142 na \u0142amach Serwisu Tre\u015b\u0107 o charakterze bezprawnym.<\/p>\n\n\n\n<p>8.4. Je\u017celi U\u017cytkownik jest Konsumentem, w\u00f3wczas przys\u0142uguje mu prawo odst\u0105pienia od umowy o za\u0142o\u017cenie konta w Serwisie, bez podania przyczyn, poprzez z\u0142o\u017cenie o\u015bwiadczenia w terminie 14 dni od dnia jej zawarcia.<\/p>\n\n\n\n<p>8.5. Aby skorzysta\u0107 z prawa odst\u0105pienia od umowy o za\u0142o\u017cenie konta, U\u017cytkownik powinien poinformowa\u0107 Operatora o swojej decyzji o odst\u0105pieniu od umowy w drodze jednoznacznego o\u015bwiadczenia (na przyk\u0142ad z\u0142o\u017conego na pi\u015bmie przes\u0142anym poczt\u0105 lub poczt\u0105 elektroniczn\u0105 na adres Serwisu). Aby zachowa\u0107 termin do odst\u0105pienia od umowy o za\u0142o\u017cenie konta wystarczy, aby U\u017cytkownik wys\u0142a\u0142 informacj\u0119 dotycz\u0105c\u0105 wykonania przys\u0142uguj\u0105cego mu prawa odst\u0105pienia od umowy przed up\u0142ywem terminu do odst\u0105pienia od umowy.<\/p>\n\n\n\n<p>9. POST\u0118POWANIE REKLAMACYJNE<\/p>\n\n\n\n<p>9.1. U\u017cytkownik mo\u017ce z\u0142o\u017cy\u0107 reklamacj\u0119 w zwi\u0105zku z us\u0142ugami \u015bwiadczonymi przez Noclegowo.<\/p>\n\n\n\n<p>9.2. Reklamacj\u0119 mo\u017cna z\u0142o\u017cy\u0107 tak\u017ce w formie elektronicznej na adres e-mail: pomoc@noclegowo.pl, w tytule wiadomo\u015bci podaj\u0105c &#8222;Reklamacja Noclegowo&#8221;. Reklamacja powinna zawiera\u0107 co najmniej adres e-mail U\u017cytkownika lub spos\u00f3b kontaktu z U\u017cytkownikiem oraz opis zg\u0142aszanych zastrze\u017ce\u0144.<\/p>\n\n\n\n<p>9.3. Je\u017celi podane w reklamacji dane lub informacje wymagaj\u0105 uzupe\u0142nienia, przed rozpatrzeniem reklamacji Noclegowo zwraca si\u0119 do sk\u0142adaj\u0105cego reklamacj\u0119 o jej uzupe\u0142nienie we wskazanym zakresie.<\/p>\n\n\n\n<p>9.4. Noclegowo rozpoznaje reklamacj\u0119 w terminie 30 dni od daty jej otrzymania w postaci umo\u017cliwiaj\u0105cej ustosunkowanie si\u0119 do jej tre\u015bci.<\/p>\n\n\n\n<p>9.5. W razie prowadzenia korespondencji elektronicznej, odpowied\u017a na reklamacj\u0119 wysy\u0142ana jest wy\u0142\u0105cznie na adres e-mail przypisany do konta danego U\u017cytkownika. W szczeg\u00f3lnie uzasadnionych przypadkach, Noclegowo mo\u017ce wys\u0142a\u0107 odpowied\u017a na inny adres e-mail, kt\u00f3ry zosta\u0142 wskazany przez sk\u0142adaj\u0105cego reklamacj\u0119.<\/p>\n\n\n\n<p>10. PRAWO W\u0141A\u015aCIWE I WA\u017bNO\u015a\u0106<\/p>\n\n\n\n<p>10.1. Niniejszy Regulamin podlega przepisom prawa polskiego.<\/p>\n\n\n\n<p>10.2. Je\u015bli jakiekolwiek postanowienia niniejszego Regulaminu stan\u0105 si\u0119 ca\u0142kowicie lub cz\u0119\u015bciowo niewa\u017cne, pozosta\u0142e postanowienia Regulaminu zachowuj\u0105 sw\u0105 wa\u017cno\u015b\u0107 i moc obowi\u0105zuj\u0105c\u0105.<\/p>\n\n\n\n<p>10.3. Zawarto\u015b\u0107 Serwisu nie mo\u017ce by\u0107 kopiowana ani rozpowszechniana ani w inny spos\u00f3b wykorzystana lub powielona bez uprzedniej zgody Opertora. Dotyczy to r\u00f3wnie\u017c kopiowania na drodze technologii wyszukiwarek internetowych lub poprzez inne mechanizmy.<\/p>\n\n\n\n<p>11. ZA\u0141\u0104CZNIKI<\/p>\n\n\n\n<p>Regulamin zawiera nast\u0119puj\u0105ce za\u0142\u0105czniki, kt\u00f3re stanowi\u0105 jego integraln\u0105 cz\u0119\u015b\u0107:.<\/p>\n\n\n\n<p>Za\u0142\u0105cznik 1:&nbsp;<a href=\"https:\/\/www.noclegowo.pl\/przewodnik\/polityka-prywatnosci\/\">Polityka Prywatno\u015bci<\/a><\/p>\n","protected":false},"excerpt":{"rendered":"<p>DEFINICJE Agent rozliczeniowy &#8211; zewn\u0119trzna instytucja p\u0142atnicza, niezale\u017cna od Operatora, \u015bwiadcz\u0105ca us\u0142ugi p\u0142atno\u015bci online; Konsument &#8211; osoba zdefiniowana w przepisie art. 22 ze zn. 1 Kodeksu cywilnego. Obiekt &#8211; obiekt s\u0142u\u017c\u0105cy do \u015bwiadczenia us\u0142ug i zaspokajania potrzeb zwi\u0105zanych z turystyk\u0105, rekreacj\u0105 i wypoczynkiem; Partner &#8211; U\u017cytkownik, kt\u00f3ry zamieszcza na \u0142amach Serwisu prezentacj\u0119 Obiektu w oparciu&#8230;<a class=\"excerpt-read-more\" href=\"https:\/\/www.noclegowo.pl\/przewodnik\/regulamin\/\" title=\"Read Regulamin Serwisu\">read more<\/a><\/p>\n","protected":false},"author":9,"featured_media":0,"parent":0,"menu_order":0,"comment_status":"closed","ping_status":"closed","template":"template-fullwidth.php","meta":[],"yoast_head":"<!-- This site is optimized with the Yoast SEO plugin v17.8 - https:\/\/yoast.com\/wordpress\/plugins\/seo\/ -->\n<title>Regulamin Serwisu - Blog Noclegowo\u00ae<\/title>\n<meta name=\"robots\" content=\"noindex, nofollow\" \/>\n<meta property=\"og:locale\" content=\"pl_PL\" \/>\n<meta property=\"og:type\" content=\"article\" \/>\n<meta property=\"og:title\" content=\"Regulamin Serwisu - Blog Noclegowo\u00ae\" \/>\n<meta property=\"og:description\" content=\"DEFINICJE Agent rozliczeniowy &#8211; zewn\u0119trzna instytucja p\u0142atnicza, niezale\u017cna od Operatora, \u015bwiadcz\u0105ca us\u0142ugi p\u0142atno\u015bci online; Konsument &#8211; osoba zdefiniowana w przepisie art. 22 ze zn. 1 Kodeksu cywilnego. Obiekt &#8211; obiekt s\u0142u\u017c\u0105cy do \u015bwiadczenia us\u0142ug i zaspokajania potrzeb zwi\u0105zanych z turystyk\u0105, rekreacj\u0105 i wypoczynkiem; Partner &#8211; U\u017cytkownik, kt\u00f3ry zamieszcza na \u0142amach Serwisu prezentacj\u0119 Obiektu w oparciu...read more\" \/>\n<meta property=\"og:url\" content=\"https:\/\/www.noclegowo.pl\/przewodnik\/regulamin\/\" \/>\n<meta property=\"og:site_name\" content=\"Blog Noclegowo\u00ae\" \/>\n<meta property=\"article:publisher\" content=\"https:\/\/www.facebook.com\/Noclegowo\/\" \/>\n<meta property=\"article:modified_time\" content=\"2023-12-21T15:34:56+00:00\" \/>\n<meta name=\"twitter:card\" content=\"summary_large_image\" \/>\n<meta name=\"twitter:label1\" content=\"Est. reading time\" \/>\n\t<meta name=\"twitter:data1\" content=\"11 minut\" \/>\n<script type=\"application\/ld+json\" class=\"yoast-schema-graph\">{\"@context\":\"https:\/\/schema.org\",\"@graph\":[{\"@type\":\"Organization\",\"@id\":\"https:\/\/www.noclegowo.pl\/przewodnik\/#organization\",\"name\":\"Noclegowo\",\"url\":\"https:\/\/www.noclegowo.pl\/przewodnik\/\",\"sameAs\":[\"https:\/\/www.facebook.com\/Noclegowo\/\"],\"logo\":{\"@type\":\"ImageObject\",\"@id\":\"https:\/\/www.noclegowo.pl\/przewodnik\/#logo\",\"inLanguage\":\"pl-PL\",\"url\":\"https:\/\/www.noclegowo.pl\/przewodnik\/wp-content\/uploads\/2018\/05\/LOGO-GREEN.jpg\",\"contentUrl\":\"https:\/\/www.noclegowo.pl\/przewodnik\/wp-content\/uploads\/2018\/05\/LOGO-GREEN.jpg\",\"width\":1028,\"height\":320,\"caption\":\"Noclegowo\"},\"image\":{\"@id\":\"https:\/\/www.noclegowo.pl\/przewodnik\/#logo\"}},{\"@type\":\"WebSite\",\"@id\":\"https:\/\/www.noclegowo.pl\/przewodnik\/#website\",\"url\":\"https:\/\/www.noclegowo.pl\/przewodnik\/\",\"name\":\"Blog Noclegowo\\u00ae\",\"description\":\"Przewodniki turystyczne, porady dla wynajmuj\\u0105cych\",\"publisher\":{\"@id\":\"https:\/\/www.noclegowo.pl\/przewodnik\/#organization\"},\"potentialAction\":[{\"@type\":\"SearchAction\",\"target\":{\"@type\":\"EntryPoint\",\"urlTemplate\":\"https:\/\/www.noclegowo.pl\/przewodnik\/?s={search_term_string}\"},\"query-input\":\"required name=search_term_string\"}],\"inLanguage\":\"pl-PL\"},{\"@type\":\"WebPage\",\"@id\":\"https:\/\/www.noclegowo.pl\/przewodnik\/regulamin\/#webpage\",\"url\":\"https:\/\/www.noclegowo.pl\/przewodnik\/regulamin\/\",\"name\":\"Regulamin Serwisu - Blog Noclegowo\\u00ae\",\"isPartOf\":{\"@id\":\"https:\/\/www.noclegowo.pl\/przewodnik\/#website\"},\"datePublished\":\"2020-12-14T22:44:52+00:00\",\"dateModified\":\"2023-12-21T15:34:56+00:00\",\"breadcrumb\":{\"@id\":\"https:\/\/www.noclegowo.pl\/przewodnik\/regulamin\/#breadcrumb\"},\"inLanguage\":\"pl-PL\",\"potentialAction\":[{\"@type\":\"ReadAction\",\"target\":[\"https:\/\/www.noclegowo.pl\/przewodnik\/regulamin\/\"]}]},{\"@type\":\"BreadcrumbList\",\"@id\":\"https:\/\/www.noclegowo.pl\/przewodnik\/regulamin\/#breadcrumb\",\"itemListElement\":[{\"@type\":\"ListItem\",\"position\":1,\"name\":\"Home\",\"item\":\"https:\/\/www.noclegowo.pl\/przewodnik\/\"},{\"@type\":\"ListItem\",\"position\":2,\"name\":\"Regulamin Serwisu\"}]}]}<\/script>\n<!-- \/ Yoast SEO plugin. -->","yoast_head_json":{"title":"Regulamin Serwisu - Blog Noclegowo\u00ae","robots":{"index":"noindex","follow":"nofollow"},"og_locale":"pl_PL","og_type":"article","og_title":"Regulamin Serwisu - Blog Noclegowo\u00ae","og_description":"DEFINICJE Agent rozliczeniowy &#8211; zewn\u0119trzna instytucja p\u0142atnicza, niezale\u017cna od Operatora, \u015bwiadcz\u0105ca us\u0142ugi p\u0142atno\u015bci online; Konsument &#8211; osoba zdefiniowana w przepisie art. 22 ze zn. 1 Kodeksu cywilnego. Obiekt &#8211; obiekt s\u0142u\u017c\u0105cy do \u015bwiadczenia us\u0142ug i zaspokajania potrzeb zwi\u0105zanych z turystyk\u0105, rekreacj\u0105 i wypoczynkiem; Partner &#8211; U\u017cytkownik, kt\u00f3ry zamieszcza na \u0142amach Serwisu prezentacj\u0119 Obiektu w oparciu...read more","og_url":"https:\/\/www.noclegowo.pl\/przewodnik\/regulamin\/","og_site_name":"Blog Noclegowo\u00ae","article_publisher":"https:\/\/www.facebook.com\/Noclegowo\/","article_modified_time":"2023-12-21T15:34:56+00:00","twitter_card":"summary_large_image","twitter_misc":{"Est. reading time":"11 minut"},"schema":{"@context":"https:\/\/schema.org","@graph":[{"@type":"Organization","@id":"https:\/\/www.noclegowo.pl\/przewodnik\/#organization","name":"Noclegowo","url":"https:\/\/www.noclegowo.pl\/przewodnik\/","sameAs":["https:\/\/www.facebook.com\/Noclegowo\/"],"logo":{"@type":"ImageObject","@id":"https:\/\/www.noclegowo.pl\/przewodnik\/#logo","inLanguage":"pl-PL","url":"https:\/\/www.noclegowo.pl\/przewodnik\/wp-content\/uploads\/2018\/05\/LOGO-GREEN.jpg","contentUrl":"https:\/\/www.noclegowo.pl\/przewodnik\/wp-content\/uploads\/2018\/05\/LOGO-GREEN.jpg","width":1028,"height":320,"caption":"Noclegowo"},"image":{"@id":"https:\/\/www.noclegowo.pl\/przewodnik\/#logo"}},{"@type":"WebSite","@id":"https:\/\/www.noclegowo.pl\/przewodnik\/#website","url":"https:\/\/www.noclegowo.pl\/przewodnik\/","name":"Blog Noclegowo\u00ae","description":"Przewodniki turystyczne, porady dla wynajmuj\u0105cych","publisher":{"@id":"https:\/\/www.noclegowo.pl\/przewodnik\/#organization"},"potentialAction":[{"@type":"SearchAction","target":{"@type":"EntryPoint","urlTemplate":"https:\/\/www.noclegowo.pl\/przewodnik\/?s={search_term_string}"},"query-input":"required name=search_term_string"}],"inLanguage":"pl-PL"},{"@type":"WebPage","@id":"https:\/\/www.noclegowo.pl\/przewodnik\/regulamin\/#webpage","url":"https:\/\/www.noclegowo.pl\/przewodnik\/regulamin\/","name":"Regulamin Serwisu - Blog Noclegowo\u00ae","isPartOf":{"@id":"https:\/\/www.noclegowo.pl\/przewodnik\/#website"},"datePublished":"2020-12-14T22:44:52+00:00","dateModified":"2023-12-21T15:34:56+00:00","breadcrumb":{"@id":"https:\/\/www.noclegowo.pl\/przewodnik\/regulamin\/#breadcrumb"},"inLanguage":"pl-PL","potentialAction":[{"@type":"ReadAction","target":["https:\/\/www.noclegowo.pl\/przewodnik\/regulamin\/"]}]},{"@type":"BreadcrumbList","@id":"https:\/\/www.noclegowo.pl\/przewodnik\/regulamin\/#breadcrumb","itemListElement":[{"@type":"ListItem","position":1,"name":"Home","item":"https:\/\/www.noclegowo.pl\/przewodnik\/"},{"@type":"ListItem","position":2,"name":"Regulamin Serwisu"}]}]}},"_links":{"self":[{"href":"https:\/\/www.noclegowo.pl\/przewodnik\/wp-json\/wp\/v2\/pages\/16990"}],"collection":[{"href":"https:\/\/www.noclegowo.pl\/przewodnik\/wp-json\/wp\/v2\/pages"}],"about":[{"href":"https:\/\/www.noclegowo.pl\/przewodnik\/wp-json\/wp\/v2\/types\/page"}],"author":[{"embeddable":true,"href":"https:\/\/www.noclegowo.pl\/przewodnik\/wp-json\/wp\/v2\/users\/9"}],"replies":[{"embeddable":true,"href":"https:\/\/www.noclegowo.pl\/przewodnik\/wp-json\/wp\/v2\/comments?post=16990"}],"version-history":[{"count":10,"href":"https:\/\/www.noclegowo.pl\/przewodnik\/wp-json\/wp\/v2\/pages\/16990\/revisions"}],"predecessor-version":[{"id":19650,"href":"https:\/\/www.noclegowo.pl\/przewodnik\/wp-json\/wp\/v2\/pages\/16990\/revisions\/19650"}],"wp:attachment":[{"href":"https:\/\/www.noclegowo.pl\/przewodnik\/wp-json\/wp\/v2\/media?parent=16990"}],"curies":[{"name":"wp","href":"https:\/\/api.w.org\/{rel}","templated":true}]}}