{"id":16175,"date":"2020-07-21T12:17:33","date_gmt":"2020-07-21T10:17:33","guid":{"rendered":"https:\/\/www.noclegowo.pl\/przewodnik\/?page_id=16175"},"modified":"2020-07-21T12:17:34","modified_gmt":"2020-07-21T10:17:34","slug":"sinice-nad-baltykiem-jakie-kapieliska-sa-zamkniete-aktualizacja-21-07","status":"publish","type":"page","link":"https:\/\/www.noclegowo.pl\/przewodnik\/sinice-nad-baltykiem-jakie-kapieliska-sa-zamkniete-aktualizacja-21-07\/","title":{"rendered":"Sinice nad Ba\u0142tykiem &#8211; jakie k\u0105pieliska s\u0105 zamkni\u0119te? (aktualizacja 21.07)"},"content":{"rendered":"\n<p>Sinice to jedna z tych rzeczy, kt\u00f3re skutecznie potrafi\u0105 popsu\u0107 wakacje nad wod\u0105. Je\u017celi zale\u017cy Ci na k\u0105pielach, przed wyjazdem nale\u017cy sprawdzi\u0107 jakie k\u0105pieliska aktualnie s\u0105 zamkni\u0119te. Dajemy zna\u0107 na bie\u017c\u0105co!<\/p>\n\n\n\n<h3 class=\"wp-block-heading\"><strong>Czym s\u0105 sinice? <\/strong><\/h3>\n\n\n\n<p>Sinice to organizmy samo\u017cywne, kt\u00f3re staj\u0105 si\u0119 dla nas widoczne dopiero w momencie zakwitu. Przez ich zakwit na brzegu powstaje swego rodzaju zielona zawiesina. Wydziela ona nieprzyjemny zapach i wygl\u0105da nieestetycznie. <\/p>\n\n\n\n<h3 class=\"wp-block-heading\">Czy sinice s\u0105 gro\u017ane? <\/h3>\n\n\n\n<p>W przypadku sinic gro\u017ane s\u0105 toksyny, kt\u00f3re wydzielaj\u0105. Zw\u0142aszcza dla uk\u0142adu nerwowego, sk\u00f3ry czy w\u0105troby.  W przypadku kontaktu z sinicami mog\u0105 pojawi\u0107 si\u0119 nast\u0119puj\u0105ce objawy: <\/p>\n\n\n\n<ul><li>wysypka na sk\u00f3rze<\/li><li>biegunka<\/li><li>wymioty<\/li><li>gor\u0105czka<\/li><li>b\u00f3le mi\u0119\u015bni i staw\u00f3w<\/li><li>\u0142zawienie i sw\u0119dzenie oczu<\/li><\/ul>\n\n\n\n<h3 class=\"wp-block-heading\">Sinice &#8211; zamkni\u0119te k\u0105pieliska <\/h3>\n\n\n\n<p>We wtorek rano (21.07) G\u0142\u00f3wny Inspektorat Sanitarny przekaza\u0142, \u017ce aktualnie wszystkie k\u0105pieliska nad Ba\u0142tykiem s\u0105 otwarte. <\/p>\n\n\n\n<p>O wszystkich zamkni\u0119ciach k\u0105pielisk b\u0119dziemy informowa\u0107 na bie\u017c\u0105co! <\/p>\n\n\n\n<figure class=\"wp-block-image size-large\"><img decoding=\"async\" loading=\"lazy\" width=\"1024\" height=\"683\" src=\"https:\/\/www.noclegowo.pl\/przewodnik\/wp-content\/uploads\/sinice-1024x683.jpg\" alt=\"\" class=\"wp-image-16176\" srcset=\"https:\/\/www.noclegowo.pl\/przewodnik\/wp-content\/uploads\/sinice-1024x683.jpg 1024w, https:\/\/www.noclegowo.pl\/przewodnik\/wp-content\/uploads\/sinice-300x200.jpg 300w, https:\/\/www.noclegowo.pl\/przewodnik\/wp-content\/uploads\/sinice-150x100.jpg 150w, https:\/\/www.noclegowo.pl\/przewodnik\/wp-content\/uploads\/sinice-768x512.jpg 768w, https:\/\/www.noclegowo.pl\/przewodnik\/wp-content\/uploads\/sinice-1536x1024.jpg 1536w, https:\/\/www.noclegowo.pl\/przewodnik\/wp-content\/uploads\/sinice-600x400.jpg 600w, https:\/\/www.noclegowo.pl\/przewodnik\/wp-content\/uploads\/sinice.jpg 1600w\" sizes=\"(max-width: 1024px) 100vw, 1024px\" \/><figcaption>\u017ar\u00f3d\u0142o: dziennikbaltycki.pl<\/figcaption><\/figure>\n","protected":false},"excerpt":{"rendered":"<p>Sinice to jedna z tych rzeczy, kt\u00f3re skutecznie potrafi\u0105 popsu\u0107 wakacje nad wod\u0105. Je\u017celi zale\u017cy Ci na k\u0105pielach, przed wyjazdem nale\u017cy sprawdzi\u0107 jakie k\u0105pieliska aktualnie s\u0105 zamkni\u0119te. Dajemy zna\u0107 na bie\u017c\u0105co! Czym s\u0105 sinice? Sinice to organizmy samo\u017cywne, kt\u00f3re staj\u0105 si\u0119 dla nas widoczne dopiero w momencie zakwitu. Przez ich zakwit na brzegu powstaje swego&#8230;<a class=\"excerpt-read-more\" href=\"https:\/\/www.noclegowo.pl\/przewodnik\/sinice-nad-baltykiem-jakie-kapieliska-sa-zamkniete-aktualizacja-21-07\/\" title=\"Read Sinice nad Ba\u0142tykiem &#8211; jakie k\u0105pieliska s\u0105 zamkni\u0119te? (aktualizacja 21.07)\">read more<\/a><\/p>\n","protected":false},"author":22,"featured_media":16177,"parent":0,"menu_order":0,"comment_status":"closed","ping_status":"closed","template":"","meta":[],"yoast_head":"<!-- This site is optimized with the Yoast SEO plugin v17.8 - https:\/\/yoast.com\/wordpress\/plugins\/seo\/ -->\n<title>Sinice nad Ba\u0142tykiem - jakie k\u0105pieliska s\u0105 zamkni\u0119te? (aktualizacja 21.07) - Blog Noclegowo\u00ae<\/title>\n<meta name=\"robots\" content=\"index, follow, max-snippet:-1, max-image-preview:large, max-video-preview:-1\" \/>\n<link rel=\"canonical\" href=\"https:\/\/www.noclegowo.pl\/przewodnik\/sinice-nad-baltykiem-jakie-kapieliska-sa-zamkniete-aktualizacja-21-07\/\" \/>\n<meta property=\"og:locale\" content=\"pl_PL\" \/>\n<meta property=\"og:type\" content=\"article\" \/>\n<meta property=\"og:title\" content=\"Sinice nad Ba\u0142tykiem - jakie k\u0105pieliska s\u0105 zamkni\u0119te? (aktualizacja 21.07) - Blog Noclegowo\u00ae\" \/>\n<meta property=\"og:description\" content=\"Sinice to jedna z tych rzeczy, kt\u00f3re skutecznie potrafi\u0105 popsu\u0107 wakacje nad wod\u0105. Je\u017celi zale\u017cy Ci na k\u0105pielach, przed wyjazdem nale\u017cy sprawdzi\u0107 jakie k\u0105pieliska aktualnie s\u0105 zamkni\u0119te. Dajemy zna\u0107 na bie\u017c\u0105co! Czym s\u0105 sinice? Sinice to organizmy samo\u017cywne, kt\u00f3re staj\u0105 si\u0119 dla nas widoczne dopiero w momencie zakwitu. Przez ich zakwit na brzegu powstaje swego...read more\" \/>\n<meta property=\"og:url\" content=\"https:\/\/www.noclegowo.pl\/przewodnik\/sinice-nad-baltykiem-jakie-kapieliska-sa-zamkniete-aktualizacja-21-07\/\" \/>\n<meta property=\"og:site_name\" content=\"Blog Noclegowo\u00ae\" \/>\n<meta property=\"article:publisher\" content=\"https:\/\/www.facebook.com\/Noclegowo\/\" \/>\n<meta property=\"article:modified_time\" content=\"2020-07-21T10:17:34+00:00\" \/>\n<meta property=\"og:image\" content=\"https:\/\/www.noclegowo.pl\/przewodnik\/wp-content\/uploads\/landscape-4984806_1280.jpg\" \/>\n\t<meta property=\"og:image:width\" content=\"1280\" \/>\n\t<meta property=\"og:image:height\" content=\"716\" \/>\n<meta name=\"twitter:card\" content=\"summary_large_image\" \/>\n<meta name=\"twitter:label1\" content=\"Est. reading time\" \/>\n\t<meta name=\"twitter:data1\" content=\"1 minuta\" \/>\n<script type=\"application\/ld+json\" class=\"yoast-schema-graph\">{\"@context\":\"https:\/\/schema.org\",\"@graph\":[{\"@type\":\"Organization\",\"@id\":\"https:\/\/www.noclegowo.pl\/przewodnik\/#organization\",\"name\":\"Noclegowo\",\"url\":\"https:\/\/www.noclegowo.pl\/przewodnik\/\",\"sameAs\":[\"https:\/\/www.facebook.com\/Noclegowo\/\"],\"logo\":{\"@type\":\"ImageObject\",\"@id\":\"https:\/\/www.noclegowo.pl\/przewodnik\/#logo\",\"inLanguage\":\"pl-PL\",\"url\":\"https:\/\/www.noclegowo.pl\/przewodnik\/wp-content\/uploads\/2018\/05\/LOGO-GREEN.jpg\",\"contentUrl\":\"https:\/\/www.noclegowo.pl\/przewodnik\/wp-content\/uploads\/2018\/05\/LOGO-GREEN.jpg\",\"width\":1028,\"height\":320,\"caption\":\"Noclegowo\"},\"image\":{\"@id\":\"https:\/\/www.noclegowo.pl\/przewodnik\/#logo\"}},{\"@type\":\"WebSite\",\"@id\":\"https:\/\/www.noclegowo.pl\/przewodnik\/#website\",\"url\":\"https:\/\/www.noclegowo.pl\/przewodnik\/\",\"name\":\"Blog Noclegowo\\u00ae\",\"description\":\"Przewodniki turystyczne, porady dla wynajmuj\\u0105cych\",\"publisher\":{\"@id\":\"https:\/\/www.noclegowo.pl\/przewodnik\/#organization\"},\"potentialAction\":[{\"@type\":\"SearchAction\",\"target\":{\"@type\":\"EntryPoint\",\"urlTemplate\":\"https:\/\/www.noclegowo.pl\/przewodnik\/?s={search_term_string}\"},\"query-input\":\"required name=search_term_string\"}],\"inLanguage\":\"pl-PL\"},{\"@type\":\"ImageObject\",\"@id\":\"https:\/\/www.noclegowo.pl\/przewodnik\/sinice-nad-baltykiem-jakie-kapieliska-sa-zamkniete-aktualizacja-21-07\/#primaryimage\",\"inLanguage\":\"pl-PL\",\"url\":\"https:\/\/www.noclegowo.pl\/przewodnik\/wp-content\/uploads\/landscape-4984806_1280.jpg\",\"contentUrl\":\"https:\/\/www.noclegowo.pl\/przewodnik\/wp-content\/uploads\/landscape-4984806_1280.jpg\",\"width\":1280,\"height\":716},{\"@type\":\"WebPage\",\"@id\":\"https:\/\/www.noclegowo.pl\/przewodnik\/sinice-nad-baltykiem-jakie-kapieliska-sa-zamkniete-aktualizacja-21-07\/#webpage\",\"url\":\"https:\/\/www.noclegowo.pl\/przewodnik\/sinice-nad-baltykiem-jakie-kapieliska-sa-zamkniete-aktualizacja-21-07\/\",\"name\":\"Sinice nad Ba\\u0142tykiem - jakie k\\u0105pieliska s\\u0105 zamkni\\u0119te? (aktualizacja 21.07) - Blog Noclegowo\\u00ae\",\"isPartOf\":{\"@id\":\"https:\/\/www.noclegowo.pl\/przewodnik\/#website\"},\"primaryImageOfPage\":{\"@id\":\"https:\/\/www.noclegowo.pl\/przewodnik\/sinice-nad-baltykiem-jakie-kapieliska-sa-zamkniete-aktualizacja-21-07\/#primaryimage\"},\"datePublished\":\"2020-07-21T10:17:33+00:00\",\"dateModified\":\"2020-07-21T10:17:34+00:00\",\"breadcrumb\":{\"@id\":\"https:\/\/www.noclegowo.pl\/przewodnik\/sinice-nad-baltykiem-jakie-kapieliska-sa-zamkniete-aktualizacja-21-07\/#breadcrumb\"},\"inLanguage\":\"pl-PL\",\"potentialAction\":[{\"@type\":\"ReadAction\",\"target\":[\"https:\/\/www.noclegowo.pl\/przewodnik\/sinice-nad-baltykiem-jakie-kapieliska-sa-zamkniete-aktualizacja-21-07\/\"]}]},{\"@type\":\"BreadcrumbList\",\"@id\":\"https:\/\/www.noclegowo.pl\/przewodnik\/sinice-nad-baltykiem-jakie-kapieliska-sa-zamkniete-aktualizacja-21-07\/#breadcrumb\",\"itemListElement\":[{\"@type\":\"ListItem\",\"position\":1,\"name\":\"Home\",\"item\":\"https:\/\/www.noclegowo.pl\/przewodnik\/\"},{\"@type\":\"ListItem\",\"position\":2,\"name\":\"Sinice nad Ba\\u0142tykiem &#8211; jakie k\\u0105pieliska s\\u0105 zamkni\\u0119te? (aktualizacja 21.07)\"}]}]}<\/script>\n<!-- \/ Yoast SEO plugin. -->","yoast_head_json":{"title":"Sinice nad Ba\u0142tykiem - jakie k\u0105pieliska s\u0105 zamkni\u0119te? (aktualizacja 21.07) - Blog Noclegowo\u00ae","robots":{"index":"index","follow":"follow","max-snippet":"max-snippet:-1","max-image-preview":"max-image-preview:large","max-video-preview":"max-video-preview:-1"},"canonical":"https:\/\/www.noclegowo.pl\/przewodnik\/sinice-nad-baltykiem-jakie-kapieliska-sa-zamkniete-aktualizacja-21-07\/","og_locale":"pl_PL","og_type":"article","og_title":"Sinice nad Ba\u0142tykiem - jakie k\u0105pieliska s\u0105 zamkni\u0119te? (aktualizacja 21.07) - Blog Noclegowo\u00ae","og_description":"Sinice to jedna z tych rzeczy, kt\u00f3re skutecznie potrafi\u0105 popsu\u0107 wakacje nad wod\u0105. Je\u017celi zale\u017cy Ci na k\u0105pielach, przed wyjazdem nale\u017cy sprawdzi\u0107 jakie k\u0105pieliska aktualnie s\u0105 zamkni\u0119te. Dajemy zna\u0107 na bie\u017c\u0105co! Czym s\u0105 sinice? Sinice to organizmy samo\u017cywne, kt\u00f3re staj\u0105 si\u0119 dla nas widoczne dopiero w momencie zakwitu. Przez ich zakwit na brzegu powstaje swego...read more","og_url":"https:\/\/www.noclegowo.pl\/przewodnik\/sinice-nad-baltykiem-jakie-kapieliska-sa-zamkniete-aktualizacja-21-07\/","og_site_name":"Blog Noclegowo\u00ae","article_publisher":"https:\/\/www.facebook.com\/Noclegowo\/","article_modified_time":"2020-07-21T10:17:34+00:00","og_image":[{"width":1280,"height":716,"url":"https:\/\/www.noclegowo.pl\/przewodnik\/wp-content\/uploads\/landscape-4984806_1280.jpg","type":"image\/jpeg"}],"twitter_card":"summary_large_image","twitter_misc":{"Est. reading time":"1 minuta"},"schema":{"@context":"https:\/\/schema.org","@graph":[{"@type":"Organization","@id":"https:\/\/www.noclegowo.pl\/przewodnik\/#organization","name":"Noclegowo","url":"https:\/\/www.noclegowo.pl\/przewodnik\/","sameAs":["https:\/\/www.facebook.com\/Noclegowo\/"],"logo":{"@type":"ImageObject","@id":"https:\/\/www.noclegowo.pl\/przewodnik\/#logo","inLanguage":"pl-PL","url":"https:\/\/www.noclegowo.pl\/przewodnik\/wp-content\/uploads\/2018\/05\/LOGO-GREEN.jpg","contentUrl":"https:\/\/www.noclegowo.pl\/przewodnik\/wp-content\/uploads\/2018\/05\/LOGO-GREEN.jpg","width":1028,"height":320,"caption":"Noclegowo"},"image":{"@id":"https:\/\/www.noclegowo.pl\/przewodnik\/#logo"}},{"@type":"WebSite","@id":"https:\/\/www.noclegowo.pl\/przewodnik\/#website","url":"https:\/\/www.noclegowo.pl\/przewodnik\/","name":"Blog Noclegowo\u00ae","description":"Przewodniki turystyczne, porady dla wynajmuj\u0105cych","publisher":{"@id":"https:\/\/www.noclegowo.pl\/przewodnik\/#organization"},"potentialAction":[{"@type":"SearchAction","target":{"@type":"EntryPoint","urlTemplate":"https:\/\/www.noclegowo.pl\/przewodnik\/?s={search_term_string}"},"query-input":"required name=search_term_string"}],"inLanguage":"pl-PL"},{"@type":"ImageObject","@id":"https:\/\/www.noclegowo.pl\/przewodnik\/sinice-nad-baltykiem-jakie-kapieliska-sa-zamkniete-aktualizacja-21-07\/#primaryimage","inLanguage":"pl-PL","url":"https:\/\/www.noclegowo.pl\/przewodnik\/wp-content\/uploads\/landscape-4984806_1280.jpg","contentUrl":"https:\/\/www.noclegowo.pl\/przewodnik\/wp-content\/uploads\/landscape-4984806_1280.jpg","width":1280,"height":716},{"@type":"WebPage","@id":"https:\/\/www.noclegowo.pl\/przewodnik\/sinice-nad-baltykiem-jakie-kapieliska-sa-zamkniete-aktualizacja-21-07\/#webpage","url":"https:\/\/www.noclegowo.pl\/przewodnik\/sinice-nad-baltykiem-jakie-kapieliska-sa-zamkniete-aktualizacja-21-07\/","name":"Sinice nad Ba\u0142tykiem - jakie k\u0105pieliska s\u0105 zamkni\u0119te? (aktualizacja 21.07) - Blog Noclegowo\u00ae","isPartOf":{"@id":"https:\/\/www.noclegowo.pl\/przewodnik\/#website"},"primaryImageOfPage":{"@id":"https:\/\/www.noclegowo.pl\/przewodnik\/sinice-nad-baltykiem-jakie-kapieliska-sa-zamkniete-aktualizacja-21-07\/#primaryimage"},"datePublished":"2020-07-21T10:17:33+00:00","dateModified":"2020-07-21T10:17:34+00:00","breadcrumb":{"@id":"https:\/\/www.noclegowo.pl\/przewodnik\/sinice-nad-baltykiem-jakie-kapieliska-sa-zamkniete-aktualizacja-21-07\/#breadcrumb"},"inLanguage":"pl-PL","potentialAction":[{"@type":"ReadAction","target":["https:\/\/www.noclegowo.pl\/przewodnik\/sinice-nad-baltykiem-jakie-kapieliska-sa-zamkniete-aktualizacja-21-07\/"]}]},{"@type":"BreadcrumbList","@id":"https:\/\/www.noclegowo.pl\/przewodnik\/sinice-nad-baltykiem-jakie-kapieliska-sa-zamkniete-aktualizacja-21-07\/#breadcrumb","itemListElement":[{"@type":"ListItem","position":1,"name":"Home","item":"https:\/\/www.noclegowo.pl\/przewodnik\/"},{"@type":"ListItem","position":2,"name":"Sinice nad Ba\u0142tykiem &#8211; jakie k\u0105pieliska s\u0105 zamkni\u0119te? (aktualizacja 21.07)"}]}]}},"_links":{"self":[{"href":"https:\/\/www.noclegowo.pl\/przewodnik\/wp-json\/wp\/v2\/pages\/16175"}],"collection":[{"href":"https:\/\/www.noclegowo.pl\/przewodnik\/wp-json\/wp\/v2\/pages"}],"about":[{"href":"https:\/\/www.noclegowo.pl\/przewodnik\/wp-json\/wp\/v2\/types\/page"}],"author":[{"embeddable":true,"href":"https:\/\/www.noclegowo.pl\/przewodnik\/wp-json\/wp\/v2\/users\/22"}],"replies":[{"embeddable":true,"href":"https:\/\/www.noclegowo.pl\/przewodnik\/wp-json\/wp\/v2\/comments?post=16175"}],"version-history":[{"count":1,"href":"https:\/\/www.noclegowo.pl\/przewodnik\/wp-json\/wp\/v2\/pages\/16175\/revisions"}],"predecessor-version":[{"id":16182,"href":"https:\/\/www.noclegowo.pl\/przewodnik\/wp-json\/wp\/v2\/pages\/16175\/revisions\/16182"}],"wp:featuredmedia":[{"embeddable":true,"href":"https:\/\/www.noclegowo.pl\/przewodnik\/wp-json\/wp\/v2\/media\/16177"}],"wp:attachment":[{"href":"https:\/\/www.noclegowo.pl\/przewodnik\/wp-json\/wp\/v2\/media?parent=16175"}],"curies":[{"name":"wp","href":"https:\/\/api.w.org\/{rel}","templated":true}]}}