{"id":14192,"date":"2019-10-15T13:19:12","date_gmt":"2019-10-15T11:19:12","guid":{"rendered":"https:\/\/www.noclegowo.pl\/przewodnik\/?page_id=14192"},"modified":"2020-12-12T18:05:11","modified_gmt":"2020-12-12T17:05:11","slug":"marek-olczak","status":"publish","type":"page","link":"https:\/\/www.noclegowo.pl\/przewodnik\/marek-olczak\/","title":{"rendered":"Marek Olczak"},"content":{"rendered":"\n<p><\/p>\n\n\n\n<p><\/p>\n\n\n\n<figure class=\"wp-block-image\"><img decoding=\"async\" loading=\"lazy\" width=\"472\" height=\"478\" src=\"https:\/\/www.noclegowo.pl\/przewodnik\/wp-content\/uploads\/image.png\" alt=\"\" class=\"wp-image-14193\" srcset=\"https:\/\/www.noclegowo.pl\/przewodnik\/wp-content\/uploads\/image.png 472w, https:\/\/www.noclegowo.pl\/przewodnik\/wp-content\/uploads\/image-296x300.png 296w\" sizes=\"(max-width: 472px) 100vw, 472px\" \/><\/figure>\n\n\n\n<h2 class=\"wp-block-heading\">Troch\u0119 o mnie<\/h2>\n\n\n\n<p>Edukuj\u0119 w\u0142a\u015bcicieli obiekt\u00f3w noclegowych w zakresie wykorzystywania internetowych narz\u0119dzi w promowaniu biznesu. Jestem zwolennikiem&nbsp; u\u017cytecznych i nowoczesnych rozwi\u0105za\u0144 w tworzeniu witryn internetowych. Projektuj\u0119 do\u015bwiadczenia u\u017cytkownik\u00f3w (user experience) z internetowymi produktami, dbaj\u0105c o spe\u0142nianie ich oczekiwa\u0144 i zwi\u0119kszenie satysfakcji. Na pierwszym miejscu stawiam sp\u00f3jn\u0105, wygodn\u0105 i skuteczn\u0105 komunikacj\u0119 mi\u0119dzy u\u017cytkownikiem, a witryn\u0105 internetow\u0105 (user interface). Specjalizuj\u0119 si\u0119 r\u00f3wnie\u017c w marketingu efektywno\u015bciowym (performance marketing) &#8211; kompleksowym podej\u015bciu do marketingu internetowego opartego na analizie danych i prowadz\u0105cego do uzyskania zaplanowanego wcze\u015bniej, po\u017c\u0105danego efektu.<\/p>\n\n\n\n<p>Prywatnie szcz\u0119\u015bliwy tata dw\u00f3ch syn\u00f3w. Mi\u0142o\u015bnik lasu i g\u00f3r. Od czasu do czasu lubi\u0119 popatrze\u0107 w gwiazdy. Interesuj\u0119 si\u0119 astronomi\u0105 i post\u0119pami w badaniach kosmosu. Jestem autorem&nbsp;strony alekosmos.pl.<\/p>\n\n\n\n<h2 class=\"wp-block-heading\">Moje artyku\u0142y <\/h2>\n\n\n\n<ul><li><a href=\"https:\/\/www.noclegowo.pl\/przewodnik\/popraw-skutecznosc-oferty-kompletny-poradnik-od-noclegowo\/\">Popraw skuteczno\u015b\u0107 oferty \u2013 kompletny poradnik od Noclegowo.<\/a><\/li><li><a href=\"https:\/\/www.noclegowo.pl\/przewodnik\/jak-komunikowac-sie-i-budowac-dobre-relacje-z-goscmi\/\">Jak komunikowa\u0107 si\u0119 i budowa\u0107 dobre relacje z go\u015b\u0107mi?<\/a><\/li><li><a href=\"https:\/\/www.noclegowo.pl\/przewodnik\/lokalizacja-noclegu-to-wazny-atut\/\">Lokalizacja noclegu to wa\u017cny atut \u2013 jak wykorzysta\u0107 go w pe\u0142ni?<\/a><\/li><li><a href=\"https:\/\/www.noclegowo.pl\/przewodnik\/co-powinien-zawierac-opis-obiektu\/\">Co powinien zawiera\u0107 dobry opis obiektu noclegowego? My wiemy!<\/a><\/li><\/ul>\n\n\n\n<div class=\"wp-block-ugb-cta ugb-cta ugb--background-opacity-5 ugb--shadow-9\" style=\"border-radius:50px\"><div class=\"ugb-content-wrapper\"><h3 class=\"ugb-cta__title\">Wi\u0119cej artyku\u0142\u00f3w Marka<\/h3><div><a class=\"ugb-button ugb-button--align-center ugb-button--size-normal\" href=\"https:\/\/www.noclegowo.pl\/przewodnik\/author\/Olek\/\" style=\"border-radius:4px;background-color:#2ecc71\"><span class=\"ugb-button--inner\">Zobacz<\/span><\/a><\/div><\/div><\/div>\n","protected":false},"excerpt":{"rendered":"<p>Troch\u0119 o mnie Edukuj\u0119 w\u0142a\u015bcicieli obiekt\u00f3w noclegowych w zakresie wykorzystywania internetowych narz\u0119dzi w promowaniu biznesu. Jestem zwolennikiem&nbsp; u\u017cytecznych i nowoczesnych rozwi\u0105za\u0144 w tworzeniu witryn internetowych. Projektuj\u0119 do\u015bwiadczenia u\u017cytkownik\u00f3w (user experience) z internetowymi produktami, dbaj\u0105c o spe\u0142nianie ich oczekiwa\u0144 i zwi\u0119kszenie satysfakcji. Na pierwszym miejscu stawiam sp\u00f3jn\u0105, wygodn\u0105 i skuteczn\u0105 komunikacj\u0119 mi\u0119dzy u\u017cytkownikiem, a witryn\u0105 internetow\u0105&#8230;<a class=\"excerpt-read-more\" href=\"https:\/\/www.noclegowo.pl\/przewodnik\/marek-olczak\/\" title=\"Read Marek Olczak\">read more<\/a><\/p>\n","protected":false},"author":22,"featured_media":0,"parent":0,"menu_order":0,"comment_status":"closed","ping_status":"closed","template":"template-fullwidth.php","meta":[],"yoast_head":"<!-- This site is optimized with the Yoast SEO plugin v17.8 - https:\/\/yoast.com\/wordpress\/plugins\/seo\/ -->\n<title>Marek Olczak - Blog Noclegowo\u00ae<\/title>\n<meta name=\"robots\" content=\"index, follow, max-snippet:-1, max-image-preview:large, max-video-preview:-1\" \/>\n<link rel=\"canonical\" href=\"https:\/\/www.noclegowo.pl\/przewodnik\/marek-olczak\/\" \/>\n<meta property=\"og:locale\" content=\"pl_PL\" \/>\n<meta property=\"og:type\" content=\"article\" \/>\n<meta property=\"og:title\" content=\"Marek Olczak - Blog Noclegowo\u00ae\" \/>\n<meta property=\"og:description\" content=\"Troch\u0119 o mnie Edukuj\u0119 w\u0142a\u015bcicieli obiekt\u00f3w noclegowych w zakresie wykorzystywania internetowych narz\u0119dzi w promowaniu biznesu. Jestem zwolennikiem&nbsp; u\u017cytecznych i nowoczesnych rozwi\u0105za\u0144 w tworzeniu witryn internetowych. Projektuj\u0119 do\u015bwiadczenia u\u017cytkownik\u00f3w (user experience) z internetowymi produktami, dbaj\u0105c o spe\u0142nianie ich oczekiwa\u0144 i zwi\u0119kszenie satysfakcji. Na pierwszym miejscu stawiam sp\u00f3jn\u0105, wygodn\u0105 i skuteczn\u0105 komunikacj\u0119 mi\u0119dzy u\u017cytkownikiem, a witryn\u0105 internetow\u0105...read more\" \/>\n<meta property=\"og:url\" content=\"https:\/\/www.noclegowo.pl\/przewodnik\/marek-olczak\/\" \/>\n<meta property=\"og:site_name\" content=\"Blog Noclegowo\u00ae\" \/>\n<meta property=\"article:publisher\" content=\"https:\/\/www.facebook.com\/Noclegowo\/\" \/>\n<meta property=\"article:modified_time\" content=\"2020-12-12T17:05:11+00:00\" \/>\n<meta property=\"og:image\" content=\"https:\/\/www.noclegowo.pl\/przewodnik\/wp-content\/uploads\/image.png\" \/>\n<meta name=\"twitter:card\" content=\"summary_large_image\" \/>\n<meta name=\"twitter:label1\" content=\"Est. reading time\" \/>\n\t<meta name=\"twitter:data1\" content=\"1 minuta\" \/>\n<script type=\"application\/ld+json\" class=\"yoast-schema-graph\">{\"@context\":\"https:\/\/schema.org\",\"@graph\":[{\"@type\":\"Organization\",\"@id\":\"https:\/\/www.noclegowo.pl\/przewodnik\/#organization\",\"name\":\"Noclegowo\",\"url\":\"https:\/\/www.noclegowo.pl\/przewodnik\/\",\"sameAs\":[\"https:\/\/www.facebook.com\/Noclegowo\/\"],\"logo\":{\"@type\":\"ImageObject\",\"@id\":\"https:\/\/www.noclegowo.pl\/przewodnik\/#logo\",\"inLanguage\":\"pl-PL\",\"url\":\"https:\/\/www.noclegowo.pl\/przewodnik\/wp-content\/uploads\/2018\/05\/LOGO-GREEN.jpg\",\"contentUrl\":\"https:\/\/www.noclegowo.pl\/przewodnik\/wp-content\/uploads\/2018\/05\/LOGO-GREEN.jpg\",\"width\":1028,\"height\":320,\"caption\":\"Noclegowo\"},\"image\":{\"@id\":\"https:\/\/www.noclegowo.pl\/przewodnik\/#logo\"}},{\"@type\":\"WebSite\",\"@id\":\"https:\/\/www.noclegowo.pl\/przewodnik\/#website\",\"url\":\"https:\/\/www.noclegowo.pl\/przewodnik\/\",\"name\":\"Blog Noclegowo\\u00ae\",\"description\":\"Przewodniki turystyczne, porady dla wynajmuj\\u0105cych\",\"publisher\":{\"@id\":\"https:\/\/www.noclegowo.pl\/przewodnik\/#organization\"},\"potentialAction\":[{\"@type\":\"SearchAction\",\"target\":{\"@type\":\"EntryPoint\",\"urlTemplate\":\"https:\/\/www.noclegowo.pl\/przewodnik\/?s={search_term_string}\"},\"query-input\":\"required name=search_term_string\"}],\"inLanguage\":\"pl-PL\"},{\"@type\":\"ImageObject\",\"@id\":\"https:\/\/www.noclegowo.pl\/przewodnik\/marek-olczak\/#primaryimage\",\"inLanguage\":\"pl-PL\",\"url\":\"https:\/\/www.noclegowo.pl\/przewodnik\/wp-content\/uploads\/image.png\",\"contentUrl\":\"https:\/\/www.noclegowo.pl\/przewodnik\/wp-content\/uploads\/image.png\",\"width\":472,\"height\":478},{\"@type\":\"WebPage\",\"@id\":\"https:\/\/www.noclegowo.pl\/przewodnik\/marek-olczak\/#webpage\",\"url\":\"https:\/\/www.noclegowo.pl\/przewodnik\/marek-olczak\/\",\"name\":\"Marek Olczak - Blog Noclegowo\\u00ae\",\"isPartOf\":{\"@id\":\"https:\/\/www.noclegowo.pl\/przewodnik\/#website\"},\"primaryImageOfPage\":{\"@id\":\"https:\/\/www.noclegowo.pl\/przewodnik\/marek-olczak\/#primaryimage\"},\"datePublished\":\"2019-10-15T11:19:12+00:00\",\"dateModified\":\"2020-12-12T17:05:11+00:00\",\"breadcrumb\":{\"@id\":\"https:\/\/www.noclegowo.pl\/przewodnik\/marek-olczak\/#breadcrumb\"},\"inLanguage\":\"pl-PL\",\"potentialAction\":[{\"@type\":\"ReadAction\",\"target\":[\"https:\/\/www.noclegowo.pl\/przewodnik\/marek-olczak\/\"]}]},{\"@type\":\"BreadcrumbList\",\"@id\":\"https:\/\/www.noclegowo.pl\/przewodnik\/marek-olczak\/#breadcrumb\",\"itemListElement\":[{\"@type\":\"ListItem\",\"position\":1,\"name\":\"Home\",\"item\":\"https:\/\/www.noclegowo.pl\/przewodnik\/\"},{\"@type\":\"ListItem\",\"position\":2,\"name\":\"Marek Olczak\"}]}]}<\/script>\n<!-- \/ Yoast SEO plugin. -->","yoast_head_json":{"title":"Marek Olczak - Blog Noclegowo\u00ae","robots":{"index":"index","follow":"follow","max-snippet":"max-snippet:-1","max-image-preview":"max-image-preview:large","max-video-preview":"max-video-preview:-1"},"canonical":"https:\/\/www.noclegowo.pl\/przewodnik\/marek-olczak\/","og_locale":"pl_PL","og_type":"article","og_title":"Marek Olczak - Blog Noclegowo\u00ae","og_description":"Troch\u0119 o mnie Edukuj\u0119 w\u0142a\u015bcicieli obiekt\u00f3w noclegowych w zakresie wykorzystywania internetowych narz\u0119dzi w promowaniu biznesu. Jestem zwolennikiem&nbsp; u\u017cytecznych i nowoczesnych rozwi\u0105za\u0144 w tworzeniu witryn internetowych. Projektuj\u0119 do\u015bwiadczenia u\u017cytkownik\u00f3w (user experience) z internetowymi produktami, dbaj\u0105c o spe\u0142nianie ich oczekiwa\u0144 i zwi\u0119kszenie satysfakcji. Na pierwszym miejscu stawiam sp\u00f3jn\u0105, wygodn\u0105 i skuteczn\u0105 komunikacj\u0119 mi\u0119dzy u\u017cytkownikiem, a witryn\u0105 internetow\u0105...read more","og_url":"https:\/\/www.noclegowo.pl\/przewodnik\/marek-olczak\/","og_site_name":"Blog Noclegowo\u00ae","article_publisher":"https:\/\/www.facebook.com\/Noclegowo\/","article_modified_time":"2020-12-12T17:05:11+00:00","og_image":[{"url":"https:\/\/www.noclegowo.pl\/przewodnik\/wp-content\/uploads\/image.png"}],"twitter_card":"summary_large_image","twitter_misc":{"Est. reading time":"1 minuta"},"schema":{"@context":"https:\/\/schema.org","@graph":[{"@type":"Organization","@id":"https:\/\/www.noclegowo.pl\/przewodnik\/#organization","name":"Noclegowo","url":"https:\/\/www.noclegowo.pl\/przewodnik\/","sameAs":["https:\/\/www.facebook.com\/Noclegowo\/"],"logo":{"@type":"ImageObject","@id":"https:\/\/www.noclegowo.pl\/przewodnik\/#logo","inLanguage":"pl-PL","url":"https:\/\/www.noclegowo.pl\/przewodnik\/wp-content\/uploads\/2018\/05\/LOGO-GREEN.jpg","contentUrl":"https:\/\/www.noclegowo.pl\/przewodnik\/wp-content\/uploads\/2018\/05\/LOGO-GREEN.jpg","width":1028,"height":320,"caption":"Noclegowo"},"image":{"@id":"https:\/\/www.noclegowo.pl\/przewodnik\/#logo"}},{"@type":"WebSite","@id":"https:\/\/www.noclegowo.pl\/przewodnik\/#website","url":"https:\/\/www.noclegowo.pl\/przewodnik\/","name":"Blog Noclegowo\u00ae","description":"Przewodniki turystyczne, porady dla wynajmuj\u0105cych","publisher":{"@id":"https:\/\/www.noclegowo.pl\/przewodnik\/#organization"},"potentialAction":[{"@type":"SearchAction","target":{"@type":"EntryPoint","urlTemplate":"https:\/\/www.noclegowo.pl\/przewodnik\/?s={search_term_string}"},"query-input":"required name=search_term_string"}],"inLanguage":"pl-PL"},{"@type":"ImageObject","@id":"https:\/\/www.noclegowo.pl\/przewodnik\/marek-olczak\/#primaryimage","inLanguage":"pl-PL","url":"https:\/\/www.noclegowo.pl\/przewodnik\/wp-content\/uploads\/image.png","contentUrl":"https:\/\/www.noclegowo.pl\/przewodnik\/wp-content\/uploads\/image.png","width":472,"height":478},{"@type":"WebPage","@id":"https:\/\/www.noclegowo.pl\/przewodnik\/marek-olczak\/#webpage","url":"https:\/\/www.noclegowo.pl\/przewodnik\/marek-olczak\/","name":"Marek Olczak - Blog Noclegowo\u00ae","isPartOf":{"@id":"https:\/\/www.noclegowo.pl\/przewodnik\/#website"},"primaryImageOfPage":{"@id":"https:\/\/www.noclegowo.pl\/przewodnik\/marek-olczak\/#primaryimage"},"datePublished":"2019-10-15T11:19:12+00:00","dateModified":"2020-12-12T17:05:11+00:00","breadcrumb":{"@id":"https:\/\/www.noclegowo.pl\/przewodnik\/marek-olczak\/#breadcrumb"},"inLanguage":"pl-PL","potentialAction":[{"@type":"ReadAction","target":["https:\/\/www.noclegowo.pl\/przewodnik\/marek-olczak\/"]}]},{"@type":"BreadcrumbList","@id":"https:\/\/www.noclegowo.pl\/przewodnik\/marek-olczak\/#breadcrumb","itemListElement":[{"@type":"ListItem","position":1,"name":"Home","item":"https:\/\/www.noclegowo.pl\/przewodnik\/"},{"@type":"ListItem","position":2,"name":"Marek Olczak"}]}]}},"_links":{"self":[{"href":"https:\/\/www.noclegowo.pl\/przewodnik\/wp-json\/wp\/v2\/pages\/14192"}],"collection":[{"href":"https:\/\/www.noclegowo.pl\/przewodnik\/wp-json\/wp\/v2\/pages"}],"about":[{"href":"https:\/\/www.noclegowo.pl\/przewodnik\/wp-json\/wp\/v2\/types\/page"}],"author":[{"embeddable":true,"href":"https:\/\/www.noclegowo.pl\/przewodnik\/wp-json\/wp\/v2\/users\/22"}],"replies":[{"embeddable":true,"href":"https:\/\/www.noclegowo.pl\/przewodnik\/wp-json\/wp\/v2\/comments?post=14192"}],"version-history":[{"count":8,"href":"https:\/\/www.noclegowo.pl\/przewodnik\/wp-json\/wp\/v2\/pages\/14192\/revisions"}],"predecessor-version":[{"id":14225,"href":"https:\/\/www.noclegowo.pl\/przewodnik\/wp-json\/wp\/v2\/pages\/14192\/revisions\/14225"}],"wp:attachment":[{"href":"https:\/\/www.noclegowo.pl\/przewodnik\/wp-json\/wp\/v2\/media?parent=14192"}],"curies":[{"name":"wp","href":"https:\/\/api.w.org\/{rel}","templated":true}]}}