{"id":14183,"date":"2019-10-15T13:04:21","date_gmt":"2019-10-15T11:04:21","guid":{"rendered":"https:\/\/www.noclegowo.pl\/przewodnik\/?page_id=14183"},"modified":"2020-12-12T18:05:47","modified_gmt":"2020-12-12T17:05:47","slug":"zuzanna-maciejewska","status":"publish","type":"page","link":"https:\/\/www.noclegowo.pl\/przewodnik\/zuzanna-maciejewska\/","title":{"rendered":"Zuzanna Maciejewska"},"content":{"rendered":"\n<p><\/p>\n\n\n\n<p><\/p>\n\n\n\n<figure class=\"wp-block-image\"><img decoding=\"async\" loading=\"lazy\" width=\"494\" height=\"507\" src=\"https:\/\/www.noclegowo.pl\/przewodnik\/wp-content\/uploads\/zuza.jpg\" alt=\"\" class=\"wp-image-14184\" srcset=\"https:\/\/www.noclegowo.pl\/przewodnik\/wp-content\/uploads\/zuza.jpg 494w, https:\/\/www.noclegowo.pl\/przewodnik\/wp-content\/uploads\/zuza-292x300.jpg 292w\" sizes=\"(max-width: 494px) 100vw, 494px\" \/><\/figure>\n\n\n\n<h2 class=\"wp-block-heading\"><strong>Troch\u0119 o mnie<\/strong><\/h2>\n\n\n\n<p>Aktualnie jestem studentk\u0105 3 roku Ekonomii na Uniwersytecie \u0141\u00f3dzkim. Nie lubi\u0119 nudy, wi\u0119c na bie\u017c\u0105co staram si\u0119 wymy\u015bla\u0107 sobie nowe cele i je realizowa\u0107. W spo\u0142eczno\u015bci akademickiej koordynowa\u0142am m.in projekty charytatywne, dzia\u0142aj\u0105c w Studenckim Kole Naukowym Inwestor. Prywatnie moj\u0105 pasj\u0105 jest taniec oraz makija\u017c. Kr\u00f3tko m\u00f3wi\u0105c, lubi\u0119 wszystko co jest kreatywne &#8211; st\u0105d m\u00f3j wyb\u00f3r na prac\u0119 w marketingu.  W Noclegowo od ponad roku zajmuj\u0119 si\u0119 marketingiem oraz PR-em. Prowadz\u0119 kana\u0142y social media, tworz\u0119 reklamy internetowe. Poprawiam tak\u017ce wygl\u0105d ofert noclegowych, kiedy widz\u0119 tak\u0105 potrzeb\u0119. Dzi\u0119ki du\u017cej styczno\u015bci z w\u0142a\u015bcicielami obiekt\u00f3w oraz ekspertami w zakresie najmu kr\u00f3tkoterminowego, sama naby\u0142am wiedz\u0119, kt\u00f3ra pozwala mi dawa\u0107 cenne wskaz\u00f3wki w zakresie np. optymalizacji oferty noclegowej. <\/p>\n\n\n\n<h2 class=\"wp-block-heading\">Moje artyku\u0142y<\/h2>\n\n\n\n<ul><li><a href=\"https:\/\/www.noclegowo.pl\/przewodnik\/social-media-obiektu-noclegowego-czyli-jak-prowadzic-je-dobrze\/\">Social media obiektu noclegowego, czyli jak prowadzi\u0107 je dobrze?<\/a><\/li><li><a href=\"https:\/\/www.noclegowo.pl\/przewodnik\/jak-radzic-sobie-z-overbookingiem\/\">Overbooking \u2013 co to jest i jak sobie z nim radzi\u0107?<\/a><\/li><li><a href=\"https:\/\/www.noclegowo.pl\/przewodnik\/opinie-gosci-czyli-co-moge-poprawic-w-swoim-obiekcie\/\">Negatywne opinie, czyli na co najcz\u0119\u015bciej narzekaj\u0105 go\u015bcie i jak si\u0119 przed tym ustrzec?<\/a><\/li><li><a href=\"https:\/\/www.noclegowo.pl\/przewodnik\/jak-ustalic-cene-za-nocleg\/\">Jak ustali\u0107 cen\u0119 za nocleg? Porady na pocz\u0105tek biznesu<\/a><\/li><\/ul>\n\n\n\n<div class=\"wp-block-ugb-cta ugb-cta ugb--background-opacity-5 ugb--shadow-9\" style=\"border-radius:50px\"><div class=\"ugb-content-wrapper\"><h3 class=\"ugb-cta__title\">Wi\u0119cej artyku\u0142\u00f3w Zuzanny<\/h3><div><a class=\"ugb-button ugb-button--align-center ugb-button--size-normal\" href=\"https:\/\/www.noclegowo.pl\/przewodnik\/author\/Zuzanna\/\" style=\"border-radius:4px;background-color:#2ecc71;color:#eeeeee\"><span class=\"ugb-button--inner\" style=\"color:#eeeeee\">Zobacz<\/span><\/a><\/div><\/div><\/div>\n","protected":false},"excerpt":{"rendered":"<p>Troch\u0119 o mnie Aktualnie jestem studentk\u0105 3 roku Ekonomii na Uniwersytecie \u0141\u00f3dzkim. Nie lubi\u0119 nudy, wi\u0119c na bie\u017c\u0105co staram si\u0119 wymy\u015bla\u0107 sobie nowe cele i je realizowa\u0107. W spo\u0142eczno\u015bci akademickiej koordynowa\u0142am m.in projekty charytatywne, dzia\u0142aj\u0105c w Studenckim Kole Naukowym Inwestor. Prywatnie moj\u0105 pasj\u0105 jest taniec oraz makija\u017c. Kr\u00f3tko m\u00f3wi\u0105c, lubi\u0119 wszystko co jest kreatywne &#8211;&#8230;<a class=\"excerpt-read-more\" href=\"https:\/\/www.noclegowo.pl\/przewodnik\/zuzanna-maciejewska\/\" title=\"Read Zuzanna Maciejewska\">read more<\/a><\/p>\n","protected":false},"author":22,"featured_media":0,"parent":0,"menu_order":0,"comment_status":"closed","ping_status":"closed","template":"template-fullwidth.php","meta":[],"yoast_head":"<!-- This site is optimized with the Yoast SEO plugin v17.8 - https:\/\/yoast.com\/wordpress\/plugins\/seo\/ -->\n<title>Zuzanna Maciejewska - Blog Noclegowo\u00ae<\/title>\n<meta name=\"robots\" content=\"index, follow, max-snippet:-1, max-image-preview:large, max-video-preview:-1\" \/>\n<link rel=\"canonical\" href=\"https:\/\/www.noclegowo.pl\/przewodnik\/zuzanna-maciejewska\/\" \/>\n<meta property=\"og:locale\" content=\"pl_PL\" \/>\n<meta property=\"og:type\" content=\"article\" \/>\n<meta property=\"og:title\" content=\"Zuzanna Maciejewska - Blog Noclegowo\u00ae\" \/>\n<meta property=\"og:description\" content=\"Troch\u0119 o mnie Aktualnie jestem studentk\u0105 3 roku Ekonomii na Uniwersytecie \u0141\u00f3dzkim. Nie lubi\u0119 nudy, wi\u0119c na bie\u017c\u0105co staram si\u0119 wymy\u015bla\u0107 sobie nowe cele i je realizowa\u0107. W spo\u0142eczno\u015bci akademickiej koordynowa\u0142am m.in projekty charytatywne, dzia\u0142aj\u0105c w Studenckim Kole Naukowym Inwestor. Prywatnie moj\u0105 pasj\u0105 jest taniec oraz makija\u017c. Kr\u00f3tko m\u00f3wi\u0105c, lubi\u0119 wszystko co jest kreatywne &#8211;...read more\" \/>\n<meta property=\"og:url\" content=\"https:\/\/www.noclegowo.pl\/przewodnik\/zuzanna-maciejewska\/\" \/>\n<meta property=\"og:site_name\" content=\"Blog Noclegowo\u00ae\" \/>\n<meta property=\"article:publisher\" content=\"https:\/\/www.facebook.com\/Noclegowo\/\" \/>\n<meta property=\"article:modified_time\" content=\"2020-12-12T17:05:47+00:00\" \/>\n<meta property=\"og:image\" content=\"https:\/\/www.noclegowo.pl\/przewodnik\/wp-content\/uploads\/zuza.jpg\" \/>\n<meta name=\"twitter:card\" content=\"summary_large_image\" \/>\n<meta name=\"twitter:label1\" content=\"Est. reading time\" \/>\n\t<meta name=\"twitter:data1\" content=\"1 minuta\" \/>\n<script type=\"application\/ld+json\" class=\"yoast-schema-graph\">{\"@context\":\"https:\/\/schema.org\",\"@graph\":[{\"@type\":\"Organization\",\"@id\":\"https:\/\/www.noclegowo.pl\/przewodnik\/#organization\",\"name\":\"Noclegowo\",\"url\":\"https:\/\/www.noclegowo.pl\/przewodnik\/\",\"sameAs\":[\"https:\/\/www.facebook.com\/Noclegowo\/\"],\"logo\":{\"@type\":\"ImageObject\",\"@id\":\"https:\/\/www.noclegowo.pl\/przewodnik\/#logo\",\"inLanguage\":\"pl-PL\",\"url\":\"https:\/\/www.noclegowo.pl\/przewodnik\/wp-content\/uploads\/2018\/05\/LOGO-GREEN.jpg\",\"contentUrl\":\"https:\/\/www.noclegowo.pl\/przewodnik\/wp-content\/uploads\/2018\/05\/LOGO-GREEN.jpg\",\"width\":1028,\"height\":320,\"caption\":\"Noclegowo\"},\"image\":{\"@id\":\"https:\/\/www.noclegowo.pl\/przewodnik\/#logo\"}},{\"@type\":\"WebSite\",\"@id\":\"https:\/\/www.noclegowo.pl\/przewodnik\/#website\",\"url\":\"https:\/\/www.noclegowo.pl\/przewodnik\/\",\"name\":\"Blog Noclegowo\\u00ae\",\"description\":\"Przewodniki turystyczne, porady dla wynajmuj\\u0105cych\",\"publisher\":{\"@id\":\"https:\/\/www.noclegowo.pl\/przewodnik\/#organization\"},\"potentialAction\":[{\"@type\":\"SearchAction\",\"target\":{\"@type\":\"EntryPoint\",\"urlTemplate\":\"https:\/\/www.noclegowo.pl\/przewodnik\/?s={search_term_string}\"},\"query-input\":\"required name=search_term_string\"}],\"inLanguage\":\"pl-PL\"},{\"@type\":\"ImageObject\",\"@id\":\"https:\/\/www.noclegowo.pl\/przewodnik\/zuzanna-maciejewska\/#primaryimage\",\"inLanguage\":\"pl-PL\",\"url\":\"https:\/\/www.noclegowo.pl\/przewodnik\/wp-content\/uploads\/zuza.jpg\",\"contentUrl\":\"https:\/\/www.noclegowo.pl\/przewodnik\/wp-content\/uploads\/zuza.jpg\",\"width\":494,\"height\":507},{\"@type\":\"WebPage\",\"@id\":\"https:\/\/www.noclegowo.pl\/przewodnik\/zuzanna-maciejewska\/#webpage\",\"url\":\"https:\/\/www.noclegowo.pl\/przewodnik\/zuzanna-maciejewska\/\",\"name\":\"Zuzanna Maciejewska - Blog Noclegowo\\u00ae\",\"isPartOf\":{\"@id\":\"https:\/\/www.noclegowo.pl\/przewodnik\/#website\"},\"primaryImageOfPage\":{\"@id\":\"https:\/\/www.noclegowo.pl\/przewodnik\/zuzanna-maciejewska\/#primaryimage\"},\"datePublished\":\"2019-10-15T11:04:21+00:00\",\"dateModified\":\"2020-12-12T17:05:47+00:00\",\"breadcrumb\":{\"@id\":\"https:\/\/www.noclegowo.pl\/przewodnik\/zuzanna-maciejewska\/#breadcrumb\"},\"inLanguage\":\"pl-PL\",\"potentialAction\":[{\"@type\":\"ReadAction\",\"target\":[\"https:\/\/www.noclegowo.pl\/przewodnik\/zuzanna-maciejewska\/\"]}]},{\"@type\":\"BreadcrumbList\",\"@id\":\"https:\/\/www.noclegowo.pl\/przewodnik\/zuzanna-maciejewska\/#breadcrumb\",\"itemListElement\":[{\"@type\":\"ListItem\",\"position\":1,\"name\":\"Home\",\"item\":\"https:\/\/www.noclegowo.pl\/przewodnik\/\"},{\"@type\":\"ListItem\",\"position\":2,\"name\":\"Zuzanna Maciejewska\"}]}]}<\/script>\n<!-- \/ Yoast SEO plugin. -->","yoast_head_json":{"title":"Zuzanna Maciejewska - Blog Noclegowo\u00ae","robots":{"index":"index","follow":"follow","max-snippet":"max-snippet:-1","max-image-preview":"max-image-preview:large","max-video-preview":"max-video-preview:-1"},"canonical":"https:\/\/www.noclegowo.pl\/przewodnik\/zuzanna-maciejewska\/","og_locale":"pl_PL","og_type":"article","og_title":"Zuzanna Maciejewska - Blog Noclegowo\u00ae","og_description":"Troch\u0119 o mnie Aktualnie jestem studentk\u0105 3 roku Ekonomii na Uniwersytecie \u0141\u00f3dzkim. Nie lubi\u0119 nudy, wi\u0119c na bie\u017c\u0105co staram si\u0119 wymy\u015bla\u0107 sobie nowe cele i je realizowa\u0107. W spo\u0142eczno\u015bci akademickiej koordynowa\u0142am m.in projekty charytatywne, dzia\u0142aj\u0105c w Studenckim Kole Naukowym Inwestor. Prywatnie moj\u0105 pasj\u0105 jest taniec oraz makija\u017c. Kr\u00f3tko m\u00f3wi\u0105c, lubi\u0119 wszystko co jest kreatywne &#8211;...read more","og_url":"https:\/\/www.noclegowo.pl\/przewodnik\/zuzanna-maciejewska\/","og_site_name":"Blog Noclegowo\u00ae","article_publisher":"https:\/\/www.facebook.com\/Noclegowo\/","article_modified_time":"2020-12-12T17:05:47+00:00","og_image":[{"url":"https:\/\/www.noclegowo.pl\/przewodnik\/wp-content\/uploads\/zuza.jpg"}],"twitter_card":"summary_large_image","twitter_misc":{"Est. reading time":"1 minuta"},"schema":{"@context":"https:\/\/schema.org","@graph":[{"@type":"Organization","@id":"https:\/\/www.noclegowo.pl\/przewodnik\/#organization","name":"Noclegowo","url":"https:\/\/www.noclegowo.pl\/przewodnik\/","sameAs":["https:\/\/www.facebook.com\/Noclegowo\/"],"logo":{"@type":"ImageObject","@id":"https:\/\/www.noclegowo.pl\/przewodnik\/#logo","inLanguage":"pl-PL","url":"https:\/\/www.noclegowo.pl\/przewodnik\/wp-content\/uploads\/2018\/05\/LOGO-GREEN.jpg","contentUrl":"https:\/\/www.noclegowo.pl\/przewodnik\/wp-content\/uploads\/2018\/05\/LOGO-GREEN.jpg","width":1028,"height":320,"caption":"Noclegowo"},"image":{"@id":"https:\/\/www.noclegowo.pl\/przewodnik\/#logo"}},{"@type":"WebSite","@id":"https:\/\/www.noclegowo.pl\/przewodnik\/#website","url":"https:\/\/www.noclegowo.pl\/przewodnik\/","name":"Blog Noclegowo\u00ae","description":"Przewodniki turystyczne, porady dla wynajmuj\u0105cych","publisher":{"@id":"https:\/\/www.noclegowo.pl\/przewodnik\/#organization"},"potentialAction":[{"@type":"SearchAction","target":{"@type":"EntryPoint","urlTemplate":"https:\/\/www.noclegowo.pl\/przewodnik\/?s={search_term_string}"},"query-input":"required name=search_term_string"}],"inLanguage":"pl-PL"},{"@type":"ImageObject","@id":"https:\/\/www.noclegowo.pl\/przewodnik\/zuzanna-maciejewska\/#primaryimage","inLanguage":"pl-PL","url":"https:\/\/www.noclegowo.pl\/przewodnik\/wp-content\/uploads\/zuza.jpg","contentUrl":"https:\/\/www.noclegowo.pl\/przewodnik\/wp-content\/uploads\/zuza.jpg","width":494,"height":507},{"@type":"WebPage","@id":"https:\/\/www.noclegowo.pl\/przewodnik\/zuzanna-maciejewska\/#webpage","url":"https:\/\/www.noclegowo.pl\/przewodnik\/zuzanna-maciejewska\/","name":"Zuzanna Maciejewska - Blog Noclegowo\u00ae","isPartOf":{"@id":"https:\/\/www.noclegowo.pl\/przewodnik\/#website"},"primaryImageOfPage":{"@id":"https:\/\/www.noclegowo.pl\/przewodnik\/zuzanna-maciejewska\/#primaryimage"},"datePublished":"2019-10-15T11:04:21+00:00","dateModified":"2020-12-12T17:05:47+00:00","breadcrumb":{"@id":"https:\/\/www.noclegowo.pl\/przewodnik\/zuzanna-maciejewska\/#breadcrumb"},"inLanguage":"pl-PL","potentialAction":[{"@type":"ReadAction","target":["https:\/\/www.noclegowo.pl\/przewodnik\/zuzanna-maciejewska\/"]}]},{"@type":"BreadcrumbList","@id":"https:\/\/www.noclegowo.pl\/przewodnik\/zuzanna-maciejewska\/#breadcrumb","itemListElement":[{"@type":"ListItem","position":1,"name":"Home","item":"https:\/\/www.noclegowo.pl\/przewodnik\/"},{"@type":"ListItem","position":2,"name":"Zuzanna Maciejewska"}]}]}},"_links":{"self":[{"href":"https:\/\/www.noclegowo.pl\/przewodnik\/wp-json\/wp\/v2\/pages\/14183"}],"collection":[{"href":"https:\/\/www.noclegowo.pl\/przewodnik\/wp-json\/wp\/v2\/pages"}],"about":[{"href":"https:\/\/www.noclegowo.pl\/przewodnik\/wp-json\/wp\/v2\/types\/page"}],"author":[{"embeddable":true,"href":"https:\/\/www.noclegowo.pl\/przewodnik\/wp-json\/wp\/v2\/users\/22"}],"replies":[{"embeddable":true,"href":"https:\/\/www.noclegowo.pl\/przewodnik\/wp-json\/wp\/v2\/comments?post=14183"}],"version-history":[{"count":8,"href":"https:\/\/www.noclegowo.pl\/przewodnik\/wp-json\/wp\/v2\/pages\/14183\/revisions"}],"predecessor-version":[{"id":14227,"href":"https:\/\/www.noclegowo.pl\/przewodnik\/wp-json\/wp\/v2\/pages\/14183\/revisions\/14227"}],"wp:attachment":[{"href":"https:\/\/www.noclegowo.pl\/przewodnik\/wp-json\/wp\/v2\/media?parent=14183"}],"curies":[{"name":"wp","href":"https:\/\/api.w.org\/{rel}","templated":true}]}}