{"id":14151,"date":"2019-10-15T11:04:45","date_gmt":"2019-10-15T09:04:45","guid":{"rendered":"https:\/\/www.noclegowo.pl\/przewodnik\/?page_id=14151"},"modified":"2021-09-27T13:17:46","modified_gmt":"2021-09-27T11:17:46","slug":"julia-rog","status":"publish","type":"page","link":"https:\/\/www.noclegowo.pl\/przewodnik\/julia-rog\/","title":{"rendered":"Julia R\u00f3g"},"content":{"rendered":"\n<p><\/p>\n\n\n\n<p><\/p>\n\n\n\n<figure class=\"wp-block-image\"><img decoding=\"async\" loading=\"lazy\" width=\"494\" height=\"509\" src=\"https:\/\/www.noclegowo.pl\/przewodnik\/wp-content\/uploads\/julia_zdj.jpg\" alt=\"\" class=\"wp-image-14152\" srcset=\"https:\/\/www.noclegowo.pl\/przewodnik\/wp-content\/uploads\/julia_zdj.jpg 494w, https:\/\/www.noclegowo.pl\/przewodnik\/wp-content\/uploads\/julia_zdj-291x300.jpg 291w\" sizes=\"(max-width: 494px) 100vw, 494px\" \/><\/figure>\n\n\n\n<h2 class=\"wp-block-heading\"><strong>Troch\u0119 o mnie <\/strong><\/h2>\n\n\n\n<p>Jestem studentk\u0105 Psychologii na Uniwersytecie \u0141\u00f3dzkim i nieustannie rozwijam kompetencje w sferze psychologii biznesu. W spo\u0142eczno\u015bci akademickiej dzia\u0142am w obszarze doradztwa zawodowego oraz PR w Studenckim Biurze Karier &#8222;Profil&#8221;. Pe\u0142ni\u0119 rol\u0119 trenera prowadz\u0105c warsztaty z zakresu kompetencji mi\u0119kkich. Interesuj\u0119 si\u0119 psychologi\u0105 marketingu i reklamy. W Noclegowo wykorzystuj\u0119 swe kompetencje zajmuj\u0105c si\u0119 content marketingiem. Unikatowe artyku\u0142y podr\u00f3\u017cnicze i niebanalne wyjazdowe propozycje to moje priorytety.  <\/p>\n\n\n\n<h2 class=\"wp-block-heading\">Moje artyku\u0142y <\/h2>\n\n\n\n<ul><li><a href=\"https:\/\/www.noclegowo.pl\/przewodnik\/gdzie-jechac-jesienia-miejsca-na-wrzesniowe-weekendy\/\">Gdzie jecha\u0107 jesieni\u0105? Miejsca na wrze\u015bniowe weekendy.<\/a><\/li><li><a href=\"http:\/\/Miejsca dla wielbicieli basen\u00f3w, saun i term.\">Miejsca dla wielbicieli basen\u00f3w, saun i term.<\/a><\/li><li><a href=\"http:\/\/Gdzie pojecha\u0107 na wakacje z dzie\u0107mi? G\u00f3rskie propozycje.\">Gdzie pojecha\u0107 na wakacje z dzie\u0107mi? G\u00f3rskie propozycje.<\/a><\/li><li><a href=\"https:\/\/www.noclegowo.pl\/przewodnik\/spokojne-miejscowosci-nad-baltykiem-top-5-miejsc-w-sielskim-stylu\/\">Spokojne miejscowo\u015bci nad Ba\u0142tykiem. Top 5 miejsc w sielskim stylu.<\/a> <\/li><\/ul>\n\n\n\n<div class=\"wp-block-ugb-cta ugb-cta ugb--background-opacity-5 ugb--shadow-9\" style=\"border-radius:50px\"><div class=\"ugb-content-wrapper\"><h3 class=\"ugb-cta__title\">Wi\u0119cej artyku\u0142\u00f3w Julii<\/h3><div><a class=\"ugb-button ugb-button--align-center ugb-button--size-normal\" href=\"https:\/\/www.noclegowo.pl\/przewodnik\/author\/Julia\/\" style=\"border-radius:4px;background-color:#2ecc71\"><span class=\"ugb-button--inner\">Zobacz<\/span><\/a><\/div><\/div><\/div>\n","protected":false},"excerpt":{"rendered":"<p>Troch\u0119 o mnie Jestem studentk\u0105 Psychologii na Uniwersytecie \u0141\u00f3dzkim i nieustannie rozwijam kompetencje w sferze psychologii biznesu. W spo\u0142eczno\u015bci akademickiej dzia\u0142am w obszarze doradztwa zawodowego oraz PR w Studenckim Biurze Karier &#8222;Profil&#8221;. Pe\u0142ni\u0119 rol\u0119 trenera prowadz\u0105c warsztaty z zakresu kompetencji mi\u0119kkich. Interesuj\u0119 si\u0119 psychologi\u0105 marketingu i reklamy. W Noclegowo wykorzystuj\u0119 swe kompetencje zajmuj\u0105c si\u0119 content&#8230;<a class=\"excerpt-read-more\" href=\"https:\/\/www.noclegowo.pl\/przewodnik\/julia-rog\/\" title=\"Read Julia R\u00f3g\">read more<\/a><\/p>\n","protected":false},"author":22,"featured_media":0,"parent":0,"menu_order":0,"comment_status":"closed","ping_status":"closed","template":"template-fullwidth.php","meta":[],"yoast_head":"<!-- This site is optimized with the Yoast SEO plugin v17.8 - https:\/\/yoast.com\/wordpress\/plugins\/seo\/ -->\n<title>Julia R\u00f3g - Blog Noclegowo\u00ae<\/title>\n<meta name=\"robots\" content=\"index, follow, max-snippet:-1, max-image-preview:large, max-video-preview:-1\" \/>\n<link rel=\"canonical\" href=\"https:\/\/www.noclegowo.pl\/przewodnik\/julia-rog\/\" \/>\n<meta property=\"og:locale\" content=\"pl_PL\" \/>\n<meta property=\"og:type\" content=\"article\" \/>\n<meta property=\"og:title\" content=\"Julia R\u00f3g - Blog Noclegowo\u00ae\" \/>\n<meta property=\"og:description\" content=\"Troch\u0119 o mnie Jestem studentk\u0105 Psychologii na Uniwersytecie \u0141\u00f3dzkim i nieustannie rozwijam kompetencje w sferze psychologii biznesu. W spo\u0142eczno\u015bci akademickiej dzia\u0142am w obszarze doradztwa zawodowego oraz PR w Studenckim Biurze Karier &#8222;Profil&#8221;. Pe\u0142ni\u0119 rol\u0119 trenera prowadz\u0105c warsztaty z zakresu kompetencji mi\u0119kkich. Interesuj\u0119 si\u0119 psychologi\u0105 marketingu i reklamy. W Noclegowo wykorzystuj\u0119 swe kompetencje zajmuj\u0105c si\u0119 content...read more\" \/>\n<meta property=\"og:url\" content=\"https:\/\/www.noclegowo.pl\/przewodnik\/julia-rog\/\" \/>\n<meta property=\"og:site_name\" content=\"Blog Noclegowo\u00ae\" \/>\n<meta property=\"article:publisher\" content=\"https:\/\/www.facebook.com\/Noclegowo\/\" \/>\n<meta property=\"article:modified_time\" content=\"2021-09-27T11:17:46+00:00\" \/>\n<meta property=\"og:image\" content=\"https:\/\/www.noclegowo.pl\/przewodnik\/wp-content\/uploads\/julia_zdj.jpg\" \/>\n<meta name=\"twitter:card\" content=\"summary_large_image\" \/>\n<meta name=\"twitter:label1\" content=\"Est. reading time\" \/>\n\t<meta name=\"twitter:data1\" content=\"1 minuta\" \/>\n<script type=\"application\/ld+json\" class=\"yoast-schema-graph\">{\"@context\":\"https:\/\/schema.org\",\"@graph\":[{\"@type\":\"Organization\",\"@id\":\"https:\/\/www.noclegowo.pl\/przewodnik\/#organization\",\"name\":\"Noclegowo\",\"url\":\"https:\/\/www.noclegowo.pl\/przewodnik\/\",\"sameAs\":[\"https:\/\/www.facebook.com\/Noclegowo\/\"],\"logo\":{\"@type\":\"ImageObject\",\"@id\":\"https:\/\/www.noclegowo.pl\/przewodnik\/#logo\",\"inLanguage\":\"pl-PL\",\"url\":\"https:\/\/www.noclegowo.pl\/przewodnik\/wp-content\/uploads\/2018\/05\/LOGO-GREEN.jpg\",\"contentUrl\":\"https:\/\/www.noclegowo.pl\/przewodnik\/wp-content\/uploads\/2018\/05\/LOGO-GREEN.jpg\",\"width\":1028,\"height\":320,\"caption\":\"Noclegowo\"},\"image\":{\"@id\":\"https:\/\/www.noclegowo.pl\/przewodnik\/#logo\"}},{\"@type\":\"WebSite\",\"@id\":\"https:\/\/www.noclegowo.pl\/przewodnik\/#website\",\"url\":\"https:\/\/www.noclegowo.pl\/przewodnik\/\",\"name\":\"Blog Noclegowo\\u00ae\",\"description\":\"Przewodniki turystyczne, porady dla wynajmuj\\u0105cych\",\"publisher\":{\"@id\":\"https:\/\/www.noclegowo.pl\/przewodnik\/#organization\"},\"potentialAction\":[{\"@type\":\"SearchAction\",\"target\":{\"@type\":\"EntryPoint\",\"urlTemplate\":\"https:\/\/www.noclegowo.pl\/przewodnik\/?s={search_term_string}\"},\"query-input\":\"required name=search_term_string\"}],\"inLanguage\":\"pl-PL\"},{\"@type\":\"ImageObject\",\"@id\":\"https:\/\/www.noclegowo.pl\/przewodnik\/julia-rog\/#primaryimage\",\"inLanguage\":\"pl-PL\",\"url\":\"https:\/\/www.noclegowo.pl\/przewodnik\/wp-content\/uploads\/julia_zdj.jpg\",\"contentUrl\":\"https:\/\/www.noclegowo.pl\/przewodnik\/wp-content\/uploads\/julia_zdj.jpg\",\"width\":494,\"height\":509},{\"@type\":\"WebPage\",\"@id\":\"https:\/\/www.noclegowo.pl\/przewodnik\/julia-rog\/#webpage\",\"url\":\"https:\/\/www.noclegowo.pl\/przewodnik\/julia-rog\/\",\"name\":\"Julia R\\u00f3g - Blog Noclegowo\\u00ae\",\"isPartOf\":{\"@id\":\"https:\/\/www.noclegowo.pl\/przewodnik\/#website\"},\"primaryImageOfPage\":{\"@id\":\"https:\/\/www.noclegowo.pl\/przewodnik\/julia-rog\/#primaryimage\"},\"datePublished\":\"2019-10-15T09:04:45+00:00\",\"dateModified\":\"2021-09-27T11:17:46+00:00\",\"breadcrumb\":{\"@id\":\"https:\/\/www.noclegowo.pl\/przewodnik\/julia-rog\/#breadcrumb\"},\"inLanguage\":\"pl-PL\",\"potentialAction\":[{\"@type\":\"ReadAction\",\"target\":[\"https:\/\/www.noclegowo.pl\/przewodnik\/julia-rog\/\"]}]},{\"@type\":\"BreadcrumbList\",\"@id\":\"https:\/\/www.noclegowo.pl\/przewodnik\/julia-rog\/#breadcrumb\",\"itemListElement\":[{\"@type\":\"ListItem\",\"position\":1,\"name\":\"Home\",\"item\":\"https:\/\/www.noclegowo.pl\/przewodnik\/\"},{\"@type\":\"ListItem\",\"position\":2,\"name\":\"Julia R\\u00f3g\"}]}]}<\/script>\n<!-- \/ Yoast SEO plugin. -->","yoast_head_json":{"title":"Julia R\u00f3g - Blog Noclegowo\u00ae","robots":{"index":"index","follow":"follow","max-snippet":"max-snippet:-1","max-image-preview":"max-image-preview:large","max-video-preview":"max-video-preview:-1"},"canonical":"https:\/\/www.noclegowo.pl\/przewodnik\/julia-rog\/","og_locale":"pl_PL","og_type":"article","og_title":"Julia R\u00f3g - Blog Noclegowo\u00ae","og_description":"Troch\u0119 o mnie Jestem studentk\u0105 Psychologii na Uniwersytecie \u0141\u00f3dzkim i nieustannie rozwijam kompetencje w sferze psychologii biznesu. W spo\u0142eczno\u015bci akademickiej dzia\u0142am w obszarze doradztwa zawodowego oraz PR w Studenckim Biurze Karier &#8222;Profil&#8221;. Pe\u0142ni\u0119 rol\u0119 trenera prowadz\u0105c warsztaty z zakresu kompetencji mi\u0119kkich. Interesuj\u0119 si\u0119 psychologi\u0105 marketingu i reklamy. W Noclegowo wykorzystuj\u0119 swe kompetencje zajmuj\u0105c si\u0119 content...read more","og_url":"https:\/\/www.noclegowo.pl\/przewodnik\/julia-rog\/","og_site_name":"Blog Noclegowo\u00ae","article_publisher":"https:\/\/www.facebook.com\/Noclegowo\/","article_modified_time":"2021-09-27T11:17:46+00:00","og_image":[{"url":"https:\/\/www.noclegowo.pl\/przewodnik\/wp-content\/uploads\/julia_zdj.jpg"}],"twitter_card":"summary_large_image","twitter_misc":{"Est. reading time":"1 minuta"},"schema":{"@context":"https:\/\/schema.org","@graph":[{"@type":"Organization","@id":"https:\/\/www.noclegowo.pl\/przewodnik\/#organization","name":"Noclegowo","url":"https:\/\/www.noclegowo.pl\/przewodnik\/","sameAs":["https:\/\/www.facebook.com\/Noclegowo\/"],"logo":{"@type":"ImageObject","@id":"https:\/\/www.noclegowo.pl\/przewodnik\/#logo","inLanguage":"pl-PL","url":"https:\/\/www.noclegowo.pl\/przewodnik\/wp-content\/uploads\/2018\/05\/LOGO-GREEN.jpg","contentUrl":"https:\/\/www.noclegowo.pl\/przewodnik\/wp-content\/uploads\/2018\/05\/LOGO-GREEN.jpg","width":1028,"height":320,"caption":"Noclegowo"},"image":{"@id":"https:\/\/www.noclegowo.pl\/przewodnik\/#logo"}},{"@type":"WebSite","@id":"https:\/\/www.noclegowo.pl\/przewodnik\/#website","url":"https:\/\/www.noclegowo.pl\/przewodnik\/","name":"Blog Noclegowo\u00ae","description":"Przewodniki turystyczne, porady dla wynajmuj\u0105cych","publisher":{"@id":"https:\/\/www.noclegowo.pl\/przewodnik\/#organization"},"potentialAction":[{"@type":"SearchAction","target":{"@type":"EntryPoint","urlTemplate":"https:\/\/www.noclegowo.pl\/przewodnik\/?s={search_term_string}"},"query-input":"required name=search_term_string"}],"inLanguage":"pl-PL"},{"@type":"ImageObject","@id":"https:\/\/www.noclegowo.pl\/przewodnik\/julia-rog\/#primaryimage","inLanguage":"pl-PL","url":"https:\/\/www.noclegowo.pl\/przewodnik\/wp-content\/uploads\/julia_zdj.jpg","contentUrl":"https:\/\/www.noclegowo.pl\/przewodnik\/wp-content\/uploads\/julia_zdj.jpg","width":494,"height":509},{"@type":"WebPage","@id":"https:\/\/www.noclegowo.pl\/przewodnik\/julia-rog\/#webpage","url":"https:\/\/www.noclegowo.pl\/przewodnik\/julia-rog\/","name":"Julia R\u00f3g - Blog Noclegowo\u00ae","isPartOf":{"@id":"https:\/\/www.noclegowo.pl\/przewodnik\/#website"},"primaryImageOfPage":{"@id":"https:\/\/www.noclegowo.pl\/przewodnik\/julia-rog\/#primaryimage"},"datePublished":"2019-10-15T09:04:45+00:00","dateModified":"2021-09-27T11:17:46+00:00","breadcrumb":{"@id":"https:\/\/www.noclegowo.pl\/przewodnik\/julia-rog\/#breadcrumb"},"inLanguage":"pl-PL","potentialAction":[{"@type":"ReadAction","target":["https:\/\/www.noclegowo.pl\/przewodnik\/julia-rog\/"]}]},{"@type":"BreadcrumbList","@id":"https:\/\/www.noclegowo.pl\/przewodnik\/julia-rog\/#breadcrumb","itemListElement":[{"@type":"ListItem","position":1,"name":"Home","item":"https:\/\/www.noclegowo.pl\/przewodnik\/"},{"@type":"ListItem","position":2,"name":"Julia R\u00f3g"}]}]}},"_links":{"self":[{"href":"https:\/\/www.noclegowo.pl\/przewodnik\/wp-json\/wp\/v2\/pages\/14151"}],"collection":[{"href":"https:\/\/www.noclegowo.pl\/przewodnik\/wp-json\/wp\/v2\/pages"}],"about":[{"href":"https:\/\/www.noclegowo.pl\/przewodnik\/wp-json\/wp\/v2\/types\/page"}],"author":[{"embeddable":true,"href":"https:\/\/www.noclegowo.pl\/przewodnik\/wp-json\/wp\/v2\/users\/22"}],"replies":[{"embeddable":true,"href":"https:\/\/www.noclegowo.pl\/przewodnik\/wp-json\/wp\/v2\/comments?post=14151"}],"version-history":[{"count":7,"href":"https:\/\/www.noclegowo.pl\/przewodnik\/wp-json\/wp\/v2\/pages\/14151\/revisions"}],"predecessor-version":[{"id":18288,"href":"https:\/\/www.noclegowo.pl\/przewodnik\/wp-json\/wp\/v2\/pages\/14151\/revisions\/18288"}],"wp:attachment":[{"href":"https:\/\/www.noclegowo.pl\/przewodnik\/wp-json\/wp\/v2\/media?parent=14151"}],"curies":[{"name":"wp","href":"https:\/\/api.w.org\/{rel}","templated":true}]}}