{"id":14146,"date":"2019-10-15T10:46:18","date_gmt":"2019-10-15T08:46:18","guid":{"rendered":"https:\/\/www.noclegowo.pl\/przewodnik\/?page_id=14146"},"modified":"2020-12-29T21:55:51","modified_gmt":"2020-12-29T20:55:51","slug":"mateusz-goliat","status":"publish","type":"page","link":"https:\/\/www.noclegowo.pl\/przewodnik\/mateusz-goliat\/","title":{"rendered":"Mateusz Goliat"},"content":{"rendered":"\n<div class=\"wp-block-image is-style-circle-mask\"><figure class=\"aligncenter size-medium\"><img decoding=\"async\" loading=\"lazy\" width=\"300\" height=\"297\" src=\"https:\/\/www.noclegowo.pl\/przewodnik\/wp-content\/uploads\/Mateusz-Goliat-300x297.jpg\" alt=\"Mateusz Goliat\" class=\"wp-image-15755\" srcset=\"https:\/\/www.noclegowo.pl\/przewodnik\/wp-content\/uploads\/Mateusz-Goliat-300x297.jpg 300w, https:\/\/www.noclegowo.pl\/przewodnik\/wp-content\/uploads\/Mateusz-Goliat-150x150.jpg 150w, https:\/\/www.noclegowo.pl\/przewodnik\/wp-content\/uploads\/Mateusz-Goliat-768x761.jpg 768w, https:\/\/www.noclegowo.pl\/przewodnik\/wp-content\/uploads\/Mateusz-Goliat-600x594.jpg 600w, https:\/\/www.noclegowo.pl\/przewodnik\/wp-content\/uploads\/Mateusz-Goliat.jpg 954w\" sizes=\"(max-width: 300px) 100vw, 300px\" \/><\/figure><\/div>\n\n\n\n<h2 class=\"wp-block-heading\"> O mnie<\/h2>\n\n\n\n<p>Doradzam obiektom noclegowym oraz podmiotom dzia\u0142aj\u0105cym na rynku wynajmu kr\u00f3tkoterminowego w zakresie marketingu internetowego oraz poprawy skuteczno\u015bci oferty. Ch\u0119tnie dziel\u0119 si\u0119 wiedz\u0105 oraz do\u015bwiadczeniem w tym zakresie. W ramach<a href=\"http:\/\/www.noclegowo.tv\"> Noclegow<\/a><a aria-label=\"o (otwiera si\u0119 na nowej zak\u0142adce)\" rel=\"noreferrer noopener\" href=\"http:\/\/www.noclegowo.tv\" target=\"_blank\">o<\/a><a href=\"http:\/\/www.noclegowo.tv\">.tv <\/a>oraz podcastu <a href=\"http:\/\/owynajmiekrotko.pl\">O wynajmie kr\u00f3tko<\/a> prowadz\u0119 rozmowy z ekspertami rynku wynajmu kr\u00f3tkoterminowego, kt\u00f3re dotycz\u0105 zar\u00f3wno marketingu obiektu noclegowego, zarz\u0105dzania biznesem, regulacji prawnych jak i kwestii podatkowych. Od 2006 roku zajmuj\u0119 si\u0119 marketingiem internetowym doradzaj\u0105c jako <a href=\"http:\/\/mateuszgoliat.pl\/\" target=\"_blank\" rel=\"noreferrer noopener\">konsultant SEO<\/a>, reklamy Google oraz analityki internetowej. <\/p>\n\n\n\n<p>Jazd\u0119 na rowerze traktuj\u0119 zar\u00f3wno jako ulubion\u0105 aktywno\u015b\u0107 fizyczn\u0105, rozrywk\u0119 oraz \u015brodek komunikacji.<\/p>\n\n\n\n<h2 class=\"wp-block-heading\">Gdzie mo\u017cna by\u0142o mnie spotka\u0107?<\/h2>\n\n\n\n<ul><li><strong>27 czerwca 2019 <\/strong><br>Prelegent<strong> Travel Camp &#8211; 31 Spotkania Marketingu z Turystyk\u0105 i Hotelarstwem. <\/strong><br><\/li><li><strong>25 maja 2019 <\/strong><br>Prelegent <strong>V Kr\u00f3tkiej Konferencji &#8211; Wynajem Kr\u00f3tkoterminowy<\/strong>. <br><\/li><li><strong>28 marca 2019<\/strong> <br>Panelista <strong>IX Gremium Ekspert\u00f3w Turystyki <\/strong>pt.  &#8222;Najem kr\u00f3tkoterminowy, zachowania turyst\u00f3w, efekty dla miasta\/gminy\/regionu \u2013 bilans zysk\u00f3w i strat. Szansa czy przekle\u0144stwo w\u0142adz miast i gmin turystycznych?&#8221; <\/li><\/ul>\n\n\n\n<h2 class=\"wp-block-heading\">Wywiady w ramach Noclegowo.tv<\/h2>\n\n\n\n<ul><li><a href=\"https:\/\/www.noclegowo.pl\/przewodnik\/podatki-w-wynajmie-krotkoterminowym-grzegorz-grabowski\/\">Jak rozliczy\u0107 podatki w najmie kr\u00f3tkoterminowym?<\/a> &#8211; Grzegorz Grabowski<\/li><li><a href=\"https:\/\/www.noclegowo.pl\/przewodnik\/home-staging-jak-przygotowac-apartament-pod-wynajem\/\">Home staging \u2013 jak przygotowa\u0107 apartament pod wynajem?<\/a> &#8211; Klaudia Leszczy\u0144ska<\/li><li><a href=\"https:\/\/www.noclegowo.pl\/przewodnik\/jak-zrobic-idealne-zdjecie-apartamentu-wywiad-z-tomaszem-burconem\/\">Jak zrobi\u0107 idealne zdj\u0119cie apartamentu<\/a>? &#8211; Tomasz Burcon<\/li><li><a href=\"https:\/\/www.noclegowo.pl\/przewodnik\/wynajem-krotkoterminowy-jak-zaczac-i-zautomatyzowac-biznes-wywiad-z-natalia-cieslinska\/\">Jak zacz\u0105\u0107 i zautomatyzowa\u0107 biznes wynajmu kr\u00f3tkoterminowego<\/a>? &#8211; Natalia Cie\u015bli\u0144ska<\/li><li><a href=\"https:\/\/www.noclegowo.pl\/przewodnik\/jak-zmaksymalizowac-zysk-z-wynajmu-krotkoterminowego-wywiad-z-beata-pawlusiewicz\/\">Jak zmaksymalizowa\u0107 zysk z wynajmu kr\u00f3tkoterminowego?<\/a> &#8211; Beata Paw\u0142usiewicz<\/li><\/ul>\n\n\n\n<h2 class=\"wp-block-heading\">Artyku\u0142y mojego autorstwa<\/h2>\n\n\n\n<ul><li><a href=\"https:\/\/www.noclegowo.pl\/przewodnik\/jak-stworzyc-idealna-oferte-noclegowa\/\">Jak stworzy\u0107 idealn\u0105 ofert\u0119 noclegow\u0105<\/a><\/li><li><a href=\"https:\/\/www.noclegowo.pl\/przewodnik\/o-czym-pamietac-przed-rozpoczeciem-kazdego-sezonu\/\">O czym pami\u0119ta\u0107 przed rozpocz\u0119ciem ka\u017cdego sezonu?<\/a><\/li><li><a href=\"https:\/\/www.noclegowo.pl\/przewodnik\/ochrona-wizerunku-obiektu-noclegowego-w-internecie\/\">Ochrona wizerunku obiektu noclegowego w internecie<\/a><\/li><li><a href=\"https:\/\/www.noclegowo.pl\/przewodnik\/czego-nie-lubia-goscie-czego-lepiej-nie-robic\/\">5 sytuacji, w kt\u00f3rych go\u015bcie ci\u0119 nie polubi\u0105<\/a><\/li><li><a href=\"https:\/\/www.noclegowo.pl\/przewodnik\/perspektywy-rozwoju-turystyki-w-polsce\/\">Perspektywy rozwoju turystyki w Polsce<\/a><\/li><\/ul>\n\n\n\n<div class=\"wp-block-ugb-cta ugb-cta ugb-7435e4d ugb-cta ugb-cta--v2 ugb-main-block\" id=\"\"><style>.ugb-7435e4d .ugb-cta__item{border-radius:50px !important}.ugb-7435e4d .ugb-button{background-color:#2ecc71;border-radius:4px !important}.ugb-7435e4d .ugb-button .ugb-button--inner,.ugb-7435e4d .ugb-button svg:not(.ugb-custom-icon){color:#222222 !important}.ugb-7435e4d .ugb-button:before{border-radius:4px !important}<\/style><div class=\"ugb-inner-block\"><div class=\"ugb-block-content\"><div class=\"ugb-cta__item ugb--shadow-9\"><h3 class=\"ugb-cta__title\">Wszystkie artyku\u0142y Mateusza<\/h3><div class=\"ugb-button-container\"><a class=\"ugb-button ugb-button--size-normal\" href=\"https:\/\/www.noclegowo.pl\/przewodnik\/author\/Mateusz\/\" rel=\"\" title=\"\"><span class=\"ugb-button--inner\">Zobacz<\/span><\/a><\/div><\/div><\/div><\/div><\/div>\n","protected":false},"excerpt":{"rendered":"<p>O mnie Doradzam obiektom noclegowym oraz podmiotom dzia\u0142aj\u0105cym na rynku wynajmu kr\u00f3tkoterminowego w zakresie marketingu internetowego oraz poprawy skuteczno\u015bci oferty. Ch\u0119tnie dziel\u0119 si\u0119 wiedz\u0105 oraz do\u015bwiadczeniem w tym zakresie. W ramach Noclegowo.tv oraz podcastu O wynajmie kr\u00f3tko prowadz\u0119 rozmowy z ekspertami rynku wynajmu kr\u00f3tkoterminowego, kt\u00f3re dotycz\u0105 zar\u00f3wno marketingu obiektu noclegowego, zarz\u0105dzania biznesem, regulacji prawnych jak&#8230;<a class=\"excerpt-read-more\" href=\"https:\/\/www.noclegowo.pl\/przewodnik\/mateusz-goliat\/\" title=\"Read Mateusz Goliat\">read more<\/a><\/p>\n","protected":false},"author":22,"featured_media":0,"parent":0,"menu_order":0,"comment_status":"closed","ping_status":"closed","template":"template-fullwidth.php","meta":[],"yoast_head":"<!-- This site is optimized with the Yoast SEO plugin v17.8 - https:\/\/yoast.com\/wordpress\/plugins\/seo\/ -->\n<title>Mateusz Goliat - Blog Noclegowo\u00ae<\/title>\n<meta name=\"robots\" content=\"index, follow, max-snippet:-1, max-image-preview:large, max-video-preview:-1\" \/>\n<link rel=\"canonical\" href=\"https:\/\/www.noclegowo.pl\/przewodnik\/mateusz-goliat\/\" \/>\n<meta property=\"og:locale\" content=\"pl_PL\" \/>\n<meta property=\"og:type\" content=\"article\" \/>\n<meta property=\"og:title\" content=\"Mateusz Goliat - Blog Noclegowo\u00ae\" \/>\n<meta property=\"og:description\" content=\"O mnie Doradzam obiektom noclegowym oraz podmiotom dzia\u0142aj\u0105cym na rynku wynajmu kr\u00f3tkoterminowego w zakresie marketingu internetowego oraz poprawy skuteczno\u015bci oferty. Ch\u0119tnie dziel\u0119 si\u0119 wiedz\u0105 oraz do\u015bwiadczeniem w tym zakresie. W ramach Noclegowo.tv oraz podcastu O wynajmie kr\u00f3tko prowadz\u0119 rozmowy z ekspertami rynku wynajmu kr\u00f3tkoterminowego, kt\u00f3re dotycz\u0105 zar\u00f3wno marketingu obiektu noclegowego, zarz\u0105dzania biznesem, regulacji prawnych jak...read more\" \/>\n<meta property=\"og:url\" content=\"https:\/\/www.noclegowo.pl\/przewodnik\/mateusz-goliat\/\" \/>\n<meta property=\"og:site_name\" content=\"Blog Noclegowo\u00ae\" \/>\n<meta property=\"article:publisher\" content=\"https:\/\/www.facebook.com\/Noclegowo\/\" \/>\n<meta property=\"article:modified_time\" content=\"2020-12-29T20:55:51+00:00\" \/>\n<meta property=\"og:image\" content=\"https:\/\/www.noclegowo.pl\/przewodnik\/wp-content\/uploads\/Mateusz-Goliat-300x297.jpg\" \/>\n<meta name=\"twitter:card\" content=\"summary_large_image\" \/>\n<meta name=\"twitter:label1\" content=\"Est. reading time\" \/>\n\t<meta name=\"twitter:data1\" content=\"1 minuta\" \/>\n<script type=\"application\/ld+json\" class=\"yoast-schema-graph\">{\"@context\":\"https:\/\/schema.org\",\"@graph\":[{\"@type\":\"Organization\",\"@id\":\"https:\/\/www.noclegowo.pl\/przewodnik\/#organization\",\"name\":\"Noclegowo\",\"url\":\"https:\/\/www.noclegowo.pl\/przewodnik\/\",\"sameAs\":[\"https:\/\/www.facebook.com\/Noclegowo\/\"],\"logo\":{\"@type\":\"ImageObject\",\"@id\":\"https:\/\/www.noclegowo.pl\/przewodnik\/#logo\",\"inLanguage\":\"pl-PL\",\"url\":\"https:\/\/www.noclegowo.pl\/przewodnik\/wp-content\/uploads\/2018\/05\/LOGO-GREEN.jpg\",\"contentUrl\":\"https:\/\/www.noclegowo.pl\/przewodnik\/wp-content\/uploads\/2018\/05\/LOGO-GREEN.jpg\",\"width\":1028,\"height\":320,\"caption\":\"Noclegowo\"},\"image\":{\"@id\":\"https:\/\/www.noclegowo.pl\/przewodnik\/#logo\"}},{\"@type\":\"WebSite\",\"@id\":\"https:\/\/www.noclegowo.pl\/przewodnik\/#website\",\"url\":\"https:\/\/www.noclegowo.pl\/przewodnik\/\",\"name\":\"Blog Noclegowo\\u00ae\",\"description\":\"Przewodniki turystyczne, porady dla wynajmuj\\u0105cych\",\"publisher\":{\"@id\":\"https:\/\/www.noclegowo.pl\/przewodnik\/#organization\"},\"potentialAction\":[{\"@type\":\"SearchAction\",\"target\":{\"@type\":\"EntryPoint\",\"urlTemplate\":\"https:\/\/www.noclegowo.pl\/przewodnik\/?s={search_term_string}\"},\"query-input\":\"required name=search_term_string\"}],\"inLanguage\":\"pl-PL\"},{\"@type\":\"ImageObject\",\"@id\":\"https:\/\/www.noclegowo.pl\/przewodnik\/mateusz-goliat\/#primaryimage\",\"inLanguage\":\"pl-PL\",\"url\":\"https:\/\/www.noclegowo.pl\/przewodnik\/wp-content\/uploads\/Mateusz-Goliat.jpg\",\"contentUrl\":\"https:\/\/www.noclegowo.pl\/przewodnik\/wp-content\/uploads\/Mateusz-Goliat.jpg\",\"width\":954,\"height\":945},{\"@type\":\"WebPage\",\"@id\":\"https:\/\/www.noclegowo.pl\/przewodnik\/mateusz-goliat\/#webpage\",\"url\":\"https:\/\/www.noclegowo.pl\/przewodnik\/mateusz-goliat\/\",\"name\":\"Mateusz Goliat - Blog Noclegowo\\u00ae\",\"isPartOf\":{\"@id\":\"https:\/\/www.noclegowo.pl\/przewodnik\/#website\"},\"primaryImageOfPage\":{\"@id\":\"https:\/\/www.noclegowo.pl\/przewodnik\/mateusz-goliat\/#primaryimage\"},\"datePublished\":\"2019-10-15T08:46:18+00:00\",\"dateModified\":\"2020-12-29T20:55:51+00:00\",\"breadcrumb\":{\"@id\":\"https:\/\/www.noclegowo.pl\/przewodnik\/mateusz-goliat\/#breadcrumb\"},\"inLanguage\":\"pl-PL\",\"potentialAction\":[{\"@type\":\"ReadAction\",\"target\":[\"https:\/\/www.noclegowo.pl\/przewodnik\/mateusz-goliat\/\"]}]},{\"@type\":\"BreadcrumbList\",\"@id\":\"https:\/\/www.noclegowo.pl\/przewodnik\/mateusz-goliat\/#breadcrumb\",\"itemListElement\":[{\"@type\":\"ListItem\",\"position\":1,\"name\":\"Home\",\"item\":\"https:\/\/www.noclegowo.pl\/przewodnik\/\"},{\"@type\":\"ListItem\",\"position\":2,\"name\":\"Mateusz Goliat\"}]}]}<\/script>\n<!-- \/ Yoast SEO plugin. -->","yoast_head_json":{"title":"Mateusz Goliat - Blog Noclegowo\u00ae","robots":{"index":"index","follow":"follow","max-snippet":"max-snippet:-1","max-image-preview":"max-image-preview:large","max-video-preview":"max-video-preview:-1"},"canonical":"https:\/\/www.noclegowo.pl\/przewodnik\/mateusz-goliat\/","og_locale":"pl_PL","og_type":"article","og_title":"Mateusz Goliat - Blog Noclegowo\u00ae","og_description":"O mnie Doradzam obiektom noclegowym oraz podmiotom dzia\u0142aj\u0105cym na rynku wynajmu kr\u00f3tkoterminowego w zakresie marketingu internetowego oraz poprawy skuteczno\u015bci oferty. Ch\u0119tnie dziel\u0119 si\u0119 wiedz\u0105 oraz do\u015bwiadczeniem w tym zakresie. W ramach Noclegowo.tv oraz podcastu O wynajmie kr\u00f3tko prowadz\u0119 rozmowy z ekspertami rynku wynajmu kr\u00f3tkoterminowego, kt\u00f3re dotycz\u0105 zar\u00f3wno marketingu obiektu noclegowego, zarz\u0105dzania biznesem, regulacji prawnych jak...read more","og_url":"https:\/\/www.noclegowo.pl\/przewodnik\/mateusz-goliat\/","og_site_name":"Blog Noclegowo\u00ae","article_publisher":"https:\/\/www.facebook.com\/Noclegowo\/","article_modified_time":"2020-12-29T20:55:51+00:00","og_image":[{"url":"https:\/\/www.noclegowo.pl\/przewodnik\/wp-content\/uploads\/Mateusz-Goliat-300x297.jpg"}],"twitter_card":"summary_large_image","twitter_misc":{"Est. reading time":"1 minuta"},"schema":{"@context":"https:\/\/schema.org","@graph":[{"@type":"Organization","@id":"https:\/\/www.noclegowo.pl\/przewodnik\/#organization","name":"Noclegowo","url":"https:\/\/www.noclegowo.pl\/przewodnik\/","sameAs":["https:\/\/www.facebook.com\/Noclegowo\/"],"logo":{"@type":"ImageObject","@id":"https:\/\/www.noclegowo.pl\/przewodnik\/#logo","inLanguage":"pl-PL","url":"https:\/\/www.noclegowo.pl\/przewodnik\/wp-content\/uploads\/2018\/05\/LOGO-GREEN.jpg","contentUrl":"https:\/\/www.noclegowo.pl\/przewodnik\/wp-content\/uploads\/2018\/05\/LOGO-GREEN.jpg","width":1028,"height":320,"caption":"Noclegowo"},"image":{"@id":"https:\/\/www.noclegowo.pl\/przewodnik\/#logo"}},{"@type":"WebSite","@id":"https:\/\/www.noclegowo.pl\/przewodnik\/#website","url":"https:\/\/www.noclegowo.pl\/przewodnik\/","name":"Blog Noclegowo\u00ae","description":"Przewodniki turystyczne, porady dla wynajmuj\u0105cych","publisher":{"@id":"https:\/\/www.noclegowo.pl\/przewodnik\/#organization"},"potentialAction":[{"@type":"SearchAction","target":{"@type":"EntryPoint","urlTemplate":"https:\/\/www.noclegowo.pl\/przewodnik\/?s={search_term_string}"},"query-input":"required name=search_term_string"}],"inLanguage":"pl-PL"},{"@type":"ImageObject","@id":"https:\/\/www.noclegowo.pl\/przewodnik\/mateusz-goliat\/#primaryimage","inLanguage":"pl-PL","url":"https:\/\/www.noclegowo.pl\/przewodnik\/wp-content\/uploads\/Mateusz-Goliat.jpg","contentUrl":"https:\/\/www.noclegowo.pl\/przewodnik\/wp-content\/uploads\/Mateusz-Goliat.jpg","width":954,"height":945},{"@type":"WebPage","@id":"https:\/\/www.noclegowo.pl\/przewodnik\/mateusz-goliat\/#webpage","url":"https:\/\/www.noclegowo.pl\/przewodnik\/mateusz-goliat\/","name":"Mateusz Goliat - Blog Noclegowo\u00ae","isPartOf":{"@id":"https:\/\/www.noclegowo.pl\/przewodnik\/#website"},"primaryImageOfPage":{"@id":"https:\/\/www.noclegowo.pl\/przewodnik\/mateusz-goliat\/#primaryimage"},"datePublished":"2019-10-15T08:46:18+00:00","dateModified":"2020-12-29T20:55:51+00:00","breadcrumb":{"@id":"https:\/\/www.noclegowo.pl\/przewodnik\/mateusz-goliat\/#breadcrumb"},"inLanguage":"pl-PL","potentialAction":[{"@type":"ReadAction","target":["https:\/\/www.noclegowo.pl\/przewodnik\/mateusz-goliat\/"]}]},{"@type":"BreadcrumbList","@id":"https:\/\/www.noclegowo.pl\/przewodnik\/mateusz-goliat\/#breadcrumb","itemListElement":[{"@type":"ListItem","position":1,"name":"Home","item":"https:\/\/www.noclegowo.pl\/przewodnik\/"},{"@type":"ListItem","position":2,"name":"Mateusz Goliat"}]}]}},"_links":{"self":[{"href":"https:\/\/www.noclegowo.pl\/przewodnik\/wp-json\/wp\/v2\/pages\/14146"}],"collection":[{"href":"https:\/\/www.noclegowo.pl\/przewodnik\/wp-json\/wp\/v2\/pages"}],"about":[{"href":"https:\/\/www.noclegowo.pl\/przewodnik\/wp-json\/wp\/v2\/types\/page"}],"author":[{"embeddable":true,"href":"https:\/\/www.noclegowo.pl\/przewodnik\/wp-json\/wp\/v2\/users\/22"}],"replies":[{"embeddable":true,"href":"https:\/\/www.noclegowo.pl\/przewodnik\/wp-json\/wp\/v2\/comments?post=14146"}],"version-history":[{"count":26,"href":"https:\/\/www.noclegowo.pl\/przewodnik\/wp-json\/wp\/v2\/pages\/14146\/revisions"}],"predecessor-version":[{"id":17101,"href":"https:\/\/www.noclegowo.pl\/przewodnik\/wp-json\/wp\/v2\/pages\/14146\/revisions\/17101"}],"wp:attachment":[{"href":"https:\/\/www.noclegowo.pl\/przewodnik\/wp-json\/wp\/v2\/media?parent=14146"}],"curies":[{"name":"wp","href":"https:\/\/api.w.org\/{rel}","templated":true}]}}